{"id":31540,"date":"2022-01-17T11:40:01","date_gmt":"2022-01-17T10:40:01","guid":{"rendered":"https:\/\/www.ludo-vic.com\/?page_id=31540"},"modified":"2022-02-14T16:05:17","modified_gmt":"2022-02-14T15:05:17","slug":"das-team","status":"publish","type":"page","link":"https:\/\/www.ludo-vic.com\/de\/das-team\/","title":{"rendered":"Das Team"},"content":{"rendered":"\t\t<div data-elementor-type=\"wp-page\" data-elementor-id=\"31540\" class=\"elementor elementor-31540\" data-elementor-post-type=\"page\">\n\t\t\t\t\t\t<section class=\"elementor-section elementor-top-section elementor-element elementor-element-cacb41c elementor-section-boxed elementor-section-height-default elementor-section-height-default\" data-id=\"cacb41c\" data-element_type=\"section\">\n\t\t\t\t\t\t<div class=\"elementor-container elementor-column-gap-default\">\n\t\t\t\t\t<div class=\"elementor-column elementor-col-100 elementor-top-column elementor-element elementor-element-35b4db9d\" data-id=\"35b4db9d\" data-element_type=\"column\" data-settings=\"{&quot;background_background&quot;:&quot;classic&quot;}\">\n\t\t\t<div class=\"elementor-widget-wrap elementor-element-populated\">\n\t\t\t\t\t\t<div class=\"elementor-element elementor-element-30c5352e elementor-widget elementor-widget-heading\" data-id=\"30c5352e\" data-element_type=\"widget\" data-widget_type=\"heading.default\">\n\t\t\t\t<div class=\"elementor-widget-container\">\n\t\t\t<h2 class=\"elementor-heading-title elementor-size-default\">\u00dcber den Leiter & Gr\u00fcnder<\/h2>\t\t<\/div>\n\t\t\t\t<\/div>\n\t\t\t\t\t<\/div>\n\t\t<\/div>\n\t\t\t\t\t<\/div>\n\t\t<\/section>\n\t\t\t\t<section class=\"elementor-section elementor-top-section elementor-element elementor-element-10aa09f9 elementor-section-content-middle elementor-section-boxed elementor-section-height-default elementor-section-height-default\" data-id=\"10aa09f9\" data-element_type=\"section\">\n\t\t\t\t\t\t<div class=\"elementor-container elementor-column-gap-default\">\n\t\t\t\t\t<div class=\"elementor-column elementor-col-33 elementor-top-column elementor-element elementor-element-4c4ab0ab\" data-id=\"4c4ab0ab\" data-element_type=\"column\">\n\t\t\t<div class=\"elementor-widget-wrap elementor-element-populated\">\n\t\t\t\t\t\t<div class=\"elementor-element elementor-element-2e6cf2eb elementor-absolute elementor-widget-tablet__width-initial elementor-widget-mobile__width-initial elementor-widget elementor-widget-image\" data-id=\"2e6cf2eb\" data-element_type=\"widget\" data-settings=\"{&quot;_position&quot;:&quot;absolute&quot;}\" data-widget_type=\"image.default\">\n\t\t\t\t<div class=\"elementor-widget-container\">\n\t\t\t\t\t\t\t\t\t\t\t\t\t<img fetchpriority=\"high\" decoding=\"async\" width=\"245\" height=\"327\" src=\"https:\/\/www.ludo-vic.com\/wp-content\/uploads\/2019\/02\/Jack-Amberg-Ludo-Vic.jpg\" class=\"attachment-full size-full wp-image-364\" alt=\"Jack Amberg - Ludo Vic\" srcset=\"https:\/\/www.ludo-vic.com\/wp-content\/uploads\/2019\/02\/Jack-Amberg-Ludo-Vic.jpg 245w, https:\/\/www.ludo-vic.com\/wp-content\/uploads\/2019\/02\/Jack-Amberg-Ludo-Vic-225x300.jpg 225w\" sizes=\"(max-width: 245px) 100vw, 245px\" \/>\t\t\t\t\t\t\t\t\t\t\t\t\t<\/div>\n\t\t\t\t<\/div>\n\t\t\t\t\t<\/div>\n\t\t<\/div>\n\t\t\t\t<div class=\"elementor-column elementor-col-66 elementor-top-column elementor-element elementor-element-2817eab\" data-id=\"2817eab\" data-element_type=\"column\">\n\t\t\t<div class=\"elementor-widget-wrap elementor-element-populated\">\n\t\t\t\t\t\t<div class=\"elementor-element elementor-element-dee68c8 elementor-widget elementor-widget-heading\" data-id=\"dee68c8\" data-element_type=\"widget\" data-widget_type=\"heading.default\">\n\t\t\t\t<div class=\"elementor-widget-container\">\n\t\t\t<h4 class=\"elementor-heading-title elementor-size-medium\">Jack AMBERG<\/h4>\t\t<\/div>\n\t\t\t\t<\/div>\n\t\t\t\t<div class=\"elementor-element elementor-element-77444cf elementor-widget elementor-widget-heading\" data-id=\"77444cf\" data-element_type=\"widget\" data-widget_type=\"heading.default\">\n\t\t\t\t<div class=\"elementor-widget-container\">\n\t\t\t<h4 class=\"elementor-heading-title elementor-size-small\">Gr\u00fcnder, CEO<\/h4>\t\t<\/div>\n\t\t\t\t<\/div>\n\t\t\t\t<div class=\"elementor-element elementor-element-46d86a3d elementor-widget elementor-widget-text-editor\" data-id=\"46d86a3d\" data-element_type=\"widget\" data-widget_type=\"text-editor.default\">\n\t\t\t\t<div class=\"elementor-widget-container\">\n\t\t\t\t\t\t\t<table width=\"1033\"><tbody><tr><td width=\"208\"><p>Jacques-Olivier (Jack) AMBERG,<br \/>Ingenieur f\u00fcr Informatik ENSIMAG 1979,<br \/>MBA in International Finance &#8211; UCLA 1981.<\/p><p>Zwanzig Jahre Erfahrung in der Welt des Headhunting in ganz Europa haben mich von der Wichtigkeit der Kommunikation in mehreren Sprachen \u00fcberzeugt<br \/>&#8222;Ideen haben, aber nicht verstanden werden&#8220; hat schon viele Karrieren gebremst!<br \/>Business Angel seit 20 Jahren.<\/p><p>\u00a0<\/p><\/td><\/tr><\/tbody><\/table>\t\t\t\t\t\t<\/div>\n\t\t\t\t<\/div>\n\t\t\t\t\t<\/div>\n\t\t<\/div>\n\t\t\t\t\t<\/div>\n\t\t<\/section>\n\t\t\t\t<section class=\"elementor-section elementor-top-section elementor-element elementor-element-88ac46a elementor-section-boxed elementor-section-height-default elementor-section-height-default\" data-id=\"88ac46a\" data-element_type=\"section\">\n\t\t\t\t\t\t<div class=\"elementor-container elementor-column-gap-default\">\n\t\t\t\t\t<div class=\"elementor-column elementor-col-100 elementor-top-column elementor-element elementor-element-a622dc8\" data-id=\"a622dc8\" data-element_type=\"column\" data-settings=\"{&quot;background_background&quot;:&quot;classic&quot;}\">\n\t\t\t<div class=\"elementor-widget-wrap elementor-element-populated\">\n\t\t\t\t\t\t<div class=\"elementor-element elementor-element-b3a5e93 elementor-widget elementor-widget-heading\" data-id=\"b3a5e93\" data-element_type=\"widget\" data-widget_type=\"heading.default\">\n\t\t\t\t<div class=\"elementor-widget-container\">\n\t\t\t<h2 class=\"elementor-heading-title elementor-size-default\">Das Team<\/h2>\t\t<\/div>\n\t\t\t\t<\/div>\n\t\t\t\t\t<\/div>\n\t\t<\/div>\n\t\t\t\t\t<\/div>\n\t\t<\/section>\n\t\t\t\t<section class=\"elementor-section elementor-top-section elementor-element elementor-element-7ed44540 elementor-section-height-min-height elementor-section-boxed elementor-section-height-default elementor-section-items-middle\" data-id=\"7ed44540\" data-element_type=\"section\">\n\t\t\t\t\t\t<div class=\"elementor-container elementor-column-gap-default\">\n\t\t\t\t\t<div class=\"elementor-column elementor-col-25 elementor-top-column elementor-element elementor-element-480c1963\" data-id=\"480c1963\" data-element_type=\"column\">\n\t\t\t<div class=\"elementor-widget-wrap elementor-element-populated\">\n\t\t\t\t\t\t<div class=\"elementor-element elementor-element-1f0aba3e elementor-widget elementor-widget-image\" data-id=\"1f0aba3e\" data-element_type=\"widget\" data-widget_type=\"image.default\">\n\t\t\t\t<div class=\"elementor-widget-container\">\n\t\t\t\t\t\t\t\t\t\t\t\t\t<img decoding=\"async\" width=\"150\" height=\"150\" src=\"https:\/\/www.ludo-vic.com\/wp-content\/uploads\/2022\/02\/atef2-150x150.png\" class=\"attachment-thumbnail size-thumbnail wp-image-32611\" alt=\"\" srcset=\"https:\/\/www.ludo-vic.com\/wp-content\/uploads\/2022\/02\/atef2-150x150.png 150w, https:\/\/www.ludo-vic.com\/wp-content\/uploads\/2022\/02\/atef2.png 301w\" sizes=\"(max-width: 150px) 100vw, 150px\" \/>\t\t\t\t\t\t\t\t\t\t\t\t\t<\/div>\n\t\t\t\t<\/div>\n\t\t\t\t<div class=\"elementor-element elementor-element-f058918 elementor-widget elementor-widget-heading\" data-id=\"f058918\" data-element_type=\"widget\" data-widget_type=\"heading.default\">\n\t\t\t\t<div class=\"elementor-widget-container\">\n\t\t\t<h2 class=\"elementor-heading-title elementor-size-default\">Atef Ben Youssef<\/h2>\t\t<\/div>\n\t\t\t\t<\/div>\n\t\t\t\t<div class=\"elementor-element elementor-element-3144040f elementor-widget elementor-widget-text-editor\" data-id=\"3144040f\" data-element_type=\"widget\" data-widget_type=\"text-editor.default\">\n\t\t\t\t<div class=\"elementor-widget-container\">\n\t\t\t\t\t\t\t<p>Verantwortlicher f\u00fcr F&amp;E\u200b<\/p>\t\t\t\t\t\t<\/div>\n\t\t\t\t<\/div>\n\t\t\t\t\t<\/div>\n\t\t<\/div>\n\t\t\t\t<div class=\"elementor-column elementor-col-25 elementor-top-column elementor-element elementor-element-f85045a\" data-id=\"f85045a\" data-element_type=\"column\">\n\t\t\t<div class=\"elementor-widget-wrap elementor-element-populated\">\n\t\t\t\t\t\t<div class=\"elementor-element elementor-element-6b1ec0ad elementor-widget elementor-widget-image\" data-id=\"6b1ec0ad\" data-element_type=\"widget\" data-widget_type=\"image.default\">\n\t\t\t\t<div class=\"elementor-widget-container\">\n\t\t\t\t\t\t\t\t\t\t\t\t\t<img decoding=\"async\" width=\"150\" height=\"150\" src=\"https:\/\/www.ludo-vic.com\/wp-content\/uploads\/2022\/02\/adem2-150x150.png\" class=\"attachment-thumbnail size-thumbnail wp-image-32620\" alt=\"\" srcset=\"https:\/\/www.ludo-vic.com\/wp-content\/uploads\/2022\/02\/adem2-150x150.png 150w, https:\/\/www.ludo-vic.com\/wp-content\/uploads\/2022\/02\/adem2.png 301w\" sizes=\"(max-width: 150px) 100vw, 150px\" \/>\t\t\t\t\t\t\t\t\t\t\t\t\t<\/div>\n\t\t\t\t<\/div>\n\t\t\t\t<div class=\"elementor-element elementor-element-626e17a9 elementor-widget elementor-widget-heading\" data-id=\"626e17a9\" data-element_type=\"widget\" data-widget_type=\"heading.default\">\n\t\t\t\t<div class=\"elementor-widget-container\">\n\t\t\t<h2 class=\"elementor-heading-title elementor-size-default\">Adem Rguez<\/h2>\t\t<\/div>\n\t\t\t\t<\/div>\n\t\t\t\t<div class=\"elementor-element elementor-element-2c5cd481 elementor-widget elementor-widget-text-editor\" data-id=\"2c5cd481\" data-element_type=\"widget\" data-widget_type=\"text-editor.default\">\n\t\t\t\t<div class=\"elementor-widget-container\">\n\t\t\t\t\t\t\t<p>Entwickler von Videospielen\u200b<\/p>\t\t\t\t\t\t<\/div>\n\t\t\t\t<\/div>\n\t\t\t\t\t<\/div>\n\t\t<\/div>\n\t\t\t\t<div class=\"elementor-column elementor-col-25 elementor-top-column elementor-element elementor-element-302ab201\" data-id=\"302ab201\" data-element_type=\"column\">\n\t\t\t<div class=\"elementor-widget-wrap elementor-element-populated\">\n\t\t\t\t\t\t<div class=\"elementor-element elementor-element-677aa650 elementor-widget elementor-widget-image\" data-id=\"677aa650\" data-element_type=\"widget\" data-widget_type=\"image.default\">\n\t\t\t\t<div class=\"elementor-widget-container\">\n\t\t\t\t\t\t\t\t\t\t\t\t\t<img loading=\"lazy\" decoding=\"async\" width=\"150\" height=\"150\" src=\"https:\/\/www.ludo-vic.com\/wp-content\/uploads\/2022\/02\/julia2-150x150.png\" class=\"attachment-thumbnail size-thumbnail wp-image-32629\" alt=\"\" srcset=\"https:\/\/www.ludo-vic.com\/wp-content\/uploads\/2022\/02\/julia2-150x150.png 150w, https:\/\/www.ludo-vic.com\/wp-content\/uploads\/2022\/02\/julia2.png 301w\" sizes=\"(max-width: 150px) 100vw, 150px\" \/>\t\t\t\t\t\t\t\t\t\t\t\t\t<\/div>\n\t\t\t\t<\/div>\n\t\t\t\t<div class=\"elementor-element elementor-element-598cc8b elementor-widget elementor-widget-heading\" data-id=\"598cc8b\" data-element_type=\"widget\" data-widget_type=\"heading.default\">\n\t\t\t\t<div class=\"elementor-widget-container\">\n\t\t\t<h2 class=\"elementor-heading-title elementor-size-default\">J\u00falia Sene<\/h2>\t\t<\/div>\n\t\t\t\t<\/div>\n\t\t\t\t<div class=\"elementor-element elementor-element-511967db elementor-widget elementor-widget-text-editor\" data-id=\"511967db\" data-element_type=\"widget\" data-widget_type=\"text-editor.default\">\n\t\t\t\t<div class=\"elementor-widget-container\">\n\t\t\t\t\t\t\t<p>Infografikerin und Illustratorin<\/p>\t\t\t\t\t\t<\/div>\n\t\t\t\t<\/div>\n\t\t\t\t\t<\/div>\n\t\t<\/div>\n\t\t\t\t<div class=\"elementor-column elementor-col-25 elementor-top-column elementor-element elementor-element-24f8b907\" data-id=\"24f8b907\" data-element_type=\"column\">\n\t\t\t<div class=\"elementor-widget-wrap elementor-element-populated\">\n\t\t\t\t\t\t<div class=\"elementor-element elementor-element-1282418e elementor-widget elementor-widget-image\" data-id=\"1282418e\" data-element_type=\"widget\" data-widget_type=\"image.default\">\n\t\t\t\t<div class=\"elementor-widget-container\">\n\t\t\t\t\t\t\t\t\t\t\t\t\t<img loading=\"lazy\" decoding=\"async\" width=\"150\" height=\"150\" src=\"https:\/\/www.ludo-vic.com\/wp-content\/uploads\/2022\/02\/sandrine2-150x150.png\" class=\"attachment-thumbnail size-thumbnail wp-image-32638\" alt=\"\" srcset=\"https:\/\/www.ludo-vic.com\/wp-content\/uploads\/2022\/02\/sandrine2-150x150.png 150w, https:\/\/www.ludo-vic.com\/wp-content\/uploads\/2022\/02\/sandrine2.png 301w\" sizes=\"(max-width: 150px) 100vw, 150px\" \/>\t\t\t\t\t\t\t\t\t\t\t\t\t<\/div>\n\t\t\t\t<\/div>\n\t\t\t\t<div class=\"elementor-element elementor-element-3c143a elementor-widget elementor-widget-heading\" data-id=\"3c143a\" data-element_type=\"widget\" data-widget_type=\"heading.default\">\n\t\t\t\t<div class=\"elementor-widget-container\">\n\t\t\t<h2 class=\"elementor-heading-title elementor-size-default\">Sandrine Hidalgo Vidal<\/h2>\t\t<\/div>\n\t\t\t\t<\/div>\n\t\t\t\t<div class=\"elementor-element elementor-element-1f73f932 elementor-widget elementor-widget-text-editor\" data-id=\"1f73f932\" data-element_type=\"widget\" data-widget_type=\"text-editor.default\">\n\t\t\t\t<div class=\"elementor-widget-container\">\n\t\t\t\t\t\t\t<p>Beauftragte f\u00fcr p\u00e4dagogische und sprachliche Produktion<\/p>\t\t\t\t\t\t<\/div>\n\t\t\t\t<\/div>\n\t\t\t\t\t<\/div>\n\t\t<\/div>\n\t\t\t\t\t<\/div>\n\t\t<\/section>\n\t\t\t\t<\/div>\n\t\t","protected":false},"excerpt":{"rendered":"<p>\u00dcber den Leiter &#038; Gr\u00fcnder Jack AMBERG Gr\u00fcnder, CEO Jacques-Olivier (Jack) AMBERG,Ingenieur f\u00fcr Informatik ENSIMAG 1979,MBA in International Finance &#8211; UCLA 1981. Zwanzig Jahre Erfahrung in der Welt des Headhunting in ganz Europa haben mich von der Wichtigkeit der Kommunikation in mehreren Sprachen \u00fcberzeugt&#8222;Ideen haben, aber nicht verstanden werden&#8220; hat schon viele Karrieren gebremst!Business Angel&hellip;&nbsp;<a href=\"https:\/\/www.ludo-vic.com\/de\/das-team\/\" class=\"\" rel=\"bookmark\">Weiterlesen &raquo;<span class=\"screen-reader-text\">Das Team<\/span><\/a><\/p>\n","protected":false},"author":12,"featured_media":0,"parent":0,"menu_order":0,"comment_status":"closed","ping_status":"closed","template":"","meta":{"_monsterinsights_skip_tracking":false,"_monsterinsights_sitenote_active":false,"_monsterinsights_sitenote_note":"","_monsterinsights_sitenote_category":0,"neve_meta_sidebar":"","neve_meta_container":"","neve_meta_enable_content_width":"","neve_meta_content_width":0,"neve_meta_title_alignment":"","neve_meta_author_avatar":"","neve_post_elements_order":"","neve_meta_disable_header":"","neve_meta_disable_footer":"","neve_meta_disable_title":"","footnotes":""},"class_list":["post-31540","page","type-page","status-publish","hentry"],"yoast_head":"<!-- This site is optimized with the Yoast SEO plugin v25.6 - https:\/\/yoast.com\/wordpress\/plugins\/seo\/ -->\n<title>Das Team - LUDO-VIC<\/title>\n<meta name=\"robots\" content=\"index, follow, max-snippet:-1, max-image-preview:large, max-video-preview:-1\" \/>\n<link rel=\"canonical\" href=\"https:\/\/www.ludo-vic.com\/de\/das-team\/\" \/>\n<meta property=\"og:locale\" content=\"de_DE\" \/>\n<meta property=\"og:type\" content=\"article\" \/>\n<meta property=\"og:title\" content=\"Das Team - LUDO-VIC\" \/>\n<meta property=\"og:description\" content=\"\u00dcber den Leiter &#038; Gr\u00fcnder Jack AMBERG Gr\u00fcnder, CEO Jacques-Olivier (Jack) AMBERG,Ingenieur f\u00fcr Informatik ENSIMAG 1979,MBA in International Finance &#8211; UCLA 1981. Zwanzig Jahre Erfahrung in der Welt des Headhunting in ganz Europa haben mich von der Wichtigkeit der Kommunikation in mehreren Sprachen \u00fcberzeugt&#8222;Ideen haben, aber nicht verstanden werden&#8220; hat schon viele Karrieren gebremst!Business Angel&hellip;&nbsp;Weiterlesen &raquo;Das Team\" \/>\n<meta property=\"og:url\" content=\"https:\/\/www.ludo-vic.com\/de\/das-team\/\" \/>\n<meta property=\"og:site_name\" content=\"LUDO-VIC\" \/>\n<meta property=\"article:modified_time\" content=\"2022-02-14T15:05:17+00:00\" \/>\n<meta property=\"og:image\" content=\"https:\/\/www.ludo-vic.com\/wp-content\/uploads\/2019\/02\/Jack-Amberg-Ludo-Vic.jpg\" \/>\n<meta name=\"twitter:card\" content=\"summary_large_image\" \/>\n<meta name=\"twitter:label1\" content=\"Gesch\u00e4tzte Lesezeit\" \/>\n\t<meta name=\"twitter:data1\" content=\"2\u00a0Minuten\" \/>\n<script type=\"application\/ld+json\" class=\"yoast-schema-graph\">{\"@context\":\"https:\/\/schema.org\",\"@graph\":[{\"@type\":\"WebPage\",\"@id\":\"https:\/\/www.ludo-vic.com\/de\/das-team\/\",\"url\":\"https:\/\/www.ludo-vic.com\/de\/das-team\/\",\"name\":\"Das Team - LUDO-VIC\",\"isPartOf\":{\"@id\":\"https:\/\/www.ludo-vic.com\/en\/#website\"},\"primaryImageOfPage\":{\"@id\":\"https:\/\/www.ludo-vic.com\/de\/das-team\/#primaryimage\"},\"image\":{\"@id\":\"https:\/\/www.ludo-vic.com\/de\/das-team\/#primaryimage\"},\"thumbnailUrl\":\"https:\/\/www.ludo-vic.com\/wp-content\/uploads\/2019\/02\/Jack-Amberg-Ludo-Vic.jpg\",\"datePublished\":\"2022-01-17T10:40:01+00:00\",\"dateModified\":\"2022-02-14T15:05:17+00:00\",\"breadcrumb\":{\"@id\":\"https:\/\/www.ludo-vic.com\/de\/das-team\/#breadcrumb\"},\"inLanguage\":\"de\",\"potentialAction\":[{\"@type\":\"ReadAction\",\"target\":[\"https:\/\/www.ludo-vic.com\/de\/das-team\/\"]}]},{\"@type\":\"ImageObject\",\"inLanguage\":\"de\",\"@id\":\"https:\/\/www.ludo-vic.com\/de\/das-team\/#primaryimage\",\"url\":\"https:\/\/www.ludo-vic.com\/wp-content\/uploads\/2019\/02\/Jack-Amberg-Ludo-Vic.jpg\",\"contentUrl\":\"https:\/\/www.ludo-vic.com\/wp-content\/uploads\/2019\/02\/Jack-Amberg-Ludo-Vic.jpg\"},{\"@type\":\"BreadcrumbList\",\"@id\":\"https:\/\/www.ludo-vic.com\/de\/das-team\/#breadcrumb\",\"itemListElement\":[{\"@type\":\"ListItem\",\"position\":1,\"name\":\"Accueil\",\"item\":\"https:\/\/www.ludo-vic.com\/\"},{\"@type\":\"ListItem\",\"position\":2,\"name\":\"Das Team\"}]},{\"@type\":\"WebSite\",\"@id\":\"https:\/\/www.ludo-vic.com\/en\/#website\",\"url\":\"https:\/\/www.ludo-vic.com\/en\/\",\"name\":\"LUDO-VIC\",\"description\":\"Initier, apprendre &amp; comprendre\",\"publisher\":{\"@id\":\"https:\/\/www.ludo-vic.com\/en\/#organization\"},\"potentialAction\":[{\"@type\":\"SearchAction\",\"target\":{\"@type\":\"EntryPoint\",\"urlTemplate\":\"https:\/\/www.ludo-vic.com\/en\/?s={search_term_string}\"},\"query-input\":{\"@type\":\"PropertyValueSpecification\",\"valueRequired\":true,\"valueName\":\"search_term_string\"}}],\"inLanguage\":\"de\"},{\"@type\":\"Organization\",\"@id\":\"https:\/\/www.ludo-vic.com\/en\/#organization\",\"name\":\"LUDO-VIC\",\"url\":\"https:\/\/www.ludo-vic.com\/en\/\",\"logo\":{\"@type\":\"ImageObject\",\"inLanguage\":\"de\",\"@id\":\"https:\/\/www.ludo-vic.com\/en\/#\/schema\/logo\/image\/\",\"url\":\"https:\/\/www.ludo-vic.com\/wp-content\/uploads\/2021\/12\/LogoLudo-Vic-20190613.png\",\"contentUrl\":\"https:\/\/www.ludo-vic.com\/wp-content\/uploads\/2021\/12\/LogoLudo-Vic-20190613.png\",\"width\":614,\"height\":325,\"caption\":\"LUDO-VIC\"},\"image\":{\"@id\":\"https:\/\/www.ludo-vic.com\/en\/#\/schema\/logo\/image\/\"}}]}<\/script>\n<!-- \/ Yoast SEO plugin. -->","yoast_head_json":{"title":"Das Team - LUDO-VIC","robots":{"index":"index","follow":"follow","max-snippet":"max-snippet:-1","max-image-preview":"max-image-preview:large","max-video-preview":"max-video-preview:-1"},"canonical":"https:\/\/www.ludo-vic.com\/de\/das-team\/","og_locale":"de_DE","og_type":"article","og_title":"Das Team - LUDO-VIC","og_description":"\u00dcber den Leiter &#038; Gr\u00fcnder Jack AMBERG Gr\u00fcnder, CEO Jacques-Olivier (Jack) AMBERG,Ingenieur f\u00fcr Informatik ENSIMAG 1979,MBA in International Finance &#8211; UCLA 1981. Zwanzig Jahre Erfahrung in der Welt des Headhunting in ganz Europa haben mich von der Wichtigkeit der Kommunikation in mehreren Sprachen \u00fcberzeugt&#8222;Ideen haben, aber nicht verstanden werden&#8220; hat schon viele Karrieren gebremst!Business Angel&hellip;&nbsp;Weiterlesen &raquo;Das Team","og_url":"https:\/\/www.ludo-vic.com\/de\/das-team\/","og_site_name":"LUDO-VIC","article_modified_time":"2022-02-14T15:05:17+00:00","og_image":[{"url":"https:\/\/www.ludo-vic.com\/wp-content\/uploads\/2019\/02\/Jack-Amberg-Ludo-Vic.jpg","type":"","width":"","height":""}],"twitter_card":"summary_large_image","twitter_misc":{"Gesch\u00e4tzte Lesezeit":"2\u00a0Minuten"},"schema":{"@context":"https:\/\/schema.org","@graph":[{"@type":"WebPage","@id":"https:\/\/www.ludo-vic.com\/de\/das-team\/","url":"https:\/\/www.ludo-vic.com\/de\/das-team\/","name":"Das Team - LUDO-VIC","isPartOf":{"@id":"https:\/\/www.ludo-vic.com\/en\/#website"},"primaryImageOfPage":{"@id":"https:\/\/www.ludo-vic.com\/de\/das-team\/#primaryimage"},"image":{"@id":"https:\/\/www.ludo-vic.com\/de\/das-team\/#primaryimage"},"thumbnailUrl":"https:\/\/www.ludo-vic.com\/wp-content\/uploads\/2019\/02\/Jack-Amberg-Ludo-Vic.jpg","datePublished":"2022-01-17T10:40:01+00:00","dateModified":"2022-02-14T15:05:17+00:00","breadcrumb":{"@id":"https:\/\/www.ludo-vic.com\/de\/das-team\/#breadcrumb"},"inLanguage":"de","potentialAction":[{"@type":"ReadAction","target":["https:\/\/www.ludo-vic.com\/de\/das-team\/"]}]},{"@type":"ImageObject","inLanguage":"de","@id":"https:\/\/www.ludo-vic.com\/de\/das-team\/#primaryimage","url":"https:\/\/www.ludo-vic.com\/wp-content\/uploads\/2019\/02\/Jack-Amberg-Ludo-Vic.jpg","contentUrl":"https:\/\/www.ludo-vic.com\/wp-content\/uploads\/2019\/02\/Jack-Amberg-Ludo-Vic.jpg"},{"@type":"BreadcrumbList","@id":"https:\/\/www.ludo-vic.com\/de\/das-team\/#breadcrumb","itemListElement":[{"@type":"ListItem","position":1,"name":"Accueil","item":"https:\/\/www.ludo-vic.com\/"},{"@type":"ListItem","position":2,"name":"Das Team"}]},{"@type":"WebSite","@id":"https:\/\/www.ludo-vic.com\/en\/#website","url":"https:\/\/www.ludo-vic.com\/en\/","name":"LUDO-VIC","description":"Initier, apprendre &amp; comprendre","publisher":{"@id":"https:\/\/www.ludo-vic.com\/en\/#organization"},"potentialAction":[{"@type":"SearchAction","target":{"@type":"EntryPoint","urlTemplate":"https:\/\/www.ludo-vic.com\/en\/?s={search_term_string}"},"query-input":{"@type":"PropertyValueSpecification","valueRequired":true,"valueName":"search_term_string"}}],"inLanguage":"de"},{"@type":"Organization","@id":"https:\/\/www.ludo-vic.com\/en\/#organization","name":"LUDO-VIC","url":"https:\/\/www.ludo-vic.com\/en\/","logo":{"@type":"ImageObject","inLanguage":"de","@id":"https:\/\/www.ludo-vic.com\/en\/#\/schema\/logo\/image\/","url":"https:\/\/www.ludo-vic.com\/wp-content\/uploads\/2021\/12\/LogoLudo-Vic-20190613.png","contentUrl":"https:\/\/www.ludo-vic.com\/wp-content\/uploads\/2021\/12\/LogoLudo-Vic-20190613.png","width":614,"height":325,"caption":"LUDO-VIC"},"image":{"@id":"https:\/\/www.ludo-vic.com\/en\/#\/schema\/logo\/image\/"}}]}},"_links":{"self":[{"href":"https:\/\/www.ludo-vic.com\/de\/wp-json\/wp\/v2\/pages\/31540"}],"collection":[{"href":"https:\/\/www.ludo-vic.com\/de\/wp-json\/wp\/v2\/pages"}],"about":[{"href":"https:\/\/www.ludo-vic.com\/de\/wp-json\/wp\/v2\/types\/page"}],"author":[{"embeddable":true,"href":"https:\/\/www.ludo-vic.com\/de\/wp-json\/wp\/v2\/users\/12"}],"replies":[{"embeddable":true,"href":"https:\/\/www.ludo-vic.com\/de\/wp-json\/wp\/v2\/comments?post=31540"}],"version-history":[{"count":18,"href":"https:\/\/www.ludo-vic.com\/de\/wp-json\/wp\/v2\/pages\/31540\/revisions"}],"predecessor-version":[{"id":32670,"href":"https:\/\/www.ludo-vic.com\/de\/wp-json\/wp\/v2\/pages\/31540\/revisions\/32670"}],"wp:attachment":[{"href":"https:\/\/www.ludo-vic.com\/de\/wp-json\/wp\/v2\/media?parent=31540"}],"curies":[{"name":"wp","href":"https:\/\/api.w.org\/{rel}","templated":true}]}}