{"id":31572,"date":"2022-01-17T11:48:27","date_gmt":"2022-01-17T10:48:27","guid":{"rendered":"https:\/\/www.ludo-vic.com\/?page_id=31572"},"modified":"2022-01-17T11:55:32","modified_gmt":"2022-01-17T10:55:32","slug":"auftrag","status":"publish","type":"page","link":"https:\/\/www.ludo-vic.com\/de\/auftrag\/","title":{"rendered":"Auftrag"},"content":{"rendered":"\t\t<div data-elementor-type=\"wp-page\" data-elementor-id=\"31572\" class=\"elementor elementor-31572\" data-elementor-post-type=\"page\">\n\t\t\t\t\t\t<section class=\"elementor-section elementor-top-section elementor-element elementor-element-272a8ce elementor-section-boxed elementor-section-height-default elementor-section-height-default\" data-id=\"272a8ce\" data-element_type=\"section\">\n\t\t\t\t\t\t<div class=\"elementor-container elementor-column-gap-default\">\n\t\t\t\t\t<div class=\"elementor-column elementor-col-100 elementor-top-column elementor-element elementor-element-71d7251b\" data-id=\"71d7251b\" data-element_type=\"column\" data-settings=\"{&quot;background_background&quot;:&quot;classic&quot;}\">\n\t\t\t<div class=\"elementor-widget-wrap elementor-element-populated\">\n\t\t\t\t\t\t<div class=\"elementor-element elementor-element-465a3125 elementor-widget elementor-widget-heading\" data-id=\"465a3125\" data-element_type=\"widget\" data-widget_type=\"heading.default\">\n\t\t\t\t<div class=\"elementor-widget-container\">\n\t\t\t<h2 class=\"elementor-heading-title elementor-size-default\">Auftrag<\/h2>\t\t<\/div>\n\t\t\t\t<\/div>\n\t\t\t\t\t<\/div>\n\t\t<\/div>\n\t\t\t\t\t<\/div>\n\t\t<\/section>\n\t\t\t\t<section class=\"elementor-section elementor-top-section elementor-element elementor-element-6cddc2c elementor-section-boxed elementor-section-height-default elementor-section-height-default\" data-id=\"6cddc2c\" data-element_type=\"section\">\n\t\t\t\t\t\t<div class=\"elementor-container elementor-column-gap-default\">\n\t\t\t\t\t<div class=\"elementor-column elementor-col-100 elementor-top-column elementor-element elementor-element-06ffb5a\" data-id=\"06ffb5a\" data-element_type=\"column\">\n\t\t\t<div class=\"elementor-widget-wrap elementor-element-populated\">\n\t\t\t\t\t\t<div class=\"elementor-element elementor-element-156e86f elementor-position-top elementor-widget elementor-widget-image-box\" data-id=\"156e86f\" data-element_type=\"widget\" data-widget_type=\"image-box.default\">\n\t\t\t\t<div class=\"elementor-widget-container\">\n\t\t\t<div class=\"elementor-image-box-wrapper\"><figure class=\"elementor-image-box-img\"><img fetchpriority=\"high\" decoding=\"async\" width=\"409\" height=\"269\" src=\"https:\/\/www.ludo-vic.com\/wp-content\/uploads\/2021\/12\/2.png\" class=\"attachment-full size-full wp-image-30021\" alt=\"\" srcset=\"https:\/\/www.ludo-vic.com\/wp-content\/uploads\/2021\/12\/2.png 409w, https:\/\/www.ludo-vic.com\/wp-content\/uploads\/2021\/12\/2-300x197.png 300w\" sizes=\"(max-width: 409px) 100vw, 409px\" \/><\/figure><div class=\"elementor-image-box-content\"><h3 class=\"elementor-image-box-title\">Einf\u00fchren, lernen & verstehen<\/h3><\/div><\/div>\t\t<\/div>\n\t\t\t\t<\/div>\n\t\t\t\t\t<\/div>\n\t\t<\/div>\n\t\t\t\t\t<\/div>\n\t\t<\/section>\n\t\t\t\t<section class=\"elementor-section elementor-top-section elementor-element elementor-element-7b822710 elementor-section-content-middle elementor-section-boxed elementor-section-height-default elementor-section-height-default\" data-id=\"7b822710\" data-element_type=\"section\" data-settings=\"{&quot;background_background&quot;:&quot;classic&quot;}\">\n\t\t\t\t\t\t<div class=\"elementor-container elementor-column-gap-no\">\n\t\t\t\t\t<div class=\"elementor-column elementor-col-100 elementor-top-column elementor-element elementor-element-4b6b7536\" data-id=\"4b6b7536\" data-element_type=\"column\">\n\t\t\t<div class=\"elementor-widget-wrap elementor-element-populated\">\n\t\t\t\t\t\t<section class=\"elementor-section elementor-inner-section elementor-element elementor-element-2882537f elementor-section-boxed elementor-section-height-default elementor-section-height-default\" data-id=\"2882537f\" data-element_type=\"section\">\n\t\t\t\t\t\t<div class=\"elementor-container elementor-column-gap-default\">\n\t\t\t\t\t<div class=\"elementor-column elementor-col-50 elementor-inner-column elementor-element elementor-element-6ad3b6a6\" data-id=\"6ad3b6a6\" data-element_type=\"column\">\n\t\t\t<div class=\"elementor-widget-wrap elementor-element-populated\">\n\t\t\t\t\t\t<div class=\"elementor-element elementor-element-4d755466 elementor-view-default elementor-position-top elementor-mobile-position-top elementor-widget elementor-widget-icon-box\" data-id=\"4d755466\" data-element_type=\"widget\" data-widget_type=\"icon-box.default\">\n\t\t\t\t<div class=\"elementor-widget-container\">\n\t\t\t\t\t<div class=\"elementor-icon-box-wrapper\">\n\t\t\t\t\t\t<div class=\"elementor-icon-box-icon\">\n\t\t\t\t<span  class=\"elementor-icon elementor-animation-\">\n\t\t\t\t<i aria-hidden=\"true\" class=\"fas fa-rocket\"><\/i>\t\t\t\t<\/span>\n\t\t\t<\/div>\n\t\t\t\t\t\t<div class=\"elementor-icon-box-content\">\n\t\t\t\t<h3 class=\"elementor-icon-box-title\">\n\t\t\t\t\t<span  >\n\t\t\t\t\t\tUnser Auftrag\t\t\t\t\t<\/span>\n\t\t\t\t<\/h3>\n\t\t\t\t\t\t\t\t\t<p class=\"elementor-icon-box-description\">\n\t\t\t\t\t\tJeder Person den Zugang zu grundlegenden Kenntnissen einer Sprache, einer Kultur, eines Konzepts, einer Lebenseinstellung und eines Know-hows erm\u00f6glichen. <br>\n<br>\nNutzung eines Fernunterrichtsansatzes, der auf Animationen in der Muttersprache der betreffenden Person basiert ist und Charaktere zeigt, die keine ethnische Herkunft stigmatisieren und die Gleichstellung der Geschlechter f\u00f6rdern.\n\t\t\t\t\t<\/p>\n\t\t\t\t\t\t\t<\/div>\n\t\t<\/div>\n\t\t\t\t<\/div>\n\t\t\t\t<\/div>\n\t\t\t\t\t<\/div>\n\t\t<\/div>\n\t\t\t\t<div class=\"elementor-column elementor-col-50 elementor-inner-column elementor-element elementor-element-1adbf446\" data-id=\"1adbf446\" data-element_type=\"column\">\n\t\t\t<div class=\"elementor-widget-wrap elementor-element-populated\">\n\t\t\t\t\t\t<div class=\"elementor-element elementor-element-4f421dec elementor-view-default elementor-position-top elementor-mobile-position-top elementor-widget elementor-widget-icon-box\" data-id=\"4f421dec\" data-element_type=\"widget\" data-widget_type=\"icon-box.default\">\n\t\t\t\t<div class=\"elementor-widget-container\">\n\t\t\t\t\t<div class=\"elementor-icon-box-wrapper\">\n\t\t\t\t\t\t<div class=\"elementor-icon-box-icon\">\n\t\t\t\t<span  class=\"elementor-icon elementor-animation-\">\n\t\t\t\t<svg xmlns=\"http:\/\/www.w3.org\/2000\/svg\" data-name=\"Layer 1\" id=\"Layer_1\" viewBox=\"0 0 64 64\"><title><\/title><rect height=\"6\" width=\"19\" x=\"23.00574\" y=\"56\"><\/rect><rect height=\"5.00001\" transform=\"translate(-4.73979 10.43222) rotate(-45)\" width=\"19.00002\" x=\"0.72289\" y=\"8.43754\"><\/rect><rect height=\"19.00004\" transform=\"translate(8.19277 41.39323) rotate(-45)\" width=\"4.99998\" x=\"51.56245\" y=\"1.30705\"><\/rect><path d=\"M44.55634,9.7066,41.865,9.59253a5.05767,5.05767,0,0,0-4.28314,1.43164l-5.50446,5.50446-5.75354-5.75354a3.8392,3.8392,0,0,0-3.85785-.90894A3.618,3.618,0,0,1,18.855,8.963l-.85388-.85388L7.39447,18.7157l1.728,1.728-.11408,2.69123A5.05776,5.05776,0,0,0,10.44,27.41809l9.61243,9.61243a4.98517,4.98517,0,0,1,1.69067-3.25891l-2.99493-2.99494.70709-.70709,3.12824,3.12823a4.94908,4.94908,0,0,1,1.42236-.54058V28.96332l-1.72217-1.72217.70709-.70715,1.01508,1.01507V22.19922a3.60983,3.60983,0,0,1,3.14258-3.625,3.506,3.506,0,0,1,.99078.0448l-1.22949-1.22949.70715-.7071L29.413,18.47858a3.54221,3.54221,0,0,1,3.40339-1.90827,3.60085,3.60085,0,0,1,3.1748,3.332,3.55741,3.55741,0,0,1,1.8252-.332,3.62038,3.62038,0,0,1,3.18945,3.66309v3.42383a5.00355,5.00355,0,0,1,3.8161,3.62518l2.78851-2.78851.7071.70715L45.00226,31.5163c.00012.01373.0036.02655.0036.04034v3.32007a3.96267,3.96267,0,0,0,2.37891-1.12848l6.84014-6.84015a3.839,3.839,0,0,0,.90888-3.85785,3.61818,3.61818,0,0,1,.9032-3.61108l.85388-.85388L46.2843,7.97864Z\"><\/path><path d=\"M29.88043,21.68951a2.49081,2.49081,0,0,0-2.72583-2.18866,2.598,2.598,0,0,0-2.24225,2.62964V33.48785a4,4,0,0,0-4,4v9.67347a3.83915,3.83915,0,0,0,2.08521,3.3706,3.618,3.618,0,0,1,1.91479,3.192v1.20758h15V52.48785L41.896,50.66547a5.05755,5.05755,0,0,0,2.01635-4.041V31.48785a4,4,0,0,0-4-4V23.16528a2.62152,2.62152,0,0,0-2.27612-2.6676,2.49273,2.49273,0,0,0-2.68231,2.09906h.45843V38.0401h-1V22.59674h.5V20.16528a2.62152,2.62152,0,0,0-2.27612-2.6676,2.50036,2.50036,0,0,0-2.72388,2.49017v1.70166h.5V37.13287h-1V21.68951ZM25.31152,42.0401h-1v-8h1ZM39.41235,27.79834h1V38.2417h-1Z\"><\/path><\/svg>\t\t\t\t<\/span>\n\t\t\t<\/div>\n\t\t\t\t\t\t<div class=\"elementor-icon-box-content\">\n\t\t\t\t<h3 class=\"elementor-icon-box-title\">\n\t\t\t\t\t<span  >\n\t\t\t\t\t\tUnsere soziale Wirkung\t\t\t\t\t<\/span>\n\t\t\t\t<\/h3>\n\t\t\t\t\t\t\t\t\t<p class=\"elementor-icon-box-description\">\n\t\t\t\t\t\tEine universelle und zug\u00e4ngliche p\u00e4dagogische L\u00f6sung f\u00fcr die Einleitung von Lern- oder Sensibilisierungsprozessen anbieten. <br><br>\nEine L\u00f6sung f\u00fcr die wirtschaftliche und soziale Integration von Menschen durch Besch\u00e4ftigung, Ausbildung und B\u00fcrgerbildung sein.\n\t\t\t\t\t<\/p>\n\t\t\t\t\t\t\t<\/div>\n\t\t<\/div>\n\t\t\t\t<\/div>\n\t\t\t\t<\/div>\n\t\t\t\t\t<\/div>\n\t\t<\/div>\n\t\t\t\t\t<\/div>\n\t\t<\/section>\n\t\t\t\t<section class=\"elementor-section elementor-inner-section elementor-element elementor-element-ab46c4a elementor-section-boxed elementor-section-height-default elementor-section-height-default\" data-id=\"ab46c4a\" data-element_type=\"section\">\n\t\t\t\t\t\t<div class=\"elementor-container elementor-column-gap-default\">\n\t\t\t\t\t<div class=\"elementor-column elementor-col-50 elementor-inner-column elementor-element elementor-element-75e6e182\" data-id=\"75e6e182\" data-element_type=\"column\">\n\t\t\t<div class=\"elementor-widget-wrap elementor-element-populated\">\n\t\t\t\t\t\t<div class=\"elementor-element elementor-element-3c8f1c5d elementor-view-default elementor-position-top elementor-mobile-position-top elementor-widget elementor-widget-icon-box\" data-id=\"3c8f1c5d\" data-element_type=\"widget\" data-widget_type=\"icon-box.default\">\n\t\t\t\t<div class=\"elementor-widget-container\">\n\t\t\t\t\t<div class=\"elementor-icon-box-wrapper\">\n\t\t\t\t\t\t<div class=\"elementor-icon-box-icon\">\n\t\t\t\t<span  class=\"elementor-icon elementor-animation-\">\n\t\t\t\t<i aria-hidden=\"true\" class=\"far fa-eye\"><\/i>\t\t\t\t<\/span>\n\t\t\t<\/div>\n\t\t\t\t\t\t<div class=\"elementor-icon-box-content\">\n\t\t\t\t<h3 class=\"elementor-icon-box-title\">\n\t\t\t\t\t<span  >\n\t\t\t\t\t\tUnser Befund\t\t\t\t\t<\/span>\n\t\t\t\t<\/h3>\n\t\t\t\t\t\t\t\t\t<p class=\"elementor-icon-box-description\">\n\t\t\t\t\t\tUm etwas im Internet zu lernen, muss man zumindest lesen k\u00f6nnen. <br><br>\nDie Verwendung der Muttersprache und die praktischen Situationen sind f\u00fcr jeden zug\u00e4nglich.<br><br>\n\u00ab Sag es mir und ich werde es vergessen, zeig es mir und ich werde mich vielleicht daran erinnern, verwickle mich und ich werde es verstehen. \u00bb\nBenjamin Franklin\n\t\t\t\t\t<\/p>\n\t\t\t\t\t\t\t<\/div>\n\t\t<\/div>\n\t\t\t\t<\/div>\n\t\t\t\t<\/div>\n\t\t\t\t\t<\/div>\n\t\t<\/div>\n\t\t\t\t<div class=\"elementor-column elementor-col-50 elementor-inner-column elementor-element elementor-element-779de7b4\" data-id=\"779de7b4\" data-element_type=\"column\">\n\t\t\t<div class=\"elementor-widget-wrap elementor-element-populated\">\n\t\t\t\t\t\t<div class=\"elementor-element elementor-element-47568884 elementor-view-default elementor-position-top elementor-mobile-position-top elementor-widget elementor-widget-icon-box\" data-id=\"47568884\" data-element_type=\"widget\" data-widget_type=\"icon-box.default\">\n\t\t\t\t<div class=\"elementor-widget-container\">\n\t\t\t\t\t<div class=\"elementor-icon-box-wrapper\">\n\t\t\t\t\t\t<div class=\"elementor-icon-box-icon\">\n\t\t\t\t<span  class=\"elementor-icon elementor-animation-\">\n\t\t\t\t<i aria-hidden=\"true\" class=\"fas fa-euro-sign\"><\/i>\t\t\t\t<\/span>\n\t\t\t<\/div>\n\t\t\t\t\t\t<div class=\"elementor-icon-box-content\">\n\t\t\t\t<h3 class=\"elementor-icon-box-title\">\n\t\t\t\t\t<span  >\n\t\t\t\t\t\tDie Kosten des Problems\t\t\t\t\t<\/span>\n\t\t\t\t<\/h3>\n\t\t\t\t\t\t\t\t\t<p class=\"elementor-icon-box-description\">\n\t\t\t\t\t\tAusbildungskosten, <br>Arbeitslosengeld, <br>Ausgrenzung,<br>\nArbeitsunf\u00e4lle, <br>Stress, psychische und seelische St\u00f6rungen,<br>\nProduktivit\u00e4tsverluste, <br>indirekte menschliche Kosten.\n\t\t\t\t\t<\/p>\n\t\t\t\t\t\t\t<\/div>\n\t\t<\/div>\n\t\t\t\t<\/div>\n\t\t\t\t<\/div>\n\t\t\t\t\t<\/div>\n\t\t<\/div>\n\t\t\t\t\t<\/div>\n\t\t<\/section>\n\t\t\t\t\t<\/div>\n\t\t<\/div>\n\t\t\t\t\t<\/div>\n\t\t<\/section>\n\t\t\t\t<\/div>\n\t\t","protected":false},"excerpt":{"rendered":"<p>Auftrag Einf\u00fchren, lernen &#038; verstehen Unser Auftrag Jeder Person den Zugang zu grundlegenden Kenntnissen einer Sprache, einer Kultur, eines Konzepts, einer Lebenseinstellung und eines Know-hows erm\u00f6glichen. Nutzung eines Fernunterrichtsansatzes, der auf Animationen in der Muttersprache der betreffenden Person basiert ist und Charaktere zeigt, die keine ethnische Herkunft stigmatisieren und die Gleichstellung der Geschlechter f\u00f6rdern. Unsere&hellip;&nbsp;<a href=\"https:\/\/www.ludo-vic.com\/de\/auftrag\/\" class=\"\" rel=\"bookmark\">Weiterlesen &raquo;<span class=\"screen-reader-text\">Auftrag<\/span><\/a><\/p>\n","protected":false},"author":12,"featured_media":0,"parent":0,"menu_order":0,"comment_status":"closed","ping_status":"closed","template":"","meta":{"_monsterinsights_skip_tracking":false,"_monsterinsights_sitenote_active":false,"_monsterinsights_sitenote_note":"","_monsterinsights_sitenote_category":0,"neve_meta_sidebar":"","neve_meta_container":"","neve_meta_enable_content_width":"","neve_meta_content_width":0,"neve_meta_title_alignment":"","neve_meta_author_avatar":"","neve_post_elements_order":"","neve_meta_disable_header":"","neve_meta_disable_footer":"","neve_meta_disable_title":"","footnotes":""},"class_list":["post-31572","page","type-page","status-publish","hentry"],"yoast_head":"<!-- This site is optimized with the Yoast SEO plugin v25.6 - https:\/\/yoast.com\/wordpress\/plugins\/seo\/ -->\n<title>Auftrag - LUDO-VIC<\/title>\n<meta name=\"robots\" content=\"index, follow, max-snippet:-1, max-image-preview:large, max-video-preview:-1\" \/>\n<link rel=\"canonical\" href=\"https:\/\/www.ludo-vic.com\/de\/auftrag\/\" \/>\n<meta property=\"og:locale\" content=\"de_DE\" \/>\n<meta property=\"og:type\" content=\"article\" \/>\n<meta property=\"og:title\" content=\"Auftrag - LUDO-VIC\" \/>\n<meta property=\"og:description\" content=\"Auftrag Einf\u00fchren, lernen &#038; verstehen Unser Auftrag Jeder Person den Zugang zu grundlegenden Kenntnissen einer Sprache, einer Kultur, eines Konzepts, einer Lebenseinstellung und eines Know-hows erm\u00f6glichen. Nutzung eines Fernunterrichtsansatzes, der auf Animationen in der Muttersprache der betreffenden Person basiert ist und Charaktere zeigt, die keine ethnische Herkunft stigmatisieren und die Gleichstellung der Geschlechter f\u00f6rdern. Unsere&hellip;&nbsp;Weiterlesen &raquo;Auftrag\" \/>\n<meta property=\"og:url\" content=\"https:\/\/www.ludo-vic.com\/de\/auftrag\/\" \/>\n<meta property=\"og:site_name\" content=\"LUDO-VIC\" \/>\n<meta property=\"article:modified_time\" content=\"2022-01-17T10:55:32+00:00\" \/>\n<meta property=\"og:image\" content=\"https:\/\/www.ludo-vic.com\/wp-content\/uploads\/2021\/12\/2.png\" \/>\n<meta name=\"twitter:card\" content=\"summary_large_image\" \/>\n<meta name=\"twitter:label1\" content=\"Gesch\u00e4tzte Lesezeit\" \/>\n\t<meta name=\"twitter:data1\" content=\"1\u00a0Minute\" \/>\n<script type=\"application\/ld+json\" class=\"yoast-schema-graph\">{\"@context\":\"https:\/\/schema.org\",\"@graph\":[{\"@type\":\"WebPage\",\"@id\":\"https:\/\/www.ludo-vic.com\/de\/auftrag\/\",\"url\":\"https:\/\/www.ludo-vic.com\/de\/auftrag\/\",\"name\":\"Auftrag - LUDO-VIC\",\"isPartOf\":{\"@id\":\"https:\/\/www.ludo-vic.com\/en\/#website\"},\"primaryImageOfPage\":{\"@id\":\"https:\/\/www.ludo-vic.com\/de\/auftrag\/#primaryimage\"},\"image\":{\"@id\":\"https:\/\/www.ludo-vic.com\/de\/auftrag\/#primaryimage\"},\"thumbnailUrl\":\"https:\/\/www.ludo-vic.com\/wp-content\/uploads\/2021\/12\/2.png\",\"datePublished\":\"2022-01-17T10:48:27+00:00\",\"dateModified\":\"2022-01-17T10:55:32+00:00\",\"breadcrumb\":{\"@id\":\"https:\/\/www.ludo-vic.com\/de\/auftrag\/#breadcrumb\"},\"inLanguage\":\"de\",\"potentialAction\":[{\"@type\":\"ReadAction\",\"target\":[\"https:\/\/www.ludo-vic.com\/de\/auftrag\/\"]}]},{\"@type\":\"ImageObject\",\"inLanguage\":\"de\",\"@id\":\"https:\/\/www.ludo-vic.com\/de\/auftrag\/#primaryimage\",\"url\":\"https:\/\/www.ludo-vic.com\/wp-content\/uploads\/2021\/12\/2.png\",\"contentUrl\":\"https:\/\/www.ludo-vic.com\/wp-content\/uploads\/2021\/12\/2.png\"},{\"@type\":\"BreadcrumbList\",\"@id\":\"https:\/\/www.ludo-vic.com\/de\/auftrag\/#breadcrumb\",\"itemListElement\":[{\"@type\":\"ListItem\",\"position\":1,\"name\":\"Accueil\",\"item\":\"https:\/\/www.ludo-vic.com\/\"},{\"@type\":\"ListItem\",\"position\":2,\"name\":\"Auftrag\"}]},{\"@type\":\"WebSite\",\"@id\":\"https:\/\/www.ludo-vic.com\/en\/#website\",\"url\":\"https:\/\/www.ludo-vic.com\/en\/\",\"name\":\"LUDO-VIC\",\"description\":\"Initier, apprendre &amp; comprendre\",\"publisher\":{\"@id\":\"https:\/\/www.ludo-vic.com\/en\/#organization\"},\"potentialAction\":[{\"@type\":\"SearchAction\",\"target\":{\"@type\":\"EntryPoint\",\"urlTemplate\":\"https:\/\/www.ludo-vic.com\/en\/?s={search_term_string}\"},\"query-input\":{\"@type\":\"PropertyValueSpecification\",\"valueRequired\":true,\"valueName\":\"search_term_string\"}}],\"inLanguage\":\"de\"},{\"@type\":\"Organization\",\"@id\":\"https:\/\/www.ludo-vic.com\/en\/#organization\",\"name\":\"LUDO-VIC\",\"url\":\"https:\/\/www.ludo-vic.com\/en\/\",\"logo\":{\"@type\":\"ImageObject\",\"inLanguage\":\"de\",\"@id\":\"https:\/\/www.ludo-vic.com\/en\/#\/schema\/logo\/image\/\",\"url\":\"https:\/\/www.ludo-vic.com\/wp-content\/uploads\/2021\/12\/LogoLudo-Vic-20190613.png\",\"contentUrl\":\"https:\/\/www.ludo-vic.com\/wp-content\/uploads\/2021\/12\/LogoLudo-Vic-20190613.png\",\"width\":614,\"height\":325,\"caption\":\"LUDO-VIC\"},\"image\":{\"@id\":\"https:\/\/www.ludo-vic.com\/en\/#\/schema\/logo\/image\/\"}}]}<\/script>\n<!-- \/ Yoast SEO plugin. -->","yoast_head_json":{"title":"Auftrag - LUDO-VIC","robots":{"index":"index","follow":"follow","max-snippet":"max-snippet:-1","max-image-preview":"max-image-preview:large","max-video-preview":"max-video-preview:-1"},"canonical":"https:\/\/www.ludo-vic.com\/de\/auftrag\/","og_locale":"de_DE","og_type":"article","og_title":"Auftrag - LUDO-VIC","og_description":"Auftrag Einf\u00fchren, lernen &#038; verstehen Unser Auftrag Jeder Person den Zugang zu grundlegenden Kenntnissen einer Sprache, einer Kultur, eines Konzepts, einer Lebenseinstellung und eines Know-hows erm\u00f6glichen. Nutzung eines Fernunterrichtsansatzes, der auf Animationen in der Muttersprache der betreffenden Person basiert ist und Charaktere zeigt, die keine ethnische Herkunft stigmatisieren und die Gleichstellung der Geschlechter f\u00f6rdern. Unsere&hellip;&nbsp;Weiterlesen &raquo;Auftrag","og_url":"https:\/\/www.ludo-vic.com\/de\/auftrag\/","og_site_name":"LUDO-VIC","article_modified_time":"2022-01-17T10:55:32+00:00","og_image":[{"url":"https:\/\/www.ludo-vic.com\/wp-content\/uploads\/2021\/12\/2.png","type":"","width":"","height":""}],"twitter_card":"summary_large_image","twitter_misc":{"Gesch\u00e4tzte Lesezeit":"1\u00a0Minute"},"schema":{"@context":"https:\/\/schema.org","@graph":[{"@type":"WebPage","@id":"https:\/\/www.ludo-vic.com\/de\/auftrag\/","url":"https:\/\/www.ludo-vic.com\/de\/auftrag\/","name":"Auftrag - LUDO-VIC","isPartOf":{"@id":"https:\/\/www.ludo-vic.com\/en\/#website"},"primaryImageOfPage":{"@id":"https:\/\/www.ludo-vic.com\/de\/auftrag\/#primaryimage"},"image":{"@id":"https:\/\/www.ludo-vic.com\/de\/auftrag\/#primaryimage"},"thumbnailUrl":"https:\/\/www.ludo-vic.com\/wp-content\/uploads\/2021\/12\/2.png","datePublished":"2022-01-17T10:48:27+00:00","dateModified":"2022-01-17T10:55:32+00:00","breadcrumb":{"@id":"https:\/\/www.ludo-vic.com\/de\/auftrag\/#breadcrumb"},"inLanguage":"de","potentialAction":[{"@type":"ReadAction","target":["https:\/\/www.ludo-vic.com\/de\/auftrag\/"]}]},{"@type":"ImageObject","inLanguage":"de","@id":"https:\/\/www.ludo-vic.com\/de\/auftrag\/#primaryimage","url":"https:\/\/www.ludo-vic.com\/wp-content\/uploads\/2021\/12\/2.png","contentUrl":"https:\/\/www.ludo-vic.com\/wp-content\/uploads\/2021\/12\/2.png"},{"@type":"BreadcrumbList","@id":"https:\/\/www.ludo-vic.com\/de\/auftrag\/#breadcrumb","itemListElement":[{"@type":"ListItem","position":1,"name":"Accueil","item":"https:\/\/www.ludo-vic.com\/"},{"@type":"ListItem","position":2,"name":"Auftrag"}]},{"@type":"WebSite","@id":"https:\/\/www.ludo-vic.com\/en\/#website","url":"https:\/\/www.ludo-vic.com\/en\/","name":"LUDO-VIC","description":"Initier, apprendre &amp; comprendre","publisher":{"@id":"https:\/\/www.ludo-vic.com\/en\/#organization"},"potentialAction":[{"@type":"SearchAction","target":{"@type":"EntryPoint","urlTemplate":"https:\/\/www.ludo-vic.com\/en\/?s={search_term_string}"},"query-input":{"@type":"PropertyValueSpecification","valueRequired":true,"valueName":"search_term_string"}}],"inLanguage":"de"},{"@type":"Organization","@id":"https:\/\/www.ludo-vic.com\/en\/#organization","name":"LUDO-VIC","url":"https:\/\/www.ludo-vic.com\/en\/","logo":{"@type":"ImageObject","inLanguage":"de","@id":"https:\/\/www.ludo-vic.com\/en\/#\/schema\/logo\/image\/","url":"https:\/\/www.ludo-vic.com\/wp-content\/uploads\/2021\/12\/LogoLudo-Vic-20190613.png","contentUrl":"https:\/\/www.ludo-vic.com\/wp-content\/uploads\/2021\/12\/LogoLudo-Vic-20190613.png","width":614,"height":325,"caption":"LUDO-VIC"},"image":{"@id":"https:\/\/www.ludo-vic.com\/en\/#\/schema\/logo\/image\/"}}]}},"_links":{"self":[{"href":"https:\/\/www.ludo-vic.com\/de\/wp-json\/wp\/v2\/pages\/31572"}],"collection":[{"href":"https:\/\/www.ludo-vic.com\/de\/wp-json\/wp\/v2\/pages"}],"about":[{"href":"https:\/\/www.ludo-vic.com\/de\/wp-json\/wp\/v2\/types\/page"}],"author":[{"embeddable":true,"href":"https:\/\/www.ludo-vic.com\/de\/wp-json\/wp\/v2\/users\/12"}],"replies":[{"embeddable":true,"href":"https:\/\/www.ludo-vic.com\/de\/wp-json\/wp\/v2\/comments?post=31572"}],"version-history":[{"count":21,"href":"https:\/\/www.ludo-vic.com\/de\/wp-json\/wp\/v2\/pages\/31572\/revisions"}],"predecessor-version":[{"id":31595,"href":"https:\/\/www.ludo-vic.com\/de\/wp-json\/wp\/v2\/pages\/31572\/revisions\/31595"}],"wp:attachment":[{"href":"https:\/\/www.ludo-vic.com\/de\/wp-json\/wp\/v2\/media?parent=31572"}],"curies":[{"name":"wp","href":"https:\/\/api.w.org\/{rel}","templated":true}]}}