{"id":32091,"date":"2022-01-28T15:28:02","date_gmt":"2022-01-28T14:28:02","guid":{"rendered":"https:\/\/www.ludo-vic.com\/?page_id=32091"},"modified":"2022-01-28T17:50:27","modified_gmt":"2022-01-28T16:50:27","slug":"sobre-nos","status":"publish","type":"page","link":"https:\/\/www.ludo-vic.com\/pt-br\/sobre-nos\/","title":{"rendered":"Sobre N\u00f3s"},"content":{"rendered":"\t\t<div data-elementor-type=\"wp-page\" data-elementor-id=\"32091\" class=\"elementor elementor-32091\" data-elementor-post-type=\"page\">\n\t\t\t\t\t\t<section class=\"elementor-section elementor-top-section elementor-element elementor-element-ee10f1f elementor-section-boxed elementor-section-height-default elementor-section-height-default\" data-id=\"ee10f1f\" data-element_type=\"section\">\n\t\t\t\t\t\t<div class=\"elementor-container elementor-column-gap-default\">\n\t\t\t\t\t<div class=\"elementor-column elementor-col-100 elementor-top-column elementor-element elementor-element-de0281d\" data-id=\"de0281d\" data-element_type=\"column\" data-settings=\"{&quot;background_background&quot;:&quot;classic&quot;}\">\n\t\t\t<div class=\"elementor-widget-wrap elementor-element-populated\">\n\t\t\t\t\t\t<div class=\"elementor-element elementor-element-e32c61a elementor-widget elementor-widget-heading\" data-id=\"e32c61a\" data-element_type=\"widget\" data-widget_type=\"heading.default\">\n\t\t\t\t<div class=\"elementor-widget-container\">\n\t\t\t<h2 class=\"elementor-heading-title elementor-size-default\">Sobre N\u00f3s<\/h2>\t\t<\/div>\n\t\t\t\t<\/div>\n\t\t\t\t\t<\/div>\n\t\t<\/div>\n\t\t\t\t\t<\/div>\n\t\t<\/section>\n\t\t\t\t<section class=\"elementor-section elementor-top-section elementor-element elementor-element-fbe06b9 elementor-section-content-middle elementor-section-boxed elementor-section-height-default elementor-section-height-default\" data-id=\"fbe06b9\" data-element_type=\"section\">\n\t\t\t\t\t\t<div class=\"elementor-container elementor-column-gap-no\">\n\t\t\t\t\t<div class=\"elementor-column elementor-col-33 elementor-top-column elementor-element elementor-element-1b78ad44\" data-id=\"1b78ad44\" data-element_type=\"column\">\n\t\t\t<div class=\"elementor-widget-wrap elementor-element-populated\">\n\t\t\t\t\t\t<div class=\"elementor-element elementor-element-22e37a5 elementor-widget elementor-widget-image\" data-id=\"22e37a5\" data-element_type=\"widget\" data-widget_type=\"image.default\">\n\t\t\t\t<div class=\"elementor-widget-container\">\n\t\t\t\t\t\t\t\t\t\t\t\t\t<img fetchpriority=\"high\" decoding=\"async\" width=\"310\" height=\"250\" src=\"https:\/\/www.ludo-vic.com\/wp-content\/uploads\/2021\/12\/subject_we.jpg\" class=\"attachment-full size-full wp-image-32092\" alt=\"\" srcset=\"https:\/\/www.ludo-vic.com\/wp-content\/uploads\/2021\/12\/subject_we.jpg 310w, https:\/\/www.ludo-vic.com\/wp-content\/uploads\/2021\/12\/subject_we-300x242.jpg 300w\" sizes=\"(max-width: 310px) 100vw, 310px\" \/>\t\t\t\t\t\t\t\t\t\t\t\t\t<\/div>\n\t\t\t\t<\/div>\n\t\t\t\t\t<\/div>\n\t\t<\/div>\n\t\t\t\t<div class=\"elementor-column elementor-col-66 elementor-top-column elementor-element elementor-element-5925dc94\" data-id=\"5925dc94\" data-element_type=\"column\">\n\t\t\t<div class=\"elementor-widget-wrap elementor-element-populated\">\n\t\t\t\t\t\t<div class=\"elementor-element elementor-element-701949fc elementor-widget elementor-widget-heading\" data-id=\"701949fc\" data-element_type=\"widget\" data-widget_type=\"heading.default\">\n\t\t\t\t<div class=\"elementor-widget-container\">\n\t\t\t<h4 class=\"elementor-heading-title elementor-size-medium\">Por que \"Ludo-Vic\"?<\/h4>\t\t<\/div>\n\t\t\t\t<\/div>\n\t\t\t\t<div class=\"elementor-element elementor-element-6928591d elementor-widget elementor-widget-text-editor\" data-id=\"6928591d\" data-element_type=\"widget\" data-widget_type=\"text-editor.default\">\n\t\t\t\t<div class=\"elementor-widget-container\">\n\t\t\t\t\t\t\t<p>A origem desta ferramenta remonta aos primeiros tempos da escola de Victoria, a filha mais nova da fundadora. Para ajudar Vic a soletrar certas palavras corretamente, Jack Amberg desenvolveu um pequeno jogo chamado &#8220;Vic&#8217;s games&#8221;.<\/p>\n<p>Para se distinguir do ingl\u00eas, &#8220;Vics&#8217; games&#8221; tornou-se Ludo-Vic (Ludo = jogo em latim), que \u00e9 declinado em Ludwig em alem\u00e3o, Lodewijk em holand\u00eas, Lewis em ingl\u00eas, Lo\u00efc em bret\u00e3o, Luigi em italiano, Luis em espanhol, etc&#8230;<\/p>\n\t\t\t\t\t\t<\/div>\n\t\t\t\t<\/div>\n\t\t\t\t\t<\/div>\n\t\t<\/div>\n\t\t\t\t\t<\/div>\n\t\t<\/section>\n\t\t\t\t<\/div>\n\t\t","protected":false},"excerpt":{"rendered":"<p>Sobre N\u00f3s Por que &#8220;Ludo-Vic&#8221;? A origem desta ferramenta remonta aos primeiros tempos da escola de Victoria, a filha mais nova da fundadora. Para ajudar Vic a soletrar certas palavras corretamente, Jack Amberg desenvolveu um pequeno jogo chamado &#8220;Vic&#8217;s games&#8221;. Para se distinguir do ingl\u00eas, &#8220;Vics&#8217; games&#8221; tornou-se Ludo-Vic (Ludo = jogo em latim), que&hellip;&nbsp;<a href=\"https:\/\/www.ludo-vic.com\/pt-br\/sobre-nos\/\" class=\"\" rel=\"bookmark\">Continue a ler &raquo;<span class=\"screen-reader-text\">Sobre N\u00f3s<\/span><\/a><\/p>\n","protected":false},"author":12,"featured_media":0,"parent":0,"menu_order":0,"comment_status":"closed","ping_status":"closed","template":"page-templates\/template-pagebuilder-full-width.php","meta":{"_monsterinsights_skip_tracking":false,"_monsterinsights_sitenote_active":false,"_monsterinsights_sitenote_note":"","_monsterinsights_sitenote_category":0,"neve_meta_sidebar":"","neve_meta_container":"","neve_meta_enable_content_width":"off","neve_meta_content_width":100,"neve_meta_title_alignment":"","neve_meta_author_avatar":"","neve_post_elements_order":"","neve_meta_disable_header":"","neve_meta_disable_footer":"","neve_meta_disable_title":"","footnotes":""},"class_list":["post-32091","page","type-page","status-publish","hentry"],"yoast_head":"<!-- This site is optimized with the Yoast SEO plugin v25.6 - https:\/\/yoast.com\/wordpress\/plugins\/seo\/ -->\n<title>Sobre N\u00f3s - LUDO-VIC<\/title>\n<meta name=\"robots\" content=\"index, follow, max-snippet:-1, max-image-preview:large, max-video-preview:-1\" \/>\n<link rel=\"canonical\" href=\"https:\/\/www.ludo-vic.com\/pt-br\/sobre-nos\/\" \/>\n<meta property=\"og:locale\" content=\"pt_BR\" \/>\n<meta property=\"og:type\" content=\"article\" \/>\n<meta property=\"og:title\" content=\"Sobre N\u00f3s - LUDO-VIC\" \/>\n<meta property=\"og:description\" content=\"Sobre N\u00f3s Por que &#8220;Ludo-Vic&#8221;? A origem desta ferramenta remonta aos primeiros tempos da escola de Victoria, a filha mais nova da fundadora. Para ajudar Vic a soletrar certas palavras corretamente, Jack Amberg desenvolveu um pequeno jogo chamado &#8220;Vic&#8217;s games&#8221;. Para se distinguir do ingl\u00eas, &#8220;Vics&#8217; games&#8221; tornou-se Ludo-Vic (Ludo = jogo em latim), que&hellip;&nbsp;Continue a ler &raquo;Sobre N\u00f3s\" \/>\n<meta property=\"og:url\" content=\"https:\/\/www.ludo-vic.com\/pt-br\/sobre-nos\/\" \/>\n<meta property=\"og:site_name\" content=\"LUDO-VIC\" \/>\n<meta property=\"article:modified_time\" content=\"2022-01-28T16:50:27+00:00\" \/>\n<meta property=\"og:image\" content=\"https:\/\/www.ludo-vic.com\/wp-content\/uploads\/2021\/12\/subject_we.jpg\" \/>\n<meta name=\"twitter:card\" content=\"summary_large_image\" \/>\n<meta name=\"twitter:label1\" content=\"Est. tempo de leitura\" \/>\n\t<meta name=\"twitter:data1\" content=\"1 minuto\" \/>\n<script type=\"application\/ld+json\" class=\"yoast-schema-graph\">{\"@context\":\"https:\/\/schema.org\",\"@graph\":[{\"@type\":\"WebPage\",\"@id\":\"https:\/\/www.ludo-vic.com\/pt-br\/sobre-nos\/\",\"url\":\"https:\/\/www.ludo-vic.com\/pt-br\/sobre-nos\/\",\"name\":\"Sobre N\u00f3s - LUDO-VIC\",\"isPartOf\":{\"@id\":\"https:\/\/www.ludo-vic.com\/en\/#website\"},\"primaryImageOfPage\":{\"@id\":\"https:\/\/www.ludo-vic.com\/pt-br\/sobre-nos\/#primaryimage\"},\"image\":{\"@id\":\"https:\/\/www.ludo-vic.com\/pt-br\/sobre-nos\/#primaryimage\"},\"thumbnailUrl\":\"https:\/\/www.ludo-vic.com\/wp-content\/uploads\/2021\/12\/subject_we.jpg\",\"datePublished\":\"2022-01-28T14:28:02+00:00\",\"dateModified\":\"2022-01-28T16:50:27+00:00\",\"breadcrumb\":{\"@id\":\"https:\/\/www.ludo-vic.com\/pt-br\/sobre-nos\/#breadcrumb\"},\"inLanguage\":\"pt-BR\",\"potentialAction\":[{\"@type\":\"ReadAction\",\"target\":[\"https:\/\/www.ludo-vic.com\/pt-br\/sobre-nos\/\"]}]},{\"@type\":\"ImageObject\",\"inLanguage\":\"pt-BR\",\"@id\":\"https:\/\/www.ludo-vic.com\/pt-br\/sobre-nos\/#primaryimage\",\"url\":\"https:\/\/www.ludo-vic.com\/wp-content\/uploads\/2021\/12\/subject_we.jpg\",\"contentUrl\":\"https:\/\/www.ludo-vic.com\/wp-content\/uploads\/2021\/12\/subject_we.jpg\"},{\"@type\":\"BreadcrumbList\",\"@id\":\"https:\/\/www.ludo-vic.com\/pt-br\/sobre-nos\/#breadcrumb\",\"itemListElement\":[{\"@type\":\"ListItem\",\"position\":1,\"name\":\"Accueil\",\"item\":\"https:\/\/www.ludo-vic.com\/pt-br\/\"},{\"@type\":\"ListItem\",\"position\":2,\"name\":\"Sobre N\u00f3s\"}]},{\"@type\":\"WebSite\",\"@id\":\"https:\/\/www.ludo-vic.com\/en\/#website\",\"url\":\"https:\/\/www.ludo-vic.com\/en\/\",\"name\":\"LUDO-VIC\",\"description\":\"Initier, apprendre &amp; comprendre\",\"publisher\":{\"@id\":\"https:\/\/www.ludo-vic.com\/en\/#organization\"},\"potentialAction\":[{\"@type\":\"SearchAction\",\"target\":{\"@type\":\"EntryPoint\",\"urlTemplate\":\"https:\/\/www.ludo-vic.com\/en\/?s={search_term_string}\"},\"query-input\":{\"@type\":\"PropertyValueSpecification\",\"valueRequired\":true,\"valueName\":\"search_term_string\"}}],\"inLanguage\":\"pt-BR\"},{\"@type\":\"Organization\",\"@id\":\"https:\/\/www.ludo-vic.com\/en\/#organization\",\"name\":\"LUDO-VIC\",\"url\":\"https:\/\/www.ludo-vic.com\/en\/\",\"logo\":{\"@type\":\"ImageObject\",\"inLanguage\":\"pt-BR\",\"@id\":\"https:\/\/www.ludo-vic.com\/en\/#\/schema\/logo\/image\/\",\"url\":\"https:\/\/www.ludo-vic.com\/wp-content\/uploads\/2021\/12\/LogoLudo-Vic-20190613.png\",\"contentUrl\":\"https:\/\/www.ludo-vic.com\/wp-content\/uploads\/2021\/12\/LogoLudo-Vic-20190613.png\",\"width\":614,\"height\":325,\"caption\":\"LUDO-VIC\"},\"image\":{\"@id\":\"https:\/\/www.ludo-vic.com\/en\/#\/schema\/logo\/image\/\"}}]}<\/script>\n<!-- \/ Yoast SEO plugin. -->","yoast_head_json":{"title":"Sobre N\u00f3s - LUDO-VIC","robots":{"index":"index","follow":"follow","max-snippet":"max-snippet:-1","max-image-preview":"max-image-preview:large","max-video-preview":"max-video-preview:-1"},"canonical":"https:\/\/www.ludo-vic.com\/pt-br\/sobre-nos\/","og_locale":"pt_BR","og_type":"article","og_title":"Sobre N\u00f3s - LUDO-VIC","og_description":"Sobre N\u00f3s Por que &#8220;Ludo-Vic&#8221;? A origem desta ferramenta remonta aos primeiros tempos da escola de Victoria, a filha mais nova da fundadora. Para ajudar Vic a soletrar certas palavras corretamente, Jack Amberg desenvolveu um pequeno jogo chamado &#8220;Vic&#8217;s games&#8221;. Para se distinguir do ingl\u00eas, &#8220;Vics&#8217; games&#8221; tornou-se Ludo-Vic (Ludo = jogo em latim), que&hellip;&nbsp;Continue a ler &raquo;Sobre N\u00f3s","og_url":"https:\/\/www.ludo-vic.com\/pt-br\/sobre-nos\/","og_site_name":"LUDO-VIC","article_modified_time":"2022-01-28T16:50:27+00:00","og_image":[{"url":"https:\/\/www.ludo-vic.com\/wp-content\/uploads\/2021\/12\/subject_we.jpg","type":"","width":"","height":""}],"twitter_card":"summary_large_image","twitter_misc":{"Est. tempo de leitura":"1 minuto"},"schema":{"@context":"https:\/\/schema.org","@graph":[{"@type":"WebPage","@id":"https:\/\/www.ludo-vic.com\/pt-br\/sobre-nos\/","url":"https:\/\/www.ludo-vic.com\/pt-br\/sobre-nos\/","name":"Sobre N\u00f3s - LUDO-VIC","isPartOf":{"@id":"https:\/\/www.ludo-vic.com\/en\/#website"},"primaryImageOfPage":{"@id":"https:\/\/www.ludo-vic.com\/pt-br\/sobre-nos\/#primaryimage"},"image":{"@id":"https:\/\/www.ludo-vic.com\/pt-br\/sobre-nos\/#primaryimage"},"thumbnailUrl":"https:\/\/www.ludo-vic.com\/wp-content\/uploads\/2021\/12\/subject_we.jpg","datePublished":"2022-01-28T14:28:02+00:00","dateModified":"2022-01-28T16:50:27+00:00","breadcrumb":{"@id":"https:\/\/www.ludo-vic.com\/pt-br\/sobre-nos\/#breadcrumb"},"inLanguage":"pt-BR","potentialAction":[{"@type":"ReadAction","target":["https:\/\/www.ludo-vic.com\/pt-br\/sobre-nos\/"]}]},{"@type":"ImageObject","inLanguage":"pt-BR","@id":"https:\/\/www.ludo-vic.com\/pt-br\/sobre-nos\/#primaryimage","url":"https:\/\/www.ludo-vic.com\/wp-content\/uploads\/2021\/12\/subject_we.jpg","contentUrl":"https:\/\/www.ludo-vic.com\/wp-content\/uploads\/2021\/12\/subject_we.jpg"},{"@type":"BreadcrumbList","@id":"https:\/\/www.ludo-vic.com\/pt-br\/sobre-nos\/#breadcrumb","itemListElement":[{"@type":"ListItem","position":1,"name":"Accueil","item":"https:\/\/www.ludo-vic.com\/pt-br\/"},{"@type":"ListItem","position":2,"name":"Sobre N\u00f3s"}]},{"@type":"WebSite","@id":"https:\/\/www.ludo-vic.com\/en\/#website","url":"https:\/\/www.ludo-vic.com\/en\/","name":"LUDO-VIC","description":"Initier, apprendre &amp; comprendre","publisher":{"@id":"https:\/\/www.ludo-vic.com\/en\/#organization"},"potentialAction":[{"@type":"SearchAction","target":{"@type":"EntryPoint","urlTemplate":"https:\/\/www.ludo-vic.com\/en\/?s={search_term_string}"},"query-input":{"@type":"PropertyValueSpecification","valueRequired":true,"valueName":"search_term_string"}}],"inLanguage":"pt-BR"},{"@type":"Organization","@id":"https:\/\/www.ludo-vic.com\/en\/#organization","name":"LUDO-VIC","url":"https:\/\/www.ludo-vic.com\/en\/","logo":{"@type":"ImageObject","inLanguage":"pt-BR","@id":"https:\/\/www.ludo-vic.com\/en\/#\/schema\/logo\/image\/","url":"https:\/\/www.ludo-vic.com\/wp-content\/uploads\/2021\/12\/LogoLudo-Vic-20190613.png","contentUrl":"https:\/\/www.ludo-vic.com\/wp-content\/uploads\/2021\/12\/LogoLudo-Vic-20190613.png","width":614,"height":325,"caption":"LUDO-VIC"},"image":{"@id":"https:\/\/www.ludo-vic.com\/en\/#\/schema\/logo\/image\/"}}]}},"_links":{"self":[{"href":"https:\/\/www.ludo-vic.com\/pt-br\/wp-json\/wp\/v2\/pages\/32091"}],"collection":[{"href":"https:\/\/www.ludo-vic.com\/pt-br\/wp-json\/wp\/v2\/pages"}],"about":[{"href":"https:\/\/www.ludo-vic.com\/pt-br\/wp-json\/wp\/v2\/types\/page"}],"author":[{"embeddable":true,"href":"https:\/\/www.ludo-vic.com\/pt-br\/wp-json\/wp\/v2\/users\/12"}],"replies":[{"embeddable":true,"href":"https:\/\/www.ludo-vic.com\/pt-br\/wp-json\/wp\/v2\/comments?post=32091"}],"version-history":[{"count":14,"href":"https:\/\/www.ludo-vic.com\/pt-br\/wp-json\/wp\/v2\/pages\/32091\/revisions"}],"predecessor-version":[{"id":32162,"href":"https:\/\/www.ludo-vic.com\/pt-br\/wp-json\/wp\/v2\/pages\/32091\/revisions\/32162"}],"wp:attachment":[{"href":"https:\/\/www.ludo-vic.com\/pt-br\/wp-json\/wp\/v2\/media?parent=32091"}],"curies":[{"name":"wp","href":"https:\/\/api.w.org\/{rel}","templated":true}]}}