{"id":32109,"date":"2022-01-28T15:47:06","date_gmt":"2022-01-28T14:47:06","guid":{"rendered":"https:\/\/www.ludo-vic.com\/?page_id=32109"},"modified":"2022-01-28T15:50:19","modified_gmt":"2022-01-28T14:50:19","slug":"missao","status":"publish","type":"page","link":"https:\/\/www.ludo-vic.com\/pt-br\/missao\/","title":{"rendered":"Miss\u00e3o"},"content":{"rendered":"\t\t<div data-elementor-type=\"wp-page\" data-elementor-id=\"32109\" class=\"elementor elementor-32109\" data-elementor-post-type=\"page\">\n\t\t\t\t\t\t<section class=\"elementor-section elementor-top-section elementor-element elementor-element-272a8ce elementor-section-boxed elementor-section-height-default elementor-section-height-default\" data-id=\"272a8ce\" data-element_type=\"section\">\n\t\t\t\t\t\t<div class=\"elementor-container elementor-column-gap-default\">\n\t\t\t\t\t<div class=\"elementor-column elementor-col-100 elementor-top-column elementor-element elementor-element-71d7251b\" data-id=\"71d7251b\" data-element_type=\"column\" data-settings=\"{&quot;background_background&quot;:&quot;classic&quot;}\">\n\t\t\t<div class=\"elementor-widget-wrap elementor-element-populated\">\n\t\t\t\t\t\t<div class=\"elementor-element elementor-element-465a3125 elementor-widget elementor-widget-heading\" data-id=\"465a3125\" data-element_type=\"widget\" data-widget_type=\"heading.default\">\n\t\t\t\t<div class=\"elementor-widget-container\">\n\t\t\t<h2 class=\"elementor-heading-title elementor-size-default\">Miss\u00e3o<\/h2>\t\t<\/div>\n\t\t\t\t<\/div>\n\t\t\t\t\t<\/div>\n\t\t<\/div>\n\t\t\t\t\t<\/div>\n\t\t<\/section>\n\t\t\t\t<section class=\"elementor-section elementor-top-section elementor-element elementor-element-6cddc2c elementor-section-boxed elementor-section-height-default elementor-section-height-default\" data-id=\"6cddc2c\" data-element_type=\"section\">\n\t\t\t\t\t\t<div class=\"elementor-container elementor-column-gap-default\">\n\t\t\t\t\t<div class=\"elementor-column elementor-col-100 elementor-top-column elementor-element elementor-element-06ffb5a\" data-id=\"06ffb5a\" data-element_type=\"column\">\n\t\t\t<div class=\"elementor-widget-wrap elementor-element-populated\">\n\t\t\t\t\t\t<div class=\"elementor-element elementor-element-156e86f elementor-position-top elementor-widget elementor-widget-image-box\" data-id=\"156e86f\" data-element_type=\"widget\" data-widget_type=\"image-box.default\">\n\t\t\t\t<div class=\"elementor-widget-container\">\n\t\t\t<div class=\"elementor-image-box-wrapper\"><figure class=\"elementor-image-box-img\"><img fetchpriority=\"high\" decoding=\"async\" width=\"409\" height=\"269\" src=\"https:\/\/www.ludo-vic.com\/wp-content\/uploads\/2021\/12\/2.png\" class=\"attachment-full size-full wp-image-32110\" alt=\"\" srcset=\"https:\/\/www.ludo-vic.com\/wp-content\/uploads\/2021\/12\/2.png 409w, https:\/\/www.ludo-vic.com\/wp-content\/uploads\/2021\/12\/2-300x197.png 300w\" sizes=\"(max-width: 409px) 100vw, 409px\" \/><\/figure><div class=\"elementor-image-box-content\"><h3 class=\"elementor-image-box-title\">Iniciar, aprender e entender<\/h3><\/div><\/div>\t\t<\/div>\n\t\t\t\t<\/div>\n\t\t\t\t\t<\/div>\n\t\t<\/div>\n\t\t\t\t\t<\/div>\n\t\t<\/section>\n\t\t\t\t<section class=\"elementor-section elementor-top-section elementor-element elementor-element-7b822710 elementor-section-content-middle elementor-section-boxed elementor-section-height-default elementor-section-height-default\" data-id=\"7b822710\" data-element_type=\"section\" data-settings=\"{&quot;background_background&quot;:&quot;classic&quot;}\">\n\t\t\t\t\t\t<div class=\"elementor-container elementor-column-gap-no\">\n\t\t\t\t\t<div class=\"elementor-column elementor-col-100 elementor-top-column elementor-element elementor-element-4b6b7536\" data-id=\"4b6b7536\" data-element_type=\"column\">\n\t\t\t<div class=\"elementor-widget-wrap elementor-element-populated\">\n\t\t\t\t\t\t<section class=\"elementor-section elementor-inner-section elementor-element elementor-element-2882537f elementor-section-boxed elementor-section-height-default elementor-section-height-default\" data-id=\"2882537f\" data-element_type=\"section\">\n\t\t\t\t\t\t<div class=\"elementor-container elementor-column-gap-default\">\n\t\t\t\t\t<div class=\"elementor-column elementor-col-50 elementor-inner-column elementor-element elementor-element-6ad3b6a6\" data-id=\"6ad3b6a6\" data-element_type=\"column\">\n\t\t\t<div class=\"elementor-widget-wrap elementor-element-populated\">\n\t\t\t\t\t\t<div class=\"elementor-element elementor-element-4d755466 elementor-view-default elementor-position-top elementor-mobile-position-top elementor-widget elementor-widget-icon-box\" data-id=\"4d755466\" data-element_type=\"widget\" data-widget_type=\"icon-box.default\">\n\t\t\t\t<div class=\"elementor-widget-container\">\n\t\t\t\t\t<div class=\"elementor-icon-box-wrapper\">\n\t\t\t\t\t\t<div class=\"elementor-icon-box-icon\">\n\t\t\t\t<span  class=\"elementor-icon elementor-animation-\">\n\t\t\t\t<i aria-hidden=\"true\" class=\"fas fa-rocket\"><\/i>\t\t\t\t<\/span>\n\t\t\t<\/div>\n\t\t\t\t\t\t<div class=\"elementor-icon-box-content\">\n\t\t\t\t<h3 class=\"elementor-icon-box-title\">\n\t\t\t\t\t<span  >\n\t\t\t\t\t\tNOSSA MISS\u00c3O\t\t\t\t\t<\/span>\n\t\t\t\t<\/h3>\n\t\t\t\t\t\t\t\t\t<p class=\"elementor-icon-box-description\">\n\t\t\t\t\t\tPermitir que qualquer pessoa tenha acesso a um conhecimento b\u00e1sico de uma l\u00edngua, uma cultura, um conceito, um modo de ser e uma habilidade.\nUtilizar uma abordagem de ensino \u00e0 dist\u00e2ncia baseada em anima\u00e7\u00f5es na l\u00edngua materna dessa pessoa, apresentando personagens que n\u00e3o estigmatizam nenhuma origem \u00e9tnica, e promovendo a igualdade de g\u00eanero.\t\t\t\t\t<\/p>\n\t\t\t\t\t\t\t<\/div>\n\t\t<\/div>\n\t\t\t\t<\/div>\n\t\t\t\t<\/div>\n\t\t\t\t\t<\/div>\n\t\t<\/div>\n\t\t\t\t<div class=\"elementor-column elementor-col-50 elementor-inner-column elementor-element elementor-element-1adbf446\" data-id=\"1adbf446\" data-element_type=\"column\">\n\t\t\t<div class=\"elementor-widget-wrap elementor-element-populated\">\n\t\t\t\t\t\t<div class=\"elementor-element elementor-element-4f421dec elementor-view-default elementor-position-top elementor-mobile-position-top elementor-widget elementor-widget-icon-box\" data-id=\"4f421dec\" data-element_type=\"widget\" data-widget_type=\"icon-box.default\">\n\t\t\t\t<div class=\"elementor-widget-container\">\n\t\t\t\t\t<div class=\"elementor-icon-box-wrapper\">\n\t\t\t\t\t\t<div class=\"elementor-icon-box-icon\">\n\t\t\t\t<span  class=\"elementor-icon elementor-animation-\">\n\t\t\t\t<svg xmlns=\"http:\/\/www.w3.org\/2000\/svg\" data-name=\"Layer 1\" id=\"Layer_1\" viewBox=\"0 0 64 64\"><title><\/title><rect height=\"6\" width=\"19\" x=\"23.00574\" y=\"56\"><\/rect><rect height=\"5.00001\" transform=\"translate(-4.73979 10.43222) rotate(-45)\" width=\"19.00002\" x=\"0.72289\" y=\"8.43754\"><\/rect><rect height=\"19.00004\" transform=\"translate(8.19277 41.39323) rotate(-45)\" width=\"4.99998\" x=\"51.56245\" y=\"1.30705\"><\/rect><path d=\"M44.55634,9.7066,41.865,9.59253a5.05767,5.05767,0,0,0-4.28314,1.43164l-5.50446,5.50446-5.75354-5.75354a3.8392,3.8392,0,0,0-3.85785-.90894A3.618,3.618,0,0,1,18.855,8.963l-.85388-.85388L7.39447,18.7157l1.728,1.728-.11408,2.69123A5.05776,5.05776,0,0,0,10.44,27.41809l9.61243,9.61243a4.98517,4.98517,0,0,1,1.69067-3.25891l-2.99493-2.99494.70709-.70709,3.12824,3.12823a4.94908,4.94908,0,0,1,1.42236-.54058V28.96332l-1.72217-1.72217.70709-.70715,1.01508,1.01507V22.19922a3.60983,3.60983,0,0,1,3.14258-3.625,3.506,3.506,0,0,1,.99078.0448l-1.22949-1.22949.70715-.7071L29.413,18.47858a3.54221,3.54221,0,0,1,3.40339-1.90827,3.60085,3.60085,0,0,1,3.1748,3.332,3.55741,3.55741,0,0,1,1.8252-.332,3.62038,3.62038,0,0,1,3.18945,3.66309v3.42383a5.00355,5.00355,0,0,1,3.8161,3.62518l2.78851-2.78851.7071.70715L45.00226,31.5163c.00012.01373.0036.02655.0036.04034v3.32007a3.96267,3.96267,0,0,0,2.37891-1.12848l6.84014-6.84015a3.839,3.839,0,0,0,.90888-3.85785,3.61818,3.61818,0,0,1,.9032-3.61108l.85388-.85388L46.2843,7.97864Z\"><\/path><path d=\"M29.88043,21.68951a2.49081,2.49081,0,0,0-2.72583-2.18866,2.598,2.598,0,0,0-2.24225,2.62964V33.48785a4,4,0,0,0-4,4v9.67347a3.83915,3.83915,0,0,0,2.08521,3.3706,3.618,3.618,0,0,1,1.91479,3.192v1.20758h15V52.48785L41.896,50.66547a5.05755,5.05755,0,0,0,2.01635-4.041V31.48785a4,4,0,0,0-4-4V23.16528a2.62152,2.62152,0,0,0-2.27612-2.6676,2.49273,2.49273,0,0,0-2.68231,2.09906h.45843V38.0401h-1V22.59674h.5V20.16528a2.62152,2.62152,0,0,0-2.27612-2.6676,2.50036,2.50036,0,0,0-2.72388,2.49017v1.70166h.5V37.13287h-1V21.68951ZM25.31152,42.0401h-1v-8h1ZM39.41235,27.79834h1V38.2417h-1Z\"><\/path><\/svg>\t\t\t\t<\/span>\n\t\t\t<\/div>\n\t\t\t\t\t\t<div class=\"elementor-icon-box-content\">\n\t\t\t\t<h3 class=\"elementor-icon-box-title\">\n\t\t\t\t\t<span  >\n\t\t\t\t\t\tNOSSO IMPACTO SOCIAL\t\t\t\t\t<\/span>\n\t\t\t\t<\/h3>\n\t\t\t\t\t\t\t\t\t<p class=\"elementor-icon-box-description\">\n\t\t\t\t\t\tOferecer uma solu\u00e7\u00e3o pedag\u00f3gica universal e acess\u00edvel para qualquer inicia\u00e7\u00e3o de processos de aprendizagem ou conscientiza\u00e7\u00e3o.\n\nSer uma solu\u00e7\u00e3o para a integra\u00e7\u00e3o econ\u00f4mica e social dos indiv\u00edduos atrav\u00e9s do emprego, treinamento e educa\u00e7\u00e3o para a cidadania.\t\t\t\t\t<\/p>\n\t\t\t\t\t\t\t<\/div>\n\t\t<\/div>\n\t\t\t\t<\/div>\n\t\t\t\t<\/div>\n\t\t\t\t\t<\/div>\n\t\t<\/div>\n\t\t\t\t\t<\/div>\n\t\t<\/section>\n\t\t\t\t<section class=\"elementor-section elementor-inner-section elementor-element elementor-element-ab46c4a elementor-section-boxed elementor-section-height-default elementor-section-height-default\" data-id=\"ab46c4a\" data-element_type=\"section\">\n\t\t\t\t\t\t<div class=\"elementor-container elementor-column-gap-default\">\n\t\t\t\t\t<div class=\"elementor-column elementor-col-50 elementor-inner-column elementor-element elementor-element-75e6e182\" data-id=\"75e6e182\" data-element_type=\"column\">\n\t\t\t<div class=\"elementor-widget-wrap elementor-element-populated\">\n\t\t\t\t\t\t<div class=\"elementor-element elementor-element-3c8f1c5d elementor-view-default elementor-position-top elementor-mobile-position-top elementor-widget elementor-widget-icon-box\" data-id=\"3c8f1c5d\" data-element_type=\"widget\" data-widget_type=\"icon-box.default\">\n\t\t\t\t<div class=\"elementor-widget-container\">\n\t\t\t\t\t<div class=\"elementor-icon-box-wrapper\">\n\t\t\t\t\t\t<div class=\"elementor-icon-box-icon\">\n\t\t\t\t<span  class=\"elementor-icon elementor-animation-\">\n\t\t\t\t<i aria-hidden=\"true\" class=\"far fa-eye\"><\/i>\t\t\t\t<\/span>\n\t\t\t<\/div>\n\t\t\t\t\t\t<div class=\"elementor-icon-box-content\">\n\t\t\t\t<h3 class=\"elementor-icon-box-title\">\n\t\t\t\t\t<span  >\n\t\t\t\t\t\tNOSSA CONCLUS\u00c3O\t\t\t\t\t<\/span>\n\t\t\t\t<\/h3>\n\t\t\t\t\t\t\t\t\t<p class=\"elementor-icon-box-description\">\n\t\t\t\t\t\tPara aprender qualquer coisa na internet, voc\u00ea deve pelo menos ser capaz de ler.\nO uso da l\u00edngua materna e as situa\u00e7\u00f5es pr\u00e1ticas s\u00e3o acess\u00edveis a todos.\n\n\"Diga-me e eu esquecerei, mostre-me e talvez eu me lembre, envolva-me e eu entenderei\".\nBenjamin Franklin.\t\t\t\t\t<\/p>\n\t\t\t\t\t\t\t<\/div>\n\t\t<\/div>\n\t\t\t\t<\/div>\n\t\t\t\t<\/div>\n\t\t\t\t\t<\/div>\n\t\t<\/div>\n\t\t\t\t<div class=\"elementor-column elementor-col-50 elementor-inner-column elementor-element elementor-element-779de7b4\" data-id=\"779de7b4\" data-element_type=\"column\">\n\t\t\t<div class=\"elementor-widget-wrap elementor-element-populated\">\n\t\t\t\t\t\t<div class=\"elementor-element elementor-element-47568884 elementor-view-default elementor-position-top elementor-mobile-position-top elementor-widget elementor-widget-icon-box\" data-id=\"47568884\" data-element_type=\"widget\" data-widget_type=\"icon-box.default\">\n\t\t\t\t<div class=\"elementor-widget-container\">\n\t\t\t\t\t<div class=\"elementor-icon-box-wrapper\">\n\t\t\t\t\t\t<div class=\"elementor-icon-box-icon\">\n\t\t\t\t<span  class=\"elementor-icon elementor-animation-\">\n\t\t\t\t<i aria-hidden=\"true\" class=\"fas fa-euro-sign\"><\/i>\t\t\t\t<\/span>\n\t\t\t<\/div>\n\t\t\t\t\t\t<div class=\"elementor-icon-box-content\">\n\t\t\t\t<h3 class=\"elementor-icon-box-title\">\n\t\t\t\t\t<span  >\n\t\t\t\t\t\tOS CUSTOS DO PROBLEMA\t\t\t\t\t<\/span>\n\t\t\t\t<\/h3>\n\t\t\t\t\t\t\t\t\t<p class=\"elementor-icon-box-description\">\n\t\t\t\t\t\tCustos de treinamento, desemprego, exclus\u00e3o, acidentes de trabalho, estresse, dist\u00farbios mentais e psicol\u00f3gicos, perda de produtividade, custos humanos indiretos.\t\t\t\t\t<\/p>\n\t\t\t\t\t\t\t<\/div>\n\t\t<\/div>\n\t\t\t\t<\/div>\n\t\t\t\t<\/div>\n\t\t\t\t\t<\/div>\n\t\t<\/div>\n\t\t\t\t\t<\/div>\n\t\t<\/section>\n\t\t\t\t\t<\/div>\n\t\t<\/div>\n\t\t\t\t\t<\/div>\n\t\t<\/section>\n\t\t\t\t<\/div>\n\t\t","protected":false},"excerpt":{"rendered":"<p>Miss\u00e3o Iniciar, aprender e entender NOSSA MISS\u00c3O Permitir que qualquer pessoa tenha acesso a um conhecimento b\u00e1sico de uma l\u00edngua, uma cultura, um conceito, um modo de ser e uma habilidade. Utilizar uma abordagem de ensino \u00e0 dist\u00e2ncia baseada em anima\u00e7\u00f5es na l\u00edngua materna dessa pessoa, apresentando personagens que n\u00e3o estigmatizam nenhuma origem \u00e9tnica, e&hellip;&nbsp;<a href=\"https:\/\/www.ludo-vic.com\/pt-br\/missao\/\" class=\"\" rel=\"bookmark\">Continue a ler &raquo;<span class=\"screen-reader-text\">Miss\u00e3o<\/span><\/a><\/p>\n","protected":false},"author":10,"featured_media":0,"parent":0,"menu_order":0,"comment_status":"closed","ping_status":"closed","template":"","meta":{"_monsterinsights_skip_tracking":false,"_monsterinsights_sitenote_active":false,"_monsterinsights_sitenote_note":"","_monsterinsights_sitenote_category":0,"neve_meta_sidebar":"","neve_meta_container":"","neve_meta_enable_content_width":"","neve_meta_content_width":0,"neve_meta_title_alignment":"","neve_meta_author_avatar":"","neve_post_elements_order":"","neve_meta_disable_header":"","neve_meta_disable_footer":"","neve_meta_disable_title":"","footnotes":""},"class_list":["post-32109","page","type-page","status-publish","hentry"],"yoast_head":"<!-- This site is optimized with the Yoast SEO plugin v25.6 - https:\/\/yoast.com\/wordpress\/plugins\/seo\/ -->\n<title>Miss\u00e3o - LUDO-VIC<\/title>\n<meta name=\"robots\" content=\"index, follow, max-snippet:-1, max-image-preview:large, max-video-preview:-1\" \/>\n<link rel=\"canonical\" href=\"https:\/\/www.ludo-vic.com\/pt-br\/missao\/\" \/>\n<meta property=\"og:locale\" content=\"pt_BR\" \/>\n<meta property=\"og:type\" content=\"article\" \/>\n<meta property=\"og:title\" content=\"Miss\u00e3o - LUDO-VIC\" \/>\n<meta property=\"og:description\" content=\"Miss\u00e3o Iniciar, aprender e entender NOSSA MISS\u00c3O Permitir que qualquer pessoa tenha acesso a um conhecimento b\u00e1sico de uma l\u00edngua, uma cultura, um conceito, um modo de ser e uma habilidade. Utilizar uma abordagem de ensino \u00e0 dist\u00e2ncia baseada em anima\u00e7\u00f5es na l\u00edngua materna dessa pessoa, apresentando personagens que n\u00e3o estigmatizam nenhuma origem \u00e9tnica, e&hellip;&nbsp;Continue a ler &raquo;Miss\u00e3o\" \/>\n<meta property=\"og:url\" content=\"https:\/\/www.ludo-vic.com\/pt-br\/missao\/\" \/>\n<meta property=\"og:site_name\" content=\"LUDO-VIC\" \/>\n<meta property=\"article:modified_time\" content=\"2022-01-28T14:50:19+00:00\" \/>\n<meta property=\"og:image\" content=\"https:\/\/www.ludo-vic.com\/wp-content\/uploads\/2021\/12\/2.png\" \/>\n<meta name=\"twitter:card\" content=\"summary_large_image\" \/>\n<meta name=\"twitter:label1\" content=\"Est. tempo de leitura\" \/>\n\t<meta name=\"twitter:data1\" content=\"1 minuto\" \/>\n<script type=\"application\/ld+json\" class=\"yoast-schema-graph\">{\"@context\":\"https:\/\/schema.org\",\"@graph\":[{\"@type\":\"WebPage\",\"@id\":\"https:\/\/www.ludo-vic.com\/pt-br\/missao\/\",\"url\":\"https:\/\/www.ludo-vic.com\/pt-br\/missao\/\",\"name\":\"Miss\u00e3o - LUDO-VIC\",\"isPartOf\":{\"@id\":\"https:\/\/www.ludo-vic.com\/en\/#website\"},\"primaryImageOfPage\":{\"@id\":\"https:\/\/www.ludo-vic.com\/pt-br\/missao\/#primaryimage\"},\"image\":{\"@id\":\"https:\/\/www.ludo-vic.com\/pt-br\/missao\/#primaryimage\"},\"thumbnailUrl\":\"https:\/\/www.ludo-vic.com\/wp-content\/uploads\/2021\/12\/2.png\",\"datePublished\":\"2022-01-28T14:47:06+00:00\",\"dateModified\":\"2022-01-28T14:50:19+00:00\",\"breadcrumb\":{\"@id\":\"https:\/\/www.ludo-vic.com\/pt-br\/missao\/#breadcrumb\"},\"inLanguage\":\"pt-BR\",\"potentialAction\":[{\"@type\":\"ReadAction\",\"target\":[\"https:\/\/www.ludo-vic.com\/pt-br\/missao\/\"]}]},{\"@type\":\"ImageObject\",\"inLanguage\":\"pt-BR\",\"@id\":\"https:\/\/www.ludo-vic.com\/pt-br\/missao\/#primaryimage\",\"url\":\"https:\/\/www.ludo-vic.com\/wp-content\/uploads\/2021\/12\/2.png\",\"contentUrl\":\"https:\/\/www.ludo-vic.com\/wp-content\/uploads\/2021\/12\/2.png\"},{\"@type\":\"BreadcrumbList\",\"@id\":\"https:\/\/www.ludo-vic.com\/pt-br\/missao\/#breadcrumb\",\"itemListElement\":[{\"@type\":\"ListItem\",\"position\":1,\"name\":\"Accueil\",\"item\":\"https:\/\/www.ludo-vic.com\/pt-br\/\"},{\"@type\":\"ListItem\",\"position\":2,\"name\":\"Miss\u00e3o\"}]},{\"@type\":\"WebSite\",\"@id\":\"https:\/\/www.ludo-vic.com\/en\/#website\",\"url\":\"https:\/\/www.ludo-vic.com\/en\/\",\"name\":\"LUDO-VIC\",\"description\":\"Initier, apprendre &amp; comprendre\",\"publisher\":{\"@id\":\"https:\/\/www.ludo-vic.com\/en\/#organization\"},\"potentialAction\":[{\"@type\":\"SearchAction\",\"target\":{\"@type\":\"EntryPoint\",\"urlTemplate\":\"https:\/\/www.ludo-vic.com\/en\/?s={search_term_string}\"},\"query-input\":{\"@type\":\"PropertyValueSpecification\",\"valueRequired\":true,\"valueName\":\"search_term_string\"}}],\"inLanguage\":\"pt-BR\"},{\"@type\":\"Organization\",\"@id\":\"https:\/\/www.ludo-vic.com\/en\/#organization\",\"name\":\"LUDO-VIC\",\"url\":\"https:\/\/www.ludo-vic.com\/en\/\",\"logo\":{\"@type\":\"ImageObject\",\"inLanguage\":\"pt-BR\",\"@id\":\"https:\/\/www.ludo-vic.com\/en\/#\/schema\/logo\/image\/\",\"url\":\"https:\/\/www.ludo-vic.com\/wp-content\/uploads\/2021\/12\/LogoLudo-Vic-20190613.png\",\"contentUrl\":\"https:\/\/www.ludo-vic.com\/wp-content\/uploads\/2021\/12\/LogoLudo-Vic-20190613.png\",\"width\":614,\"height\":325,\"caption\":\"LUDO-VIC\"},\"image\":{\"@id\":\"https:\/\/www.ludo-vic.com\/en\/#\/schema\/logo\/image\/\"}}]}<\/script>\n<!-- \/ Yoast SEO plugin. -->","yoast_head_json":{"title":"Miss\u00e3o - LUDO-VIC","robots":{"index":"index","follow":"follow","max-snippet":"max-snippet:-1","max-image-preview":"max-image-preview:large","max-video-preview":"max-video-preview:-1"},"canonical":"https:\/\/www.ludo-vic.com\/pt-br\/missao\/","og_locale":"pt_BR","og_type":"article","og_title":"Miss\u00e3o - LUDO-VIC","og_description":"Miss\u00e3o Iniciar, aprender e entender NOSSA MISS\u00c3O Permitir que qualquer pessoa tenha acesso a um conhecimento b\u00e1sico de uma l\u00edngua, uma cultura, um conceito, um modo de ser e uma habilidade. Utilizar uma abordagem de ensino \u00e0 dist\u00e2ncia baseada em anima\u00e7\u00f5es na l\u00edngua materna dessa pessoa, apresentando personagens que n\u00e3o estigmatizam nenhuma origem \u00e9tnica, e&hellip;&nbsp;Continue a ler &raquo;Miss\u00e3o","og_url":"https:\/\/www.ludo-vic.com\/pt-br\/missao\/","og_site_name":"LUDO-VIC","article_modified_time":"2022-01-28T14:50:19+00:00","og_image":[{"url":"https:\/\/www.ludo-vic.com\/wp-content\/uploads\/2021\/12\/2.png","type":"","width":"","height":""}],"twitter_card":"summary_large_image","twitter_misc":{"Est. tempo de leitura":"1 minuto"},"schema":{"@context":"https:\/\/schema.org","@graph":[{"@type":"WebPage","@id":"https:\/\/www.ludo-vic.com\/pt-br\/missao\/","url":"https:\/\/www.ludo-vic.com\/pt-br\/missao\/","name":"Miss\u00e3o - LUDO-VIC","isPartOf":{"@id":"https:\/\/www.ludo-vic.com\/en\/#website"},"primaryImageOfPage":{"@id":"https:\/\/www.ludo-vic.com\/pt-br\/missao\/#primaryimage"},"image":{"@id":"https:\/\/www.ludo-vic.com\/pt-br\/missao\/#primaryimage"},"thumbnailUrl":"https:\/\/www.ludo-vic.com\/wp-content\/uploads\/2021\/12\/2.png","datePublished":"2022-01-28T14:47:06+00:00","dateModified":"2022-01-28T14:50:19+00:00","breadcrumb":{"@id":"https:\/\/www.ludo-vic.com\/pt-br\/missao\/#breadcrumb"},"inLanguage":"pt-BR","potentialAction":[{"@type":"ReadAction","target":["https:\/\/www.ludo-vic.com\/pt-br\/missao\/"]}]},{"@type":"ImageObject","inLanguage":"pt-BR","@id":"https:\/\/www.ludo-vic.com\/pt-br\/missao\/#primaryimage","url":"https:\/\/www.ludo-vic.com\/wp-content\/uploads\/2021\/12\/2.png","contentUrl":"https:\/\/www.ludo-vic.com\/wp-content\/uploads\/2021\/12\/2.png"},{"@type":"BreadcrumbList","@id":"https:\/\/www.ludo-vic.com\/pt-br\/missao\/#breadcrumb","itemListElement":[{"@type":"ListItem","position":1,"name":"Accueil","item":"https:\/\/www.ludo-vic.com\/pt-br\/"},{"@type":"ListItem","position":2,"name":"Miss\u00e3o"}]},{"@type":"WebSite","@id":"https:\/\/www.ludo-vic.com\/en\/#website","url":"https:\/\/www.ludo-vic.com\/en\/","name":"LUDO-VIC","description":"Initier, apprendre &amp; comprendre","publisher":{"@id":"https:\/\/www.ludo-vic.com\/en\/#organization"},"potentialAction":[{"@type":"SearchAction","target":{"@type":"EntryPoint","urlTemplate":"https:\/\/www.ludo-vic.com\/en\/?s={search_term_string}"},"query-input":{"@type":"PropertyValueSpecification","valueRequired":true,"valueName":"search_term_string"}}],"inLanguage":"pt-BR"},{"@type":"Organization","@id":"https:\/\/www.ludo-vic.com\/en\/#organization","name":"LUDO-VIC","url":"https:\/\/www.ludo-vic.com\/en\/","logo":{"@type":"ImageObject","inLanguage":"pt-BR","@id":"https:\/\/www.ludo-vic.com\/en\/#\/schema\/logo\/image\/","url":"https:\/\/www.ludo-vic.com\/wp-content\/uploads\/2021\/12\/LogoLudo-Vic-20190613.png","contentUrl":"https:\/\/www.ludo-vic.com\/wp-content\/uploads\/2021\/12\/LogoLudo-Vic-20190613.png","width":614,"height":325,"caption":"LUDO-VIC"},"image":{"@id":"https:\/\/www.ludo-vic.com\/en\/#\/schema\/logo\/image\/"}}]}},"_links":{"self":[{"href":"https:\/\/www.ludo-vic.com\/pt-br\/wp-json\/wp\/v2\/pages\/32109"}],"collection":[{"href":"https:\/\/www.ludo-vic.com\/pt-br\/wp-json\/wp\/v2\/pages"}],"about":[{"href":"https:\/\/www.ludo-vic.com\/pt-br\/wp-json\/wp\/v2\/types\/page"}],"author":[{"embeddable":true,"href":"https:\/\/www.ludo-vic.com\/pt-br\/wp-json\/wp\/v2\/users\/10"}],"replies":[{"embeddable":true,"href":"https:\/\/www.ludo-vic.com\/pt-br\/wp-json\/wp\/v2\/comments?post=32109"}],"version-history":[{"count":3,"href":"https:\/\/www.ludo-vic.com\/pt-br\/wp-json\/wp\/v2\/pages\/32109\/revisions"}],"predecessor-version":[{"id":32116,"href":"https:\/\/www.ludo-vic.com\/pt-br\/wp-json\/wp\/v2\/pages\/32109\/revisions\/32116"}],"wp:attachment":[{"href":"https:\/\/www.ludo-vic.com\/pt-br\/wp-json\/wp\/v2\/media?parent=32109"}],"curies":[{"name":"wp","href":"https:\/\/api.w.org\/{rel}","templated":true}]}}