{"id":32117,"date":"2022-01-28T15:52:59","date_gmt":"2022-01-28T14:52:59","guid":{"rendered":"https:\/\/www.ludo-vic.com\/?page_id=32117"},"modified":"2022-02-14T15:43:03","modified_gmt":"2022-02-14T14:43:03","slug":"a-equipe","status":"publish","type":"page","link":"https:\/\/www.ludo-vic.com\/pt-br\/a-equipe\/","title":{"rendered":"A Equipe"},"content":{"rendered":"\t\t<div data-elementor-type=\"wp-page\" data-elementor-id=\"32117\" class=\"elementor elementor-32117\" data-elementor-post-type=\"page\">\n\t\t\t\t\t\t<section class=\"elementor-section elementor-top-section elementor-element elementor-element-cacb41c elementor-section-boxed elementor-section-height-default elementor-section-height-default\" data-id=\"cacb41c\" data-element_type=\"section\">\n\t\t\t\t\t\t<div class=\"elementor-container elementor-column-gap-default\">\n\t\t\t\t\t<div class=\"elementor-column elementor-col-100 elementor-top-column elementor-element elementor-element-35b4db9d\" data-id=\"35b4db9d\" data-element_type=\"column\" data-settings=\"{&quot;background_background&quot;:&quot;classic&quot;}\">\n\t\t\t<div class=\"elementor-widget-wrap elementor-element-populated\">\n\t\t\t\t\t\t<div class=\"elementor-element elementor-element-30c5352e elementor-widget elementor-widget-heading\" data-id=\"30c5352e\" data-element_type=\"widget\" data-widget_type=\"heading.default\">\n\t\t\t\t<div class=\"elementor-widget-container\">\n\t\t\t<h2 class=\"elementor-heading-title elementor-size-default\">Diretor e fundador<\/h2>\t\t<\/div>\n\t\t\t\t<\/div>\n\t\t\t\t\t<\/div>\n\t\t<\/div>\n\t\t\t\t\t<\/div>\n\t\t<\/section>\n\t\t\t\t<section class=\"elementor-section elementor-top-section elementor-element elementor-element-10aa09f9 elementor-section-content-middle elementor-section-boxed elementor-section-height-default elementor-section-height-default\" data-id=\"10aa09f9\" data-element_type=\"section\">\n\t\t\t\t\t\t<div class=\"elementor-container elementor-column-gap-default\">\n\t\t\t\t\t<div class=\"elementor-column elementor-col-33 elementor-top-column elementor-element elementor-element-4c4ab0ab\" data-id=\"4c4ab0ab\" data-element_type=\"column\">\n\t\t\t<div class=\"elementor-widget-wrap elementor-element-populated\">\n\t\t\t\t\t\t<div class=\"elementor-element elementor-element-2e6cf2eb elementor-absolute elementor-widget-tablet__width-initial elementor-widget-mobile__width-initial elementor-widget elementor-widget-image\" data-id=\"2e6cf2eb\" data-element_type=\"widget\" data-settings=\"{&quot;_position&quot;:&quot;absolute&quot;}\" data-widget_type=\"image.default\">\n\t\t\t\t<div class=\"elementor-widget-container\">\n\t\t\t\t\t\t\t\t\t\t\t\t\t<img fetchpriority=\"high\" decoding=\"async\" width=\"245\" height=\"327\" src=\"https:\/\/www.ludo-vic.com\/wp-content\/uploads\/2019\/02\/Jack-Amberg-Ludo-Vic.jpg\" class=\"attachment-full size-full wp-image-244\" alt=\"Jack Amberg - Ludo Vic\" srcset=\"https:\/\/www.ludo-vic.com\/wp-content\/uploads\/2019\/02\/Jack-Amberg-Ludo-Vic.jpg 245w, https:\/\/www.ludo-vic.com\/wp-content\/uploads\/2019\/02\/Jack-Amberg-Ludo-Vic-225x300.jpg 225w\" sizes=\"(max-width: 245px) 100vw, 245px\" \/>\t\t\t\t\t\t\t\t\t\t\t\t\t<\/div>\n\t\t\t\t<\/div>\n\t\t\t\t\t<\/div>\n\t\t<\/div>\n\t\t\t\t<div class=\"elementor-column elementor-col-66 elementor-top-column elementor-element elementor-element-2817eab\" data-id=\"2817eab\" data-element_type=\"column\">\n\t\t\t<div class=\"elementor-widget-wrap elementor-element-populated\">\n\t\t\t\t\t\t<div class=\"elementor-element elementor-element-dee68c8 elementor-widget elementor-widget-heading\" data-id=\"dee68c8\" data-element_type=\"widget\" data-widget_type=\"heading.default\">\n\t\t\t\t<div class=\"elementor-widget-container\">\n\t\t\t<h4 class=\"elementor-heading-title elementor-size-medium\">Jack AMBERG<\/h4>\t\t<\/div>\n\t\t\t\t<\/div>\n\t\t\t\t<div class=\"elementor-element elementor-element-77444cf elementor-widget elementor-widget-heading\" data-id=\"77444cf\" data-element_type=\"widget\" data-widget_type=\"heading.default\">\n\t\t\t\t<div class=\"elementor-widget-container\">\n\t\t\t<h4 class=\"elementor-heading-title elementor-size-small\">Fundador, CEO<\/h4>\t\t<\/div>\n\t\t\t\t<\/div>\n\t\t\t\t<div class=\"elementor-element elementor-element-46d86a3d elementor-widget elementor-widget-text-editor\" data-id=\"46d86a3d\" data-element_type=\"widget\" data-widget_type=\"text-editor.default\">\n\t\t\t\t<div class=\"elementor-widget-container\">\n\t\t\t\t\t\t\t<p>Jacques-Olivier (Jack) AMBERG,<br \/>\nEngenheiro de Ci\u00eancia da Computa\u00e7\u00e3o ENSIMAG 1979,<br \/>\nMBA em Finan\u00e7as Internacionais \u2013 UCLA 1981.<br \/>\nVinte anos de experi\u00eancia no mundo de recrutamento de talentos em toda a Europa me convenceram da import\u00e2ncia da comunica\u00e7\u00e3o em v\u00e1rios idiomas.<br \/>\n\u201cTer id\u00e9ias mas n\u00e3o ser compreendido\u201d tem atrasado muitas carreiras!<br \/>\nBusiness Angel por 20 anos.<\/p>\n\t\t\t\t\t\t<\/div>\n\t\t\t\t<\/div>\n\t\t\t\t\t<\/div>\n\t\t<\/div>\n\t\t\t\t\t<\/div>\n\t\t<\/section>\n\t\t\t\t<section class=\"elementor-section elementor-top-section elementor-element elementor-element-88ac46a elementor-section-boxed elementor-section-height-default elementor-section-height-default\" data-id=\"88ac46a\" data-element_type=\"section\">\n\t\t\t\t\t\t<div class=\"elementor-container elementor-column-gap-default\">\n\t\t\t\t\t<div class=\"elementor-column elementor-col-100 elementor-top-column elementor-element elementor-element-a622dc8\" data-id=\"a622dc8\" data-element_type=\"column\" data-settings=\"{&quot;background_background&quot;:&quot;classic&quot;}\">\n\t\t\t<div class=\"elementor-widget-wrap elementor-element-populated\">\n\t\t\t\t\t\t<div class=\"elementor-element elementor-element-b3a5e93 elementor-widget elementor-widget-heading\" data-id=\"b3a5e93\" data-element_type=\"widget\" data-widget_type=\"heading.default\">\n\t\t\t\t<div class=\"elementor-widget-container\">\n\t\t\t<h2 class=\"elementor-heading-title elementor-size-default\">A Equipe<\/h2>\t\t<\/div>\n\t\t\t\t<\/div>\n\t\t\t\t\t<\/div>\n\t\t<\/div>\n\t\t\t\t\t<\/div>\n\t\t<\/section>\n\t\t\t\t<section class=\"elementor-section elementor-top-section elementor-element elementor-element-42db7d1c elementor-section-height-min-height elementor-section-boxed elementor-section-height-default elementor-section-items-middle\" data-id=\"42db7d1c\" data-element_type=\"section\">\n\t\t\t\t\t\t<div class=\"elementor-container elementor-column-gap-default\">\n\t\t\t\t\t<div class=\"elementor-column elementor-col-25 elementor-top-column elementor-element elementor-element-64394971\" data-id=\"64394971\" data-element_type=\"column\">\n\t\t\t<div class=\"elementor-widget-wrap elementor-element-populated\">\n\t\t\t\t\t\t<div class=\"elementor-element elementor-element-3989e35 elementor-widget elementor-widget-image\" data-id=\"3989e35\" data-element_type=\"widget\" data-widget_type=\"image.default\">\n\t\t\t\t<div class=\"elementor-widget-container\">\n\t\t\t\t\t\t\t\t\t\t\t\t\t<img decoding=\"async\" width=\"150\" height=\"150\" src=\"https:\/\/www.ludo-vic.com\/wp-content\/uploads\/2022\/02\/atef2-150x150.png\" class=\"attachment-thumbnail size-thumbnail wp-image-32614\" alt=\"\" srcset=\"https:\/\/www.ludo-vic.com\/wp-content\/uploads\/2022\/02\/atef2-150x150.png 150w, https:\/\/www.ludo-vic.com\/wp-content\/uploads\/2022\/02\/atef2.png 301w\" sizes=\"(max-width: 150px) 100vw, 150px\" \/>\t\t\t\t\t\t\t\t\t\t\t\t\t<\/div>\n\t\t\t\t<\/div>\n\t\t\t\t<div class=\"elementor-element elementor-element-4b23a8c7 elementor-widget elementor-widget-heading\" data-id=\"4b23a8c7\" data-element_type=\"widget\" data-widget_type=\"heading.default\">\n\t\t\t\t<div class=\"elementor-widget-container\">\n\t\t\t<h2 class=\"elementor-heading-title elementor-size-default\">Atef Ben Youssef<\/h2>\t\t<\/div>\n\t\t\t\t<\/div>\n\t\t\t\t<div class=\"elementor-element elementor-element-c6564b1 elementor-widget elementor-widget-text-editor\" data-id=\"c6564b1\" data-element_type=\"widget\" data-widget_type=\"text-editor.default\">\n\t\t\t\t<div class=\"elementor-widget-container\">\n\t\t\t\t\t\t\t<p>Respons\u00e1vel R&amp;D<\/p>\t\t\t\t\t\t<\/div>\n\t\t\t\t<\/div>\n\t\t\t\t\t<\/div>\n\t\t<\/div>\n\t\t\t\t<div class=\"elementor-column elementor-col-25 elementor-top-column elementor-element elementor-element-20499734\" data-id=\"20499734\" data-element_type=\"column\">\n\t\t\t<div class=\"elementor-widget-wrap elementor-element-populated\">\n\t\t\t\t\t\t<div class=\"elementor-element elementor-element-228fa07d elementor-widget elementor-widget-image\" data-id=\"228fa07d\" data-element_type=\"widget\" data-widget_type=\"image.default\">\n\t\t\t\t<div class=\"elementor-widget-container\">\n\t\t\t\t\t\t\t\t\t\t\t\t\t<img decoding=\"async\" width=\"150\" height=\"150\" src=\"https:\/\/www.ludo-vic.com\/wp-content\/uploads\/2022\/02\/adem2-150x150.png\" class=\"attachment-thumbnail size-thumbnail wp-image-32623\" alt=\"\" srcset=\"https:\/\/www.ludo-vic.com\/wp-content\/uploads\/2022\/02\/adem2-150x150.png 150w, https:\/\/www.ludo-vic.com\/wp-content\/uploads\/2022\/02\/adem2.png 301w\" sizes=\"(max-width: 150px) 100vw, 150px\" \/>\t\t\t\t\t\t\t\t\t\t\t\t\t<\/div>\n\t\t\t\t<\/div>\n\t\t\t\t<div class=\"elementor-element elementor-element-5e12271b elementor-widget elementor-widget-heading\" data-id=\"5e12271b\" data-element_type=\"widget\" data-widget_type=\"heading.default\">\n\t\t\t\t<div class=\"elementor-widget-container\">\n\t\t\t<h2 class=\"elementor-heading-title elementor-size-default\">Adem Rguez<\/h2>\t\t<\/div>\n\t\t\t\t<\/div>\n\t\t\t\t<div class=\"elementor-element elementor-element-509c9f9c elementor-widget elementor-widget-text-editor\" data-id=\"509c9f9c\" data-element_type=\"widget\" data-widget_type=\"text-editor.default\">\n\t\t\t\t<div class=\"elementor-widget-container\">\n\t\t\t\t\t\t\t<p>Desenvolvedor de videogames<\/p>\t\t\t\t\t\t<\/div>\n\t\t\t\t<\/div>\n\t\t\t\t\t<\/div>\n\t\t<\/div>\n\t\t\t\t<div class=\"elementor-column elementor-col-25 elementor-top-column elementor-element elementor-element-4caf4eef\" data-id=\"4caf4eef\" data-element_type=\"column\">\n\t\t\t<div class=\"elementor-widget-wrap elementor-element-populated\">\n\t\t\t\t\t\t<div class=\"elementor-element elementor-element-bf0266c elementor-widget elementor-widget-image\" data-id=\"bf0266c\" data-element_type=\"widget\" data-widget_type=\"image.default\">\n\t\t\t\t<div class=\"elementor-widget-container\">\n\t\t\t\t\t\t\t\t\t\t\t\t\t<img loading=\"lazy\" decoding=\"async\" width=\"150\" height=\"150\" src=\"https:\/\/www.ludo-vic.com\/wp-content\/uploads\/2022\/02\/julia2-150x150.png\" class=\"attachment-thumbnail size-thumbnail wp-image-32632\" alt=\"\" srcset=\"https:\/\/www.ludo-vic.com\/wp-content\/uploads\/2022\/02\/julia2-150x150.png 150w, https:\/\/www.ludo-vic.com\/wp-content\/uploads\/2022\/02\/julia2.png 301w\" sizes=\"(max-width: 150px) 100vw, 150px\" \/>\t\t\t\t\t\t\t\t\t\t\t\t\t<\/div>\n\t\t\t\t<\/div>\n\t\t\t\t<div class=\"elementor-element elementor-element-72a20ac8 elementor-widget elementor-widget-heading\" data-id=\"72a20ac8\" data-element_type=\"widget\" data-widget_type=\"heading.default\">\n\t\t\t\t<div class=\"elementor-widget-container\">\n\t\t\t<h2 class=\"elementor-heading-title elementor-size-default\">J\u00falia Sene<\/h2>\t\t<\/div>\n\t\t\t\t<\/div>\n\t\t\t\t<div class=\"elementor-element elementor-element-4b731991 elementor-widget elementor-widget-text-editor\" data-id=\"4b731991\" data-element_type=\"widget\" data-widget_type=\"text-editor.default\">\n\t\t\t\t<div class=\"elementor-widget-container\">\n\t\t\t\t\t\t\t<p>Designer e Ilustradora<\/p>\t\t\t\t\t\t<\/div>\n\t\t\t\t<\/div>\n\t\t\t\t\t<\/div>\n\t\t<\/div>\n\t\t\t\t<div class=\"elementor-column elementor-col-25 elementor-top-column elementor-element elementor-element-6bca4b12\" data-id=\"6bca4b12\" data-element_type=\"column\">\n\t\t\t<div class=\"elementor-widget-wrap elementor-element-populated\">\n\t\t\t\t\t\t<div class=\"elementor-element elementor-element-3895d655 elementor-widget elementor-widget-image\" data-id=\"3895d655\" data-element_type=\"widget\" data-widget_type=\"image.default\">\n\t\t\t\t<div class=\"elementor-widget-container\">\n\t\t\t\t\t\t\t\t\t\t\t\t\t<img loading=\"lazy\" decoding=\"async\" width=\"150\" height=\"150\" src=\"https:\/\/www.ludo-vic.com\/wp-content\/uploads\/2022\/02\/sandrine2-150x150.png\" class=\"attachment-thumbnail size-thumbnail wp-image-32641\" alt=\"\" srcset=\"https:\/\/www.ludo-vic.com\/wp-content\/uploads\/2022\/02\/sandrine2-150x150.png 150w, https:\/\/www.ludo-vic.com\/wp-content\/uploads\/2022\/02\/sandrine2.png 301w\" sizes=\"(max-width: 150px) 100vw, 150px\" \/>\t\t\t\t\t\t\t\t\t\t\t\t\t<\/div>\n\t\t\t\t<\/div>\n\t\t\t\t<div class=\"elementor-element elementor-element-2c941b11 elementor-widget elementor-widget-heading\" data-id=\"2c941b11\" data-element_type=\"widget\" data-widget_type=\"heading.default\">\n\t\t\t\t<div class=\"elementor-widget-container\">\n\t\t\t<h2 class=\"elementor-heading-title elementor-size-default\">Sandrine Hidalgo Vidal<\/h2>\t\t<\/div>\n\t\t\t\t<\/div>\n\t\t\t\t<div class=\"elementor-element elementor-element-705b255e elementor-widget elementor-widget-text-editor\" data-id=\"705b255e\" data-element_type=\"widget\" data-widget_type=\"text-editor.default\">\n\t\t\t\t<div class=\"elementor-widget-container\">\n\t\t\t\t\t\t\t<p>Respons\u00e1vel pela produ\u00e7\u00e3o pedag\u00f3gica e lingu\u00edstica<\/p>\t\t\t\t\t\t<\/div>\n\t\t\t\t<\/div>\n\t\t\t\t\t<\/div>\n\t\t<\/div>\n\t\t\t\t\t<\/div>\n\t\t<\/section>\n\t\t\t\t<\/div>\n\t\t","protected":false},"excerpt":{"rendered":"<p>Diretor e fundador Jack AMBERG Fundador, CEO Jacques-Olivier (Jack) AMBERG, Engenheiro de Ci\u00eancia da Computa\u00e7\u00e3o ENSIMAG 1979, MBA em Finan\u00e7as Internacionais \u2013 UCLA 1981. Vinte anos de experi\u00eancia no mundo de recrutamento de talentos em toda a Europa me convenceram da import\u00e2ncia da comunica\u00e7\u00e3o em v\u00e1rios idiomas. \u201cTer id\u00e9ias mas n\u00e3o ser compreendido\u201d tem atrasado&hellip;&nbsp;<a href=\"https:\/\/www.ludo-vic.com\/pt-br\/a-equipe\/\" class=\"\" rel=\"bookmark\">Continue a ler &raquo;<span class=\"screen-reader-text\">A Equipe<\/span><\/a><\/p>\n","protected":false},"author":12,"featured_media":0,"parent":0,"menu_order":0,"comment_status":"closed","ping_status":"closed","template":"","meta":{"_monsterinsights_skip_tracking":false,"_monsterinsights_sitenote_active":false,"_monsterinsights_sitenote_note":"","_monsterinsights_sitenote_category":0,"neve_meta_sidebar":"","neve_meta_container":"","neve_meta_enable_content_width":"off","neve_meta_content_width":100,"neve_meta_title_alignment":"","neve_meta_author_avatar":"","neve_post_elements_order":"","neve_meta_disable_header":"","neve_meta_disable_footer":"","neve_meta_disable_title":"","footnotes":""},"class_list":["post-32117","page","type-page","status-publish","hentry"],"yoast_head":"<!-- This site is optimized with the Yoast SEO plugin v25.6 - https:\/\/yoast.com\/wordpress\/plugins\/seo\/ -->\n<title>A Equipe - LUDO-VIC<\/title>\n<meta name=\"robots\" content=\"index, follow, max-snippet:-1, max-image-preview:large, max-video-preview:-1\" \/>\n<link rel=\"canonical\" href=\"https:\/\/www.ludo-vic.com\/pt-br\/a-equipe\/\" \/>\n<meta property=\"og:locale\" content=\"pt_BR\" \/>\n<meta property=\"og:type\" content=\"article\" \/>\n<meta property=\"og:title\" content=\"A Equipe - LUDO-VIC\" \/>\n<meta property=\"og:description\" content=\"Diretor e fundador Jack AMBERG Fundador, CEO Jacques-Olivier (Jack) AMBERG, Engenheiro de Ci\u00eancia da Computa\u00e7\u00e3o ENSIMAG 1979, MBA em Finan\u00e7as Internacionais \u2013 UCLA 1981. Vinte anos de experi\u00eancia no mundo de recrutamento de talentos em toda a Europa me convenceram da import\u00e2ncia da comunica\u00e7\u00e3o em v\u00e1rios idiomas. \u201cTer id\u00e9ias mas n\u00e3o ser compreendido\u201d tem atrasado&hellip;&nbsp;Continue a ler &raquo;A Equipe\" \/>\n<meta property=\"og:url\" content=\"https:\/\/www.ludo-vic.com\/pt-br\/a-equipe\/\" \/>\n<meta property=\"og:site_name\" content=\"LUDO-VIC\" \/>\n<meta property=\"article:modified_time\" content=\"2022-02-14T14:43:03+00:00\" \/>\n<meta property=\"og:image\" content=\"https:\/\/www.ludo-vic.com\/wp-content\/uploads\/2019\/02\/Jack-Amberg-Ludo-Vic.jpg\" \/>\n<meta name=\"twitter:card\" content=\"summary_large_image\" \/>\n<meta name=\"twitter:label1\" content=\"Est. tempo de leitura\" \/>\n\t<meta name=\"twitter:data1\" content=\"2 minutos\" \/>\n<script type=\"application\/ld+json\" class=\"yoast-schema-graph\">{\"@context\":\"https:\/\/schema.org\",\"@graph\":[{\"@type\":\"WebPage\",\"@id\":\"https:\/\/www.ludo-vic.com\/pt-br\/a-equipe\/\",\"url\":\"https:\/\/www.ludo-vic.com\/pt-br\/a-equipe\/\",\"name\":\"A Equipe - LUDO-VIC\",\"isPartOf\":{\"@id\":\"https:\/\/www.ludo-vic.com\/en\/#website\"},\"primaryImageOfPage\":{\"@id\":\"https:\/\/www.ludo-vic.com\/pt-br\/a-equipe\/#primaryimage\"},\"image\":{\"@id\":\"https:\/\/www.ludo-vic.com\/pt-br\/a-equipe\/#primaryimage\"},\"thumbnailUrl\":\"https:\/\/www.ludo-vic.com\/wp-content\/uploads\/2019\/02\/Jack-Amberg-Ludo-Vic.jpg\",\"datePublished\":\"2022-01-28T14:52:59+00:00\",\"dateModified\":\"2022-02-14T14:43:03+00:00\",\"breadcrumb\":{\"@id\":\"https:\/\/www.ludo-vic.com\/pt-br\/a-equipe\/#breadcrumb\"},\"inLanguage\":\"pt-BR\",\"potentialAction\":[{\"@type\":\"ReadAction\",\"target\":[\"https:\/\/www.ludo-vic.com\/pt-br\/a-equipe\/\"]}]},{\"@type\":\"ImageObject\",\"inLanguage\":\"pt-BR\",\"@id\":\"https:\/\/www.ludo-vic.com\/pt-br\/a-equipe\/#primaryimage\",\"url\":\"https:\/\/www.ludo-vic.com\/wp-content\/uploads\/2019\/02\/Jack-Amberg-Ludo-Vic.jpg\",\"contentUrl\":\"https:\/\/www.ludo-vic.com\/wp-content\/uploads\/2019\/02\/Jack-Amberg-Ludo-Vic.jpg\"},{\"@type\":\"BreadcrumbList\",\"@id\":\"https:\/\/www.ludo-vic.com\/pt-br\/a-equipe\/#breadcrumb\",\"itemListElement\":[{\"@type\":\"ListItem\",\"position\":1,\"name\":\"Accueil\",\"item\":\"https:\/\/www.ludo-vic.com\/pt-br\/\"},{\"@type\":\"ListItem\",\"position\":2,\"name\":\"A Equipe\"}]},{\"@type\":\"WebSite\",\"@id\":\"https:\/\/www.ludo-vic.com\/en\/#website\",\"url\":\"https:\/\/www.ludo-vic.com\/en\/\",\"name\":\"LUDO-VIC\",\"description\":\"Initier, apprendre &amp; comprendre\",\"publisher\":{\"@id\":\"https:\/\/www.ludo-vic.com\/en\/#organization\"},\"potentialAction\":[{\"@type\":\"SearchAction\",\"target\":{\"@type\":\"EntryPoint\",\"urlTemplate\":\"https:\/\/www.ludo-vic.com\/en\/?s={search_term_string}\"},\"query-input\":{\"@type\":\"PropertyValueSpecification\",\"valueRequired\":true,\"valueName\":\"search_term_string\"}}],\"inLanguage\":\"pt-BR\"},{\"@type\":\"Organization\",\"@id\":\"https:\/\/www.ludo-vic.com\/en\/#organization\",\"name\":\"LUDO-VIC\",\"url\":\"https:\/\/www.ludo-vic.com\/en\/\",\"logo\":{\"@type\":\"ImageObject\",\"inLanguage\":\"pt-BR\",\"@id\":\"https:\/\/www.ludo-vic.com\/en\/#\/schema\/logo\/image\/\",\"url\":\"https:\/\/www.ludo-vic.com\/wp-content\/uploads\/2021\/12\/LogoLudo-Vic-20190613.png\",\"contentUrl\":\"https:\/\/www.ludo-vic.com\/wp-content\/uploads\/2021\/12\/LogoLudo-Vic-20190613.png\",\"width\":614,\"height\":325,\"caption\":\"LUDO-VIC\"},\"image\":{\"@id\":\"https:\/\/www.ludo-vic.com\/en\/#\/schema\/logo\/image\/\"}}]}<\/script>\n<!-- \/ Yoast SEO plugin. -->","yoast_head_json":{"title":"A Equipe - LUDO-VIC","robots":{"index":"index","follow":"follow","max-snippet":"max-snippet:-1","max-image-preview":"max-image-preview:large","max-video-preview":"max-video-preview:-1"},"canonical":"https:\/\/www.ludo-vic.com\/pt-br\/a-equipe\/","og_locale":"pt_BR","og_type":"article","og_title":"A Equipe - LUDO-VIC","og_description":"Diretor e fundador Jack AMBERG Fundador, CEO Jacques-Olivier (Jack) AMBERG, Engenheiro de Ci\u00eancia da Computa\u00e7\u00e3o ENSIMAG 1979, MBA em Finan\u00e7as Internacionais \u2013 UCLA 1981. Vinte anos de experi\u00eancia no mundo de recrutamento de talentos em toda a Europa me convenceram da import\u00e2ncia da comunica\u00e7\u00e3o em v\u00e1rios idiomas. \u201cTer id\u00e9ias mas n\u00e3o ser compreendido\u201d tem atrasado&hellip;&nbsp;Continue a ler &raquo;A Equipe","og_url":"https:\/\/www.ludo-vic.com\/pt-br\/a-equipe\/","og_site_name":"LUDO-VIC","article_modified_time":"2022-02-14T14:43:03+00:00","og_image":[{"url":"https:\/\/www.ludo-vic.com\/wp-content\/uploads\/2019\/02\/Jack-Amberg-Ludo-Vic.jpg","type":"","width":"","height":""}],"twitter_card":"summary_large_image","twitter_misc":{"Est. tempo de leitura":"2 minutos"},"schema":{"@context":"https:\/\/schema.org","@graph":[{"@type":"WebPage","@id":"https:\/\/www.ludo-vic.com\/pt-br\/a-equipe\/","url":"https:\/\/www.ludo-vic.com\/pt-br\/a-equipe\/","name":"A Equipe - LUDO-VIC","isPartOf":{"@id":"https:\/\/www.ludo-vic.com\/en\/#website"},"primaryImageOfPage":{"@id":"https:\/\/www.ludo-vic.com\/pt-br\/a-equipe\/#primaryimage"},"image":{"@id":"https:\/\/www.ludo-vic.com\/pt-br\/a-equipe\/#primaryimage"},"thumbnailUrl":"https:\/\/www.ludo-vic.com\/wp-content\/uploads\/2019\/02\/Jack-Amberg-Ludo-Vic.jpg","datePublished":"2022-01-28T14:52:59+00:00","dateModified":"2022-02-14T14:43:03+00:00","breadcrumb":{"@id":"https:\/\/www.ludo-vic.com\/pt-br\/a-equipe\/#breadcrumb"},"inLanguage":"pt-BR","potentialAction":[{"@type":"ReadAction","target":["https:\/\/www.ludo-vic.com\/pt-br\/a-equipe\/"]}]},{"@type":"ImageObject","inLanguage":"pt-BR","@id":"https:\/\/www.ludo-vic.com\/pt-br\/a-equipe\/#primaryimage","url":"https:\/\/www.ludo-vic.com\/wp-content\/uploads\/2019\/02\/Jack-Amberg-Ludo-Vic.jpg","contentUrl":"https:\/\/www.ludo-vic.com\/wp-content\/uploads\/2019\/02\/Jack-Amberg-Ludo-Vic.jpg"},{"@type":"BreadcrumbList","@id":"https:\/\/www.ludo-vic.com\/pt-br\/a-equipe\/#breadcrumb","itemListElement":[{"@type":"ListItem","position":1,"name":"Accueil","item":"https:\/\/www.ludo-vic.com\/pt-br\/"},{"@type":"ListItem","position":2,"name":"A Equipe"}]},{"@type":"WebSite","@id":"https:\/\/www.ludo-vic.com\/en\/#website","url":"https:\/\/www.ludo-vic.com\/en\/","name":"LUDO-VIC","description":"Initier, apprendre &amp; comprendre","publisher":{"@id":"https:\/\/www.ludo-vic.com\/en\/#organization"},"potentialAction":[{"@type":"SearchAction","target":{"@type":"EntryPoint","urlTemplate":"https:\/\/www.ludo-vic.com\/en\/?s={search_term_string}"},"query-input":{"@type":"PropertyValueSpecification","valueRequired":true,"valueName":"search_term_string"}}],"inLanguage":"pt-BR"},{"@type":"Organization","@id":"https:\/\/www.ludo-vic.com\/en\/#organization","name":"LUDO-VIC","url":"https:\/\/www.ludo-vic.com\/en\/","logo":{"@type":"ImageObject","inLanguage":"pt-BR","@id":"https:\/\/www.ludo-vic.com\/en\/#\/schema\/logo\/image\/","url":"https:\/\/www.ludo-vic.com\/wp-content\/uploads\/2021\/12\/LogoLudo-Vic-20190613.png","contentUrl":"https:\/\/www.ludo-vic.com\/wp-content\/uploads\/2021\/12\/LogoLudo-Vic-20190613.png","width":614,"height":325,"caption":"LUDO-VIC"},"image":{"@id":"https:\/\/www.ludo-vic.com\/en\/#\/schema\/logo\/image\/"}}]}},"_links":{"self":[{"href":"https:\/\/www.ludo-vic.com\/pt-br\/wp-json\/wp\/v2\/pages\/32117"}],"collection":[{"href":"https:\/\/www.ludo-vic.com\/pt-br\/wp-json\/wp\/v2\/pages"}],"about":[{"href":"https:\/\/www.ludo-vic.com\/pt-br\/wp-json\/wp\/v2\/types\/page"}],"author":[{"embeddable":true,"href":"https:\/\/www.ludo-vic.com\/pt-br\/wp-json\/wp\/v2\/users\/12"}],"replies":[{"embeddable":true,"href":"https:\/\/www.ludo-vic.com\/pt-br\/wp-json\/wp\/v2\/comments?post=32117"}],"version-history":[{"count":16,"href":"https:\/\/www.ludo-vic.com\/pt-br\/wp-json\/wp\/v2\/pages\/32117\/revisions"}],"predecessor-version":[{"id":32662,"href":"https:\/\/www.ludo-vic.com\/pt-br\/wp-json\/wp\/v2\/pages\/32117\/revisions\/32662"}],"wp:attachment":[{"href":"https:\/\/www.ludo-vic.com\/pt-br\/wp-json\/wp\/v2\/media?parent=32117"}],"curies":[{"name":"wp","href":"https:\/\/api.w.org\/{rel}","templated":true}]}}