{"id":34253,"date":"2022-02-25T15:38:42","date_gmt":"2022-02-25T14:38:42","guid":{"rendered":"https:\/\/www.ludo-vic.com\/gioi-thieu\/"},"modified":"2022-02-25T15:41:21","modified_gmt":"2022-02-25T14:41:21","slug":"gioi-thieu","status":"publish","type":"page","link":"https:\/\/www.ludo-vic.com\/vi\/gioi-thieu\/","title":{"rendered":"Gi\u1edbi thi\u1ec7u"},"content":{"rendered":"\t\t<div data-elementor-type=\"wp-page\" data-elementor-id=\"34253\" class=\"elementor elementor-34253\" data-elementor-post-type=\"page\">\n\t\t\t\t\t\t<section class=\"elementor-section elementor-top-section elementor-element elementor-element-ee10f1f elementor-section-boxed elementor-section-height-default elementor-section-height-default\" data-id=\"ee10f1f\" data-element_type=\"section\">\n\t\t\t\t\t\t<div class=\"elementor-container elementor-column-gap-default\">\n\t\t\t\t\t<div class=\"elementor-column elementor-col-100 elementor-top-column elementor-element elementor-element-de0281d\" data-id=\"de0281d\" data-element_type=\"column\" data-settings=\"{&quot;background_background&quot;:&quot;classic&quot;}\">\n\t\t\t<div class=\"elementor-widget-wrap elementor-element-populated\">\n\t\t\t\t\t\t<div class=\"elementor-element elementor-element-e32c61a elementor-widget elementor-widget-heading\" data-id=\"e32c61a\" data-element_type=\"widget\" data-widget_type=\"heading.default\">\n\t\t\t\t<div class=\"elementor-widget-container\">\n\t\t\t<h2 class=\"elementor-heading-title elementor-size-default\">Gi\u1edbi thi\u1ec7u<\/h2>\t\t<\/div>\n\t\t\t\t<\/div>\n\t\t\t\t\t<\/div>\n\t\t<\/div>\n\t\t\t\t\t<\/div>\n\t\t<\/section>\n\t\t\t\t<section class=\"elementor-section elementor-top-section elementor-element elementor-element-fbe06b9 elementor-section-content-middle elementor-section-boxed elementor-section-height-default elementor-section-height-default\" data-id=\"fbe06b9\" data-element_type=\"section\">\n\t\t\t\t\t\t<div class=\"elementor-container elementor-column-gap-no\">\n\t\t\t\t\t<div class=\"elementor-column elementor-col-33 elementor-top-column elementor-element elementor-element-1b78ad44\" data-id=\"1b78ad44\" data-element_type=\"column\">\n\t\t\t<div class=\"elementor-widget-wrap elementor-element-populated\">\n\t\t\t\t\t\t<div class=\"elementor-element elementor-element-22e37a5 elementor-widget elementor-widget-image\" data-id=\"22e37a5\" data-element_type=\"widget\" data-widget_type=\"image.default\">\n\t\t\t\t<div class=\"elementor-widget-container\">\n\t\t\t\t\t\t\t\t\t\t\t\t\t<img fetchpriority=\"high\" decoding=\"async\" width=\"310\" height=\"250\" src=\"https:\/\/www.ludo-vic.com\/wp-content\/uploads\/2021\/12\/subject_we.jpg\" class=\"attachment-full size-full wp-image-30002\" alt=\"a propos\" srcset=\"https:\/\/www.ludo-vic.com\/wp-content\/uploads\/2021\/12\/subject_we.jpg 310w, https:\/\/www.ludo-vic.com\/wp-content\/uploads\/2021\/12\/subject_we-300x242.jpg 300w\" sizes=\"(max-width: 310px) 100vw, 310px\" \/>\t\t\t\t\t\t\t\t\t\t\t\t\t<\/div>\n\t\t\t\t<\/div>\n\t\t\t\t\t<\/div>\n\t\t<\/div>\n\t\t\t\t<div class=\"elementor-column elementor-col-66 elementor-top-column elementor-element elementor-element-5925dc94\" data-id=\"5925dc94\" data-element_type=\"column\">\n\t\t\t<div class=\"elementor-widget-wrap elementor-element-populated\">\n\t\t\t\t\t\t<div class=\"elementor-element elementor-element-701949fc elementor-widget elementor-widget-heading\" data-id=\"701949fc\" data-element_type=\"widget\" data-widget_type=\"heading.default\">\n\t\t\t\t<div class=\"elementor-widget-container\">\n\t\t\t<h4 class=\"elementor-heading-title elementor-size-medium\">T\u1ea1i sao l\u1ea1i l\u1ef1a ch\u1ecdn \"Ludo-Vic\"?<\/h4>\t\t<\/div>\n\t\t\t\t<\/div>\n\t\t\t\t<div class=\"elementor-element elementor-element-6928591d elementor-widget elementor-widget-text-editor\" data-id=\"6928591d\" data-element_type=\"widget\" data-widget_type=\"text-editor.default\">\n\t\t\t\t<div class=\"elementor-widget-container\">\n\t\t\t\t\t\t\t<p><span style=\"font-weight: 400;\">Ngu\u1ed3n g\u1ed1c c\u1ee7a c\u00f4ng c\u1ee5 n\u00e0y b\u1eaft ngu\u1ed3n t\u1eeb th\u1eddi k\u1ef3 \u0111\u1ea7u \u0111i h\u1ecdc c\u1ee7a Victoria, con g\u00e1i \u00fat c\u1ee7a ng\u01b0\u1eddi s\u00e1ng l\u1eadp. \u0110\u1ec3 gi\u00fap Vic \u0111\u00e1nh v\u1ea7n m\u1ed9t s\u1ed1 t\u1eeb nh\u1ea5t \u0111\u1ecbnh m\u1ed9t c\u00e1ch ch\u00ednh x\u00e1c, Jack Amberg \u0111\u00e3 ph\u00e1t tri\u1ec3n m\u1ed9t tr\u00f2 ch\u01a1i nh\u1ecf g\u1ecdi l\u00e0: tr\u00f2 ch\u01a1i c\u1ee7a Vic ho\u1eb7c &#8220;tr\u00f2 ch\u01a1i Victoria&#8221;.<\/span><\/p><p><span style=\"font-weight: 400;\">\u0110\u1ec3 l\u00e0m n\u1ed5i b\u1eadt so v\u1edbi ti\u1ebfng Anh, &#8220;tr\u00f2 ch\u01a1i Victoria&#8221; \u0111\u00e3 tr\u1edf th\u00e0nh Ludo-Vic (Ludo = \u201cT\u00f4i ch\u01a1i\u201d trong ti\u1ebfng Latin), t\u1eeb n\u00e0y bi\u1ebfn th\u00e0nh Ludwig trong ti\u1ebfng \u0110\u1ee9c, Lodewijk trong ti\u1ebfng H\u00e0 Lan, Lewis trong ti\u1ebfng Anh, Lo\u00efc trong ti\u1ebfng Breton, Luigi trong ti\u1ebfng \u00dd, Luis trong ti\u1ebfng T\u00e2y Ban Nha, v.v.<\/span><\/p>\t\t\t\t\t\t<\/div>\n\t\t\t\t<\/div>\n\t\t\t\t\t<\/div>\n\t\t<\/div>\n\t\t\t\t\t<\/div>\n\t\t<\/section>\n\t\t\t\t<\/div>\n\t\t","protected":false},"excerpt":{"rendered":"<p>Gi\u1edbi thi\u1ec7u T\u1ea1i sao l\u1ea1i l\u1ef1a ch\u1ecdn &#8220;Ludo-Vic&#8221;? Ngu\u1ed3n g\u1ed1c c\u1ee7a c\u00f4ng c\u1ee5 n\u00e0y b\u1eaft ngu\u1ed3n t\u1eeb th\u1eddi k\u1ef3 \u0111\u1ea7u \u0111i h\u1ecdc c\u1ee7a Victoria, con g\u00e1i \u00fat c\u1ee7a ng\u01b0\u1eddi s\u00e1ng l\u1eadp. \u0110\u1ec3 gi\u00fap Vic \u0111\u00e1nh v\u1ea7n m\u1ed9t s\u1ed1 t\u1eeb nh\u1ea5t \u0111\u1ecbnh m\u1ed9t c\u00e1ch ch\u00ednh x\u00e1c, Jack Amberg \u0111\u00e3 ph\u00e1t tri\u1ec3n m\u1ed9t tr\u00f2 ch\u01a1i nh\u1ecf g\u1ecdi&hellip;&nbsp;<a href=\"https:\/\/www.ludo-vic.com\/vi\/gioi-thieu\/\" class=\"\" rel=\"bookmark\">Read More &raquo;<span class=\"screen-reader-text\">Gi\u1edbi thi\u1ec7u<\/span><\/a><\/p>\n","protected":false},"author":12,"featured_media":0,"parent":0,"menu_order":0,"comment_status":"closed","ping_status":"closed","template":"page-templates\/template-pagebuilder-full-width.php","meta":{"_monsterinsights_skip_tracking":false,"_monsterinsights_sitenote_active":false,"_monsterinsights_sitenote_note":"","_monsterinsights_sitenote_category":0,"neve_meta_sidebar":"","neve_meta_container":"","neve_meta_enable_content_width":"off","neve_meta_content_width":100,"neve_meta_title_alignment":"","neve_meta_author_avatar":"","neve_post_elements_order":"","neve_meta_disable_header":"","neve_meta_disable_footer":"","neve_meta_disable_title":"","footnotes":""},"class_list":["post-34253","page","type-page","status-publish","hentry"],"yoast_head":"<!-- This site is optimized with the Yoast SEO plugin v25.6 - https:\/\/yoast.com\/wordpress\/plugins\/seo\/ -->\n<title>Gi\u1edbi thi\u1ec7u - LUDO-VIC<\/title>\n<meta name=\"robots\" content=\"index, follow, max-snippet:-1, max-image-preview:large, max-video-preview:-1\" \/>\n<link rel=\"canonical\" href=\"https:\/\/www.ludo-vic.com\/vi\/gioi-thieu\/\" \/>\n<meta property=\"og:locale\" content=\"vi_VN\" \/>\n<meta property=\"og:type\" content=\"article\" \/>\n<meta property=\"og:title\" content=\"Gi\u1edbi thi\u1ec7u - LUDO-VIC\" \/>\n<meta property=\"og:description\" content=\"Gi\u1edbi thi\u1ec7u T\u1ea1i sao l\u1ea1i l\u1ef1a ch\u1ecdn &#8220;Ludo-Vic&#8221;? Ngu\u1ed3n g\u1ed1c c\u1ee7a c\u00f4ng c\u1ee5 n\u00e0y b\u1eaft ngu\u1ed3n t\u1eeb th\u1eddi k\u1ef3 \u0111\u1ea7u \u0111i h\u1ecdc c\u1ee7a Victoria, con g\u00e1i \u00fat c\u1ee7a ng\u01b0\u1eddi s\u00e1ng l\u1eadp. \u0110\u1ec3 gi\u00fap Vic \u0111\u00e1nh v\u1ea7n m\u1ed9t s\u1ed1 t\u1eeb nh\u1ea5t \u0111\u1ecbnh m\u1ed9t c\u00e1ch ch\u00ednh x\u00e1c, Jack Amberg \u0111\u00e3 ph\u00e1t tri\u1ec3n m\u1ed9t tr\u00f2 ch\u01a1i nh\u1ecf g\u1ecdi&hellip;&nbsp;Read More &raquo;Gi\u1edbi thi\u1ec7u\" \/>\n<meta property=\"og:url\" content=\"https:\/\/www.ludo-vic.com\/vi\/gioi-thieu\/\" \/>\n<meta property=\"og:site_name\" content=\"LUDO-VIC\" \/>\n<meta property=\"article:modified_time\" content=\"2022-02-25T14:41:21+00:00\" \/>\n<meta property=\"og:image\" content=\"https:\/\/www.ludo-vic.com\/wp-content\/uploads\/2021\/12\/subject_we.jpg\" \/>\n<meta name=\"twitter:card\" content=\"summary_large_image\" \/>\n<meta name=\"twitter:label1\" content=\"Est. reading time\" \/>\n\t<meta name=\"twitter:data1\" content=\"1 minute\" \/>\n<script type=\"application\/ld+json\" class=\"yoast-schema-graph\">{\"@context\":\"https:\/\/schema.org\",\"@graph\":[{\"@type\":\"WebPage\",\"@id\":\"https:\/\/www.ludo-vic.com\/vi\/gioi-thieu\/\",\"url\":\"https:\/\/www.ludo-vic.com\/vi\/gioi-thieu\/\",\"name\":\"Gi\u1edbi thi\u1ec7u - LUDO-VIC\",\"isPartOf\":{\"@id\":\"https:\/\/www.ludo-vic.com\/en\/#website\"},\"primaryImageOfPage\":{\"@id\":\"https:\/\/www.ludo-vic.com\/vi\/gioi-thieu\/#primaryimage\"},\"image\":{\"@id\":\"https:\/\/www.ludo-vic.com\/vi\/gioi-thieu\/#primaryimage\"},\"thumbnailUrl\":\"https:\/\/www.ludo-vic.com\/wp-content\/uploads\/2021\/12\/subject_we.jpg\",\"datePublished\":\"2022-02-25T14:38:42+00:00\",\"dateModified\":\"2022-02-25T14:41:21+00:00\",\"breadcrumb\":{\"@id\":\"https:\/\/www.ludo-vic.com\/vi\/gioi-thieu\/#breadcrumb\"},\"inLanguage\":\"vi-VN\",\"potentialAction\":[{\"@type\":\"ReadAction\",\"target\":[\"https:\/\/www.ludo-vic.com\/vi\/gioi-thieu\/\"]}]},{\"@type\":\"ImageObject\",\"inLanguage\":\"vi-VN\",\"@id\":\"https:\/\/www.ludo-vic.com\/vi\/gioi-thieu\/#primaryimage\",\"url\":\"https:\/\/www.ludo-vic.com\/wp-content\/uploads\/2021\/12\/subject_we.jpg\",\"contentUrl\":\"https:\/\/www.ludo-vic.com\/wp-content\/uploads\/2021\/12\/subject_we.jpg\"},{\"@type\":\"BreadcrumbList\",\"@id\":\"https:\/\/www.ludo-vic.com\/vi\/gioi-thieu\/#breadcrumb\",\"itemListElement\":[{\"@type\":\"ListItem\",\"position\":1,\"name\":\"Accueil\",\"item\":\"https:\/\/www.ludo-vic.com\/vi\/\"},{\"@type\":\"ListItem\",\"position\":2,\"name\":\"Gi\u1edbi thi\u1ec7u\"}]},{\"@type\":\"WebSite\",\"@id\":\"https:\/\/www.ludo-vic.com\/en\/#website\",\"url\":\"https:\/\/www.ludo-vic.com\/en\/\",\"name\":\"LUDO-VIC\",\"description\":\"Initier, apprendre &amp; comprendre\",\"publisher\":{\"@id\":\"https:\/\/www.ludo-vic.com\/en\/#organization\"},\"potentialAction\":[{\"@type\":\"SearchAction\",\"target\":{\"@type\":\"EntryPoint\",\"urlTemplate\":\"https:\/\/www.ludo-vic.com\/en\/?s={search_term_string}\"},\"query-input\":{\"@type\":\"PropertyValueSpecification\",\"valueRequired\":true,\"valueName\":\"search_term_string\"}}],\"inLanguage\":\"vi-VN\"},{\"@type\":\"Organization\",\"@id\":\"https:\/\/www.ludo-vic.com\/en\/#organization\",\"name\":\"LUDO-VIC\",\"url\":\"https:\/\/www.ludo-vic.com\/en\/\",\"logo\":{\"@type\":\"ImageObject\",\"inLanguage\":\"vi-VN\",\"@id\":\"https:\/\/www.ludo-vic.com\/en\/#\/schema\/logo\/image\/\",\"url\":\"https:\/\/www.ludo-vic.com\/wp-content\/uploads\/2021\/12\/LogoLudo-Vic-20190613.png\",\"contentUrl\":\"https:\/\/www.ludo-vic.com\/wp-content\/uploads\/2021\/12\/LogoLudo-Vic-20190613.png\",\"width\":614,\"height\":325,\"caption\":\"LUDO-VIC\"},\"image\":{\"@id\":\"https:\/\/www.ludo-vic.com\/en\/#\/schema\/logo\/image\/\"}}]}<\/script>\n<!-- \/ Yoast SEO plugin. -->","yoast_head_json":{"title":"Gi\u1edbi thi\u1ec7u - LUDO-VIC","robots":{"index":"index","follow":"follow","max-snippet":"max-snippet:-1","max-image-preview":"max-image-preview:large","max-video-preview":"max-video-preview:-1"},"canonical":"https:\/\/www.ludo-vic.com\/vi\/gioi-thieu\/","og_locale":"vi_VN","og_type":"article","og_title":"Gi\u1edbi thi\u1ec7u - LUDO-VIC","og_description":"Gi\u1edbi thi\u1ec7u T\u1ea1i sao l\u1ea1i l\u1ef1a ch\u1ecdn &#8220;Ludo-Vic&#8221;? Ngu\u1ed3n g\u1ed1c c\u1ee7a c\u00f4ng c\u1ee5 n\u00e0y b\u1eaft ngu\u1ed3n t\u1eeb th\u1eddi k\u1ef3 \u0111\u1ea7u \u0111i h\u1ecdc c\u1ee7a Victoria, con g\u00e1i \u00fat c\u1ee7a ng\u01b0\u1eddi s\u00e1ng l\u1eadp. \u0110\u1ec3 gi\u00fap Vic \u0111\u00e1nh v\u1ea7n m\u1ed9t s\u1ed1 t\u1eeb nh\u1ea5t \u0111\u1ecbnh m\u1ed9t c\u00e1ch ch\u00ednh x\u00e1c, Jack Amberg \u0111\u00e3 ph\u00e1t tri\u1ec3n m\u1ed9t tr\u00f2 ch\u01a1i nh\u1ecf g\u1ecdi&hellip;&nbsp;Read More &raquo;Gi\u1edbi thi\u1ec7u","og_url":"https:\/\/www.ludo-vic.com\/vi\/gioi-thieu\/","og_site_name":"LUDO-VIC","article_modified_time":"2022-02-25T14:41:21+00:00","og_image":[{"url":"https:\/\/www.ludo-vic.com\/wp-content\/uploads\/2021\/12\/subject_we.jpg","type":"","width":"","height":""}],"twitter_card":"summary_large_image","twitter_misc":{"Est. reading time":"1 minute"},"schema":{"@context":"https:\/\/schema.org","@graph":[{"@type":"WebPage","@id":"https:\/\/www.ludo-vic.com\/vi\/gioi-thieu\/","url":"https:\/\/www.ludo-vic.com\/vi\/gioi-thieu\/","name":"Gi\u1edbi thi\u1ec7u - LUDO-VIC","isPartOf":{"@id":"https:\/\/www.ludo-vic.com\/en\/#website"},"primaryImageOfPage":{"@id":"https:\/\/www.ludo-vic.com\/vi\/gioi-thieu\/#primaryimage"},"image":{"@id":"https:\/\/www.ludo-vic.com\/vi\/gioi-thieu\/#primaryimage"},"thumbnailUrl":"https:\/\/www.ludo-vic.com\/wp-content\/uploads\/2021\/12\/subject_we.jpg","datePublished":"2022-02-25T14:38:42+00:00","dateModified":"2022-02-25T14:41:21+00:00","breadcrumb":{"@id":"https:\/\/www.ludo-vic.com\/vi\/gioi-thieu\/#breadcrumb"},"inLanguage":"vi-VN","potentialAction":[{"@type":"ReadAction","target":["https:\/\/www.ludo-vic.com\/vi\/gioi-thieu\/"]}]},{"@type":"ImageObject","inLanguage":"vi-VN","@id":"https:\/\/www.ludo-vic.com\/vi\/gioi-thieu\/#primaryimage","url":"https:\/\/www.ludo-vic.com\/wp-content\/uploads\/2021\/12\/subject_we.jpg","contentUrl":"https:\/\/www.ludo-vic.com\/wp-content\/uploads\/2021\/12\/subject_we.jpg"},{"@type":"BreadcrumbList","@id":"https:\/\/www.ludo-vic.com\/vi\/gioi-thieu\/#breadcrumb","itemListElement":[{"@type":"ListItem","position":1,"name":"Accueil","item":"https:\/\/www.ludo-vic.com\/vi\/"},{"@type":"ListItem","position":2,"name":"Gi\u1edbi thi\u1ec7u"}]},{"@type":"WebSite","@id":"https:\/\/www.ludo-vic.com\/en\/#website","url":"https:\/\/www.ludo-vic.com\/en\/","name":"LUDO-VIC","description":"Initier, apprendre &amp; comprendre","publisher":{"@id":"https:\/\/www.ludo-vic.com\/en\/#organization"},"potentialAction":[{"@type":"SearchAction","target":{"@type":"EntryPoint","urlTemplate":"https:\/\/www.ludo-vic.com\/en\/?s={search_term_string}"},"query-input":{"@type":"PropertyValueSpecification","valueRequired":true,"valueName":"search_term_string"}}],"inLanguage":"vi-VN"},{"@type":"Organization","@id":"https:\/\/www.ludo-vic.com\/en\/#organization","name":"LUDO-VIC","url":"https:\/\/www.ludo-vic.com\/en\/","logo":{"@type":"ImageObject","inLanguage":"vi-VN","@id":"https:\/\/www.ludo-vic.com\/en\/#\/schema\/logo\/image\/","url":"https:\/\/www.ludo-vic.com\/wp-content\/uploads\/2021\/12\/LogoLudo-Vic-20190613.png","contentUrl":"https:\/\/www.ludo-vic.com\/wp-content\/uploads\/2021\/12\/LogoLudo-Vic-20190613.png","width":614,"height":325,"caption":"LUDO-VIC"},"image":{"@id":"https:\/\/www.ludo-vic.com\/en\/#\/schema\/logo\/image\/"}}]}},"_links":{"self":[{"href":"https:\/\/www.ludo-vic.com\/vi\/wp-json\/wp\/v2\/pages\/34253"}],"collection":[{"href":"https:\/\/www.ludo-vic.com\/vi\/wp-json\/wp\/v2\/pages"}],"about":[{"href":"https:\/\/www.ludo-vic.com\/vi\/wp-json\/wp\/v2\/types\/page"}],"author":[{"embeddable":true,"href":"https:\/\/www.ludo-vic.com\/vi\/wp-json\/wp\/v2\/users\/12"}],"replies":[{"embeddable":true,"href":"https:\/\/www.ludo-vic.com\/vi\/wp-json\/wp\/v2\/comments?post=34253"}],"version-history":[{"count":4,"href":"https:\/\/www.ludo-vic.com\/vi\/wp-json\/wp\/v2\/pages\/34253\/revisions"}],"predecessor-version":[{"id":34257,"href":"https:\/\/www.ludo-vic.com\/vi\/wp-json\/wp\/v2\/pages\/34253\/revisions\/34257"}],"wp:attachment":[{"href":"https:\/\/www.ludo-vic.com\/vi\/wp-json\/wp\/v2\/media?parent=34253"}],"curies":[{"name":"wp","href":"https:\/\/api.w.org\/{rel}","templated":true}]}}