{"id":34258,"date":"2022-02-25T15:45:15","date_gmt":"2022-02-25T14:45:15","guid":{"rendered":"https:\/\/www.ludo-vic.com\/nhiem-vu\/"},"modified":"2022-02-25T15:48:40","modified_gmt":"2022-02-25T14:48:40","slug":"nhiem-vu","status":"publish","type":"page","link":"https:\/\/www.ludo-vic.com\/vi\/nhiem-vu\/","title":{"rendered":"Nhi\u1ec7m v\u1ee5"},"content":{"rendered":"\t\t<div data-elementor-type=\"wp-page\" data-elementor-id=\"34258\" class=\"elementor elementor-34258\" data-elementor-post-type=\"page\">\n\t\t\t\t\t\t<section class=\"elementor-section elementor-top-section elementor-element elementor-element-272a8ce elementor-section-boxed elementor-section-height-default elementor-section-height-default\" data-id=\"272a8ce\" data-element_type=\"section\">\n\t\t\t\t\t\t<div class=\"elementor-container elementor-column-gap-default\">\n\t\t\t\t\t<div class=\"elementor-column elementor-col-100 elementor-top-column elementor-element elementor-element-71d7251b\" data-id=\"71d7251b\" data-element_type=\"column\" data-settings=\"{&quot;background_background&quot;:&quot;classic&quot;}\">\n\t\t\t<div class=\"elementor-widget-wrap elementor-element-populated\">\n\t\t\t\t\t\t<div class=\"elementor-element elementor-element-465a3125 elementor-widget elementor-widget-heading\" data-id=\"465a3125\" data-element_type=\"widget\" data-widget_type=\"heading.default\">\n\t\t\t\t<div class=\"elementor-widget-container\">\n\t\t\t<h2 class=\"elementor-heading-title elementor-size-default\">Nhi\u1ec7m v\u1ee5<\/h2>\t\t<\/div>\n\t\t\t\t<\/div>\n\t\t\t\t\t<\/div>\n\t\t<\/div>\n\t\t\t\t\t<\/div>\n\t\t<\/section>\n\t\t\t\t<section class=\"elementor-section elementor-top-section elementor-element elementor-element-6cddc2c elementor-section-boxed elementor-section-height-default elementor-section-height-default\" data-id=\"6cddc2c\" data-element_type=\"section\">\n\t\t\t\t\t\t<div class=\"elementor-container elementor-column-gap-default\">\n\t\t\t\t\t<div class=\"elementor-column elementor-col-100 elementor-top-column elementor-element elementor-element-06ffb5a\" data-id=\"06ffb5a\" data-element_type=\"column\">\n\t\t\t<div class=\"elementor-widget-wrap elementor-element-populated\">\n\t\t\t\t\t\t<div class=\"elementor-element elementor-element-156e86f elementor-position-top elementor-widget elementor-widget-image-box\" data-id=\"156e86f\" data-element_type=\"widget\" data-widget_type=\"image-box.default\">\n\t\t\t\t<div class=\"elementor-widget-container\">\n\t\t\t<div class=\"elementor-image-box-wrapper\"><figure class=\"elementor-image-box-img\"><img fetchpriority=\"high\" decoding=\"async\" width=\"409\" height=\"269\" src=\"https:\/\/www.ludo-vic.com\/wp-content\/uploads\/2021\/12\/2.png\" class=\"attachment-full size-full wp-image-30019\" alt=\"\" srcset=\"https:\/\/www.ludo-vic.com\/wp-content\/uploads\/2021\/12\/2.png 409w, https:\/\/www.ludo-vic.com\/wp-content\/uploads\/2021\/12\/2-300x197.png 300w\" sizes=\"(max-width: 409px) 100vw, 409px\" \/><\/figure><div class=\"elementor-image-box-content\"><h3 class=\"elementor-image-box-title\">L\u00e0m quen, h\u1ecdc v\u00e0 hi\u1ec3u<\/h3><\/div><\/div>\t\t<\/div>\n\t\t\t\t<\/div>\n\t\t\t\t\t<\/div>\n\t\t<\/div>\n\t\t\t\t\t<\/div>\n\t\t<\/section>\n\t\t\t\t<section class=\"elementor-section elementor-top-section elementor-element elementor-element-7b822710 elementor-section-content-middle elementor-section-boxed elementor-section-height-default elementor-section-height-default\" data-id=\"7b822710\" data-element_type=\"section\" data-settings=\"{&quot;background_background&quot;:&quot;classic&quot;}\">\n\t\t\t\t\t\t<div class=\"elementor-container elementor-column-gap-no\">\n\t\t\t\t\t<div class=\"elementor-column elementor-col-100 elementor-top-column elementor-element elementor-element-4b6b7536\" data-id=\"4b6b7536\" data-element_type=\"column\">\n\t\t\t<div class=\"elementor-widget-wrap elementor-element-populated\">\n\t\t\t\t\t\t<section class=\"elementor-section elementor-inner-section elementor-element elementor-element-2882537f elementor-section-boxed elementor-section-height-default elementor-section-height-default\" data-id=\"2882537f\" data-element_type=\"section\">\n\t\t\t\t\t\t<div class=\"elementor-container elementor-column-gap-default\">\n\t\t\t\t\t<div class=\"elementor-column elementor-col-50 elementor-inner-column elementor-element elementor-element-6ad3b6a6\" data-id=\"6ad3b6a6\" data-element_type=\"column\">\n\t\t\t<div class=\"elementor-widget-wrap elementor-element-populated\">\n\t\t\t\t\t\t<div class=\"elementor-element elementor-element-4d755466 elementor-view-default elementor-position-top elementor-mobile-position-top elementor-widget elementor-widget-icon-box\" data-id=\"4d755466\" data-element_type=\"widget\" data-widget_type=\"icon-box.default\">\n\t\t\t\t<div class=\"elementor-widget-container\">\n\t\t\t\t\t<div class=\"elementor-icon-box-wrapper\">\n\t\t\t\t\t\t<div class=\"elementor-icon-box-icon\">\n\t\t\t\t<span  class=\"elementor-icon elementor-animation-\">\n\t\t\t\t<i aria-hidden=\"true\" class=\"fas fa-rocket\"><\/i>\t\t\t\t<\/span>\n\t\t\t<\/div>\n\t\t\t\t\t\t<div class=\"elementor-icon-box-content\">\n\t\t\t\t<h3 class=\"elementor-icon-box-title\">\n\t\t\t\t\t<span  >\n\t\t\t\t\t\tNhi\u1ec7m v\u1ee5 c\u1ee7a ch\u00fang t\u00f4i\t\t\t\t\t<\/span>\n\t\t\t\t<\/h3>\n\t\t\t\t\t\t\t\t\t<p class=\"elementor-icon-box-description\">\n\t\t\t\t\t\tCho ph\u00e9p m\u1ecdi ng\u01b0\u1eddi ti\u1ebfp c\u1eadn ki\u1ebfn th\u1ee9c c\u01a1 b\u1ea3n v\u1ec1 ng\u00f4n ng\u1eef, v\u0103n h\u00f3a, kh\u00e1i ni\u1ec7m, k\u1ef9 n\u0103ng giao ti\u1ebfp v\u00e0 k\u1ef9 n\u0103ng ngh\u1ec1 nghi\u1ec7p chuy\u00ean m\u00f4n. S\u1eed d\u1ee5ng ph\u01b0\u01a1ng ph\u00e1p d\u1ea1y h\u1ecdc t\u1eeb xa d\u1ef1a tr\u00ean h\u00ecnh \u1ea3nh \u0111\u1ed9ng b\u1eb1ng ng\u00f4n ng\u1eef m\u1eb9 \u0111\u1ebb c\u1ee7a ng\u01b0\u1eddi d\u00f9ng, c\u00f3 s\u1eed d\u1ee5ng c\u00e1c nh\u00e2n v\u1eadt \u0111\u1ec3 kh\u00f4ng k\u1ef3 th\u1ecb ngu\u1ed3n g\u1ed1c d\u00e2n t\u1ed9c v\u00e0 th\u00fac \u0111\u1ea9y b\u00ecnh \u0111\u1eb3ng gi\u1edbi.\t\t\t\t\t<\/p>\n\t\t\t\t\t\t\t<\/div>\n\t\t<\/div>\n\t\t\t\t<\/div>\n\t\t\t\t<\/div>\n\t\t\t\t\t<\/div>\n\t\t<\/div>\n\t\t\t\t<div class=\"elementor-column elementor-col-50 elementor-inner-column elementor-element elementor-element-1adbf446\" data-id=\"1adbf446\" data-element_type=\"column\">\n\t\t\t<div class=\"elementor-widget-wrap elementor-element-populated\">\n\t\t\t\t\t\t<div class=\"elementor-element elementor-element-4f421dec elementor-view-default elementor-position-top elementor-mobile-position-top elementor-widget elementor-widget-icon-box\" data-id=\"4f421dec\" data-element_type=\"widget\" data-widget_type=\"icon-box.default\">\n\t\t\t\t<div class=\"elementor-widget-container\">\n\t\t\t\t\t<div class=\"elementor-icon-box-wrapper\">\n\t\t\t\t\t\t<div class=\"elementor-icon-box-icon\">\n\t\t\t\t<span  class=\"elementor-icon elementor-animation-\">\n\t\t\t\t<svg xmlns=\"http:\/\/www.w3.org\/2000\/svg\" data-name=\"Layer 1\" id=\"Layer_1\" viewBox=\"0 0 64 64\"><title><\/title><rect height=\"6\" width=\"19\" x=\"23.00574\" y=\"56\"><\/rect><rect height=\"5.00001\" transform=\"translate(-4.73979 10.43222) rotate(-45)\" width=\"19.00002\" x=\"0.72289\" y=\"8.43754\"><\/rect><rect height=\"19.00004\" transform=\"translate(8.19277 41.39323) rotate(-45)\" width=\"4.99998\" x=\"51.56245\" y=\"1.30705\"><\/rect><path d=\"M44.55634,9.7066,41.865,9.59253a5.05767,5.05767,0,0,0-4.28314,1.43164l-5.50446,5.50446-5.75354-5.75354a3.8392,3.8392,0,0,0-3.85785-.90894A3.618,3.618,0,0,1,18.855,8.963l-.85388-.85388L7.39447,18.7157l1.728,1.728-.11408,2.69123A5.05776,5.05776,0,0,0,10.44,27.41809l9.61243,9.61243a4.98517,4.98517,0,0,1,1.69067-3.25891l-2.99493-2.99494.70709-.70709,3.12824,3.12823a4.94908,4.94908,0,0,1,1.42236-.54058V28.96332l-1.72217-1.72217.70709-.70715,1.01508,1.01507V22.19922a3.60983,3.60983,0,0,1,3.14258-3.625,3.506,3.506,0,0,1,.99078.0448l-1.22949-1.22949.70715-.7071L29.413,18.47858a3.54221,3.54221,0,0,1,3.40339-1.90827,3.60085,3.60085,0,0,1,3.1748,3.332,3.55741,3.55741,0,0,1,1.8252-.332,3.62038,3.62038,0,0,1,3.18945,3.66309v3.42383a5.00355,5.00355,0,0,1,3.8161,3.62518l2.78851-2.78851.7071.70715L45.00226,31.5163c.00012.01373.0036.02655.0036.04034v3.32007a3.96267,3.96267,0,0,0,2.37891-1.12848l6.84014-6.84015a3.839,3.839,0,0,0,.90888-3.85785,3.61818,3.61818,0,0,1,.9032-3.61108l.85388-.85388L46.2843,7.97864Z\"><\/path><path d=\"M29.88043,21.68951a2.49081,2.49081,0,0,0-2.72583-2.18866,2.598,2.598,0,0,0-2.24225,2.62964V33.48785a4,4,0,0,0-4,4v9.67347a3.83915,3.83915,0,0,0,2.08521,3.3706,3.618,3.618,0,0,1,1.91479,3.192v1.20758h15V52.48785L41.896,50.66547a5.05755,5.05755,0,0,0,2.01635-4.041V31.48785a4,4,0,0,0-4-4V23.16528a2.62152,2.62152,0,0,0-2.27612-2.6676,2.49273,2.49273,0,0,0-2.68231,2.09906h.45843V38.0401h-1V22.59674h.5V20.16528a2.62152,2.62152,0,0,0-2.27612-2.6676,2.50036,2.50036,0,0,0-2.72388,2.49017v1.70166h.5V37.13287h-1V21.68951ZM25.31152,42.0401h-1v-8h1ZM39.41235,27.79834h1V38.2417h-1Z\"><\/path><\/svg>\t\t\t\t<\/span>\n\t\t\t<\/div>\n\t\t\t\t\t\t<div class=\"elementor-icon-box-content\">\n\t\t\t\t<h3 class=\"elementor-icon-box-title\">\n\t\t\t\t\t<span  >\n\t\t\t\t\t\tT\u1ea7m \u1ea3nh h\u01b0\u1edfng x\u00e3 h\u1ed9i c\u1ee7a ch\u00fang t\u00f4i\t\t\t\t\t<\/span>\n\t\t\t\t<\/h3>\n\t\t\t\t\t\t\t\t\t<p class=\"elementor-icon-box-description\">\n\t\t\t\t\t\t\u0110\u1ec3 cung c\u1ea5p m\u1ed9t gi\u1ea3i ph\u00e1p s\u01b0 ph\u1ea1m ph\u1ed5 qu\u00e1t v\u00e0 d\u1ec5 ti\u1ebfp c\u1eadn cho b\u1ea5t k\u1ef3 s\u1ef1 kh\u1edfi \u0111\u1ea7u n\u00e0o c\u1ee7a qu\u00e1 tr\u00ecnh h\u1ecdc t\u1eadp ho\u1eb7c nh\u1eadn th\u1ee9c. L\u00e0 m\u1ed9t gi\u1ea3i ph\u00e1p cho s\u1ef1 h\u1ed9i nh\u1eadp kinh t\u1ebf v\u00e0 x\u00e3 h\u1ed9i c\u1ee7a c\u00e1c c\u00e1 nh\u00e2n th\u00f4ng qua vi\u1ec7c l\u00e0m, \u0111\u00e0o t\u1ea1o v\u00e0 gi\u00e1o d\u1ee5c c\u00f4ng d\u00e2n.\t\t\t\t\t<\/p>\n\t\t\t\t\t\t\t<\/div>\n\t\t<\/div>\n\t\t\t\t<\/div>\n\t\t\t\t<\/div>\n\t\t\t\t\t<\/div>\n\t\t<\/div>\n\t\t\t\t\t<\/div>\n\t\t<\/section>\n\t\t\t\t<section class=\"elementor-section elementor-inner-section elementor-element elementor-element-ab46c4a elementor-section-boxed elementor-section-height-default elementor-section-height-default\" data-id=\"ab46c4a\" data-element_type=\"section\">\n\t\t\t\t\t\t<div class=\"elementor-container elementor-column-gap-default\">\n\t\t\t\t\t<div class=\"elementor-column elementor-col-50 elementor-inner-column elementor-element elementor-element-75e6e182\" data-id=\"75e6e182\" data-element_type=\"column\">\n\t\t\t<div class=\"elementor-widget-wrap elementor-element-populated\">\n\t\t\t\t\t\t<div class=\"elementor-element elementor-element-3c8f1c5d elementor-view-default elementor-position-top elementor-mobile-position-top elementor-widget elementor-widget-icon-box\" data-id=\"3c8f1c5d\" data-element_type=\"widget\" data-widget_type=\"icon-box.default\">\n\t\t\t\t<div class=\"elementor-widget-container\">\n\t\t\t\t\t<div class=\"elementor-icon-box-wrapper\">\n\t\t\t\t\t\t<div class=\"elementor-icon-box-icon\">\n\t\t\t\t<span  class=\"elementor-icon elementor-animation-\">\n\t\t\t\t<i aria-hidden=\"true\" class=\"far fa-eye\"><\/i>\t\t\t\t<\/span>\n\t\t\t<\/div>\n\t\t\t\t\t\t<div class=\"elementor-icon-box-content\">\n\t\t\t\t<h3 class=\"elementor-icon-box-title\">\n\t\t\t\t\t<span  >\n\t\t\t\t\t\tQuan s\u00e1t c\u1ee7a ch\u00fang t\u00f4i\t\t\t\t\t<\/span>\n\t\t\t\t<\/h3>\n\t\t\t\t\t\t\t\t\t<p class=\"elementor-icon-box-description\">\n\t\t\t\t\t\t\u0110\u1ec3 h\u1ecdc b\u1ea5t c\u1ee9 \u0111i\u1ec1u g\u00ec tr\u00ean web, \u00edt nh\u1ea5t b\u1ea1n ph\u1ea3i bi\u1ebft c\u00e1ch \u0111\u1ecdc. Vi\u1ec7c s\u1eed d\u1ee5ng ti\u1ebfng m\u1eb9 \u0111\u1ebb v\u00e0 c\u00e1c t\u00ecnh hu\u1ed1ng th\u1ef1c t\u1ebf c\u00f3 th\u1ec3 truy c\u1eadp \u0111\u01b0\u1ee3c cho t\u1ea5t c\u1ea3 m\u1ecdi ng\u01b0\u1eddi. \"H\u00e3y n\u00f3i v\u1edbi t\u00f4i v\u00e0 t\u00f4i s\u1ebd qu\u00ean, cho t\u00f4i th\u1ea5y v\u00e0 c\u00f3 l\u1ebd t\u00f4i s\u1ebd nh\u1edb n\u00f3, li\u00ean quan \u0111\u1ebfn t\u00f4i v\u00e0 t\u00f4i s\u1ebd hi\u1ec3u\" Benjamin Franklin\t\t\t\t\t<\/p>\n\t\t\t\t\t\t\t<\/div>\n\t\t<\/div>\n\t\t\t\t<\/div>\n\t\t\t\t<\/div>\n\t\t\t\t\t<\/div>\n\t\t<\/div>\n\t\t\t\t<div class=\"elementor-column elementor-col-50 elementor-inner-column elementor-element elementor-element-779de7b4\" data-id=\"779de7b4\" data-element_type=\"column\">\n\t\t\t<div class=\"elementor-widget-wrap elementor-element-populated\">\n\t\t\t\t\t\t<div class=\"elementor-element elementor-element-47568884 elementor-view-default elementor-position-top elementor-mobile-position-top elementor-widget elementor-widget-icon-box\" data-id=\"47568884\" data-element_type=\"widget\" data-widget_type=\"icon-box.default\">\n\t\t\t\t<div class=\"elementor-widget-container\">\n\t\t\t\t\t<div class=\"elementor-icon-box-wrapper\">\n\t\t\t\t\t\t<div class=\"elementor-icon-box-icon\">\n\t\t\t\t<span  class=\"elementor-icon elementor-animation-\">\n\t\t\t\t<i aria-hidden=\"true\" class=\"fas fa-euro-sign\"><\/i>\t\t\t\t<\/span>\n\t\t\t<\/div>\n\t\t\t\t\t\t<div class=\"elementor-icon-box-content\">\n\t\t\t\t<h3 class=\"elementor-icon-box-title\">\n\t\t\t\t\t<span  >\n\t\t\t\t\t\tChi ph\u00ed c\u1ee7a v\u1ea5n \u0111\u1ec1\t\t\t\t\t<\/span>\n\t\t\t\t<\/h3>\n\t\t\t\t\t\t\t\t\t<p class=\"elementor-icon-box-description\">\n\t\t\t\t\t\tChi ph\u00ed \u0111\u00e0o t\u1ea1o, tr\u1ee3 c\u1ea5p th\u1ea5t nghi\u1ec7p, lo\u1ea1i tr\u1eeb, tai n\u1ea1n t\u1ea1i n\u01a1i l\u00e0m vi\u1ec7c, c\u0103ng th\u1eb3ng, r\u1ed1i lo\u1ea1n t\u00e2m th\u1ea7n v\u00e0 t\u00e2m l\u00fd, m\u1ea5t n\u0103ng su\u1ea5t, chi ph\u00ed gi\u00e1n ti\u1ebfp c\u1ee7a con ng\u01b0\u1eddi\t\t\t\t\t<\/p>\n\t\t\t\t\t\t\t<\/div>\n\t\t<\/div>\n\t\t\t\t<\/div>\n\t\t\t\t<\/div>\n\t\t\t\t\t<\/div>\n\t\t<\/div>\n\t\t\t\t\t<\/div>\n\t\t<\/section>\n\t\t\t\t\t<\/div>\n\t\t<\/div>\n\t\t\t\t\t<\/div>\n\t\t<\/section>\n\t\t\t\t<\/div>\n\t\t","protected":false},"excerpt":{"rendered":"<p>Nhi\u1ec7m v\u1ee5 L\u00e0m quen, h\u1ecdc v\u00e0 hi\u1ec3u Nhi\u1ec7m v\u1ee5 c\u1ee7a ch\u00fang t\u00f4i Cho ph\u00e9p m\u1ecdi ng\u01b0\u1eddi ti\u1ebfp c\u1eadn ki\u1ebfn th\u1ee9c c\u01a1 b\u1ea3n v\u1ec1 ng\u00f4n ng\u1eef, v\u0103n h\u00f3a, kh\u00e1i ni\u1ec7m, k\u1ef9 n\u0103ng giao ti\u1ebfp v\u00e0 k\u1ef9 n\u0103ng ngh\u1ec1 nghi\u1ec7p chuy\u00ean m\u00f4n. S\u1eed d\u1ee5ng ph\u01b0\u01a1ng ph\u00e1p d\u1ea1y h\u1ecdc t\u1eeb xa d\u1ef1a tr\u00ean h\u00ecnh \u1ea3nh \u0111\u1ed9ng b\u1eb1ng ng\u00f4n&hellip;&nbsp;<a href=\"https:\/\/www.ludo-vic.com\/vi\/nhiem-vu\/\" class=\"\" rel=\"bookmark\">Read More &raquo;<span class=\"screen-reader-text\">Nhi\u1ec7m v\u1ee5<\/span><\/a><\/p>\n","protected":false},"author":12,"featured_media":0,"parent":0,"menu_order":0,"comment_status":"closed","ping_status":"closed","template":"","meta":{"_monsterinsights_skip_tracking":false,"_monsterinsights_sitenote_active":false,"_monsterinsights_sitenote_note":"","_monsterinsights_sitenote_category":0,"neve_meta_sidebar":"","neve_meta_container":"","neve_meta_enable_content_width":"","neve_meta_content_width":0,"neve_meta_title_alignment":"","neve_meta_author_avatar":"","neve_post_elements_order":"","neve_meta_disable_header":"","neve_meta_disable_footer":"","neve_meta_disable_title":"","footnotes":""},"class_list":["post-34258","page","type-page","status-publish","hentry"],"yoast_head":"<!-- This site is optimized with the Yoast SEO plugin v25.6 - https:\/\/yoast.com\/wordpress\/plugins\/seo\/ -->\n<title>Nhi\u1ec7m v\u1ee5 - LUDO-VIC<\/title>\n<meta name=\"robots\" content=\"index, follow, max-snippet:-1, max-image-preview:large, max-video-preview:-1\" \/>\n<link rel=\"canonical\" href=\"https:\/\/www.ludo-vic.com\/vi\/nhiem-vu\/\" \/>\n<meta property=\"og:locale\" content=\"vi_VN\" \/>\n<meta property=\"og:type\" content=\"article\" \/>\n<meta property=\"og:title\" content=\"Nhi\u1ec7m v\u1ee5 - LUDO-VIC\" \/>\n<meta property=\"og:description\" content=\"Nhi\u1ec7m v\u1ee5 L\u00e0m quen, h\u1ecdc v\u00e0 hi\u1ec3u Nhi\u1ec7m v\u1ee5 c\u1ee7a ch\u00fang t\u00f4i Cho ph\u00e9p m\u1ecdi ng\u01b0\u1eddi ti\u1ebfp c\u1eadn ki\u1ebfn th\u1ee9c c\u01a1 b\u1ea3n v\u1ec1 ng\u00f4n ng\u1eef, v\u0103n h\u00f3a, kh\u00e1i ni\u1ec7m, k\u1ef9 n\u0103ng giao ti\u1ebfp v\u00e0 k\u1ef9 n\u0103ng ngh\u1ec1 nghi\u1ec7p chuy\u00ean m\u00f4n. S\u1eed d\u1ee5ng ph\u01b0\u01a1ng ph\u00e1p d\u1ea1y h\u1ecdc t\u1eeb xa d\u1ef1a tr\u00ean h\u00ecnh \u1ea3nh \u0111\u1ed9ng b\u1eb1ng ng\u00f4n&hellip;&nbsp;Read More &raquo;Nhi\u1ec7m v\u1ee5\" \/>\n<meta property=\"og:url\" content=\"https:\/\/www.ludo-vic.com\/vi\/nhiem-vu\/\" \/>\n<meta property=\"og:site_name\" content=\"LUDO-VIC\" \/>\n<meta property=\"article:modified_time\" content=\"2022-02-25T14:48:40+00:00\" \/>\n<meta property=\"og:image\" content=\"https:\/\/www.ludo-vic.com\/wp-content\/uploads\/2021\/12\/2.png\" \/>\n<meta name=\"twitter:card\" content=\"summary_large_image\" \/>\n<meta name=\"twitter:label1\" content=\"Est. reading time\" \/>\n\t<meta name=\"twitter:data1\" content=\"2 minutes\" \/>\n<script type=\"application\/ld+json\" class=\"yoast-schema-graph\">{\"@context\":\"https:\/\/schema.org\",\"@graph\":[{\"@type\":\"WebPage\",\"@id\":\"https:\/\/www.ludo-vic.com\/vi\/nhiem-vu\/\",\"url\":\"https:\/\/www.ludo-vic.com\/vi\/nhiem-vu\/\",\"name\":\"Nhi\u1ec7m v\u1ee5 - LUDO-VIC\",\"isPartOf\":{\"@id\":\"https:\/\/www.ludo-vic.com\/en\/#website\"},\"primaryImageOfPage\":{\"@id\":\"https:\/\/www.ludo-vic.com\/vi\/nhiem-vu\/#primaryimage\"},\"image\":{\"@id\":\"https:\/\/www.ludo-vic.com\/vi\/nhiem-vu\/#primaryimage\"},\"thumbnailUrl\":\"https:\/\/www.ludo-vic.com\/wp-content\/uploads\/2021\/12\/2.png\",\"datePublished\":\"2022-02-25T14:45:15+00:00\",\"dateModified\":\"2022-02-25T14:48:40+00:00\",\"breadcrumb\":{\"@id\":\"https:\/\/www.ludo-vic.com\/vi\/nhiem-vu\/#breadcrumb\"},\"inLanguage\":\"vi-VN\",\"potentialAction\":[{\"@type\":\"ReadAction\",\"target\":[\"https:\/\/www.ludo-vic.com\/vi\/nhiem-vu\/\"]}]},{\"@type\":\"ImageObject\",\"inLanguage\":\"vi-VN\",\"@id\":\"https:\/\/www.ludo-vic.com\/vi\/nhiem-vu\/#primaryimage\",\"url\":\"https:\/\/www.ludo-vic.com\/wp-content\/uploads\/2021\/12\/2.png\",\"contentUrl\":\"https:\/\/www.ludo-vic.com\/wp-content\/uploads\/2021\/12\/2.png\"},{\"@type\":\"BreadcrumbList\",\"@id\":\"https:\/\/www.ludo-vic.com\/vi\/nhiem-vu\/#breadcrumb\",\"itemListElement\":[{\"@type\":\"ListItem\",\"position\":1,\"name\":\"Accueil\",\"item\":\"https:\/\/www.ludo-vic.com\/vi\/\"},{\"@type\":\"ListItem\",\"position\":2,\"name\":\"Nhi\u1ec7m v\u1ee5\"}]},{\"@type\":\"WebSite\",\"@id\":\"https:\/\/www.ludo-vic.com\/en\/#website\",\"url\":\"https:\/\/www.ludo-vic.com\/en\/\",\"name\":\"LUDO-VIC\",\"description\":\"Initier, apprendre &amp; comprendre\",\"publisher\":{\"@id\":\"https:\/\/www.ludo-vic.com\/en\/#organization\"},\"potentialAction\":[{\"@type\":\"SearchAction\",\"target\":{\"@type\":\"EntryPoint\",\"urlTemplate\":\"https:\/\/www.ludo-vic.com\/en\/?s={search_term_string}\"},\"query-input\":{\"@type\":\"PropertyValueSpecification\",\"valueRequired\":true,\"valueName\":\"search_term_string\"}}],\"inLanguage\":\"vi-VN\"},{\"@type\":\"Organization\",\"@id\":\"https:\/\/www.ludo-vic.com\/en\/#organization\",\"name\":\"LUDO-VIC\",\"url\":\"https:\/\/www.ludo-vic.com\/en\/\",\"logo\":{\"@type\":\"ImageObject\",\"inLanguage\":\"vi-VN\",\"@id\":\"https:\/\/www.ludo-vic.com\/en\/#\/schema\/logo\/image\/\",\"url\":\"https:\/\/www.ludo-vic.com\/wp-content\/uploads\/2021\/12\/LogoLudo-Vic-20190613.png\",\"contentUrl\":\"https:\/\/www.ludo-vic.com\/wp-content\/uploads\/2021\/12\/LogoLudo-Vic-20190613.png\",\"width\":614,\"height\":325,\"caption\":\"LUDO-VIC\"},\"image\":{\"@id\":\"https:\/\/www.ludo-vic.com\/en\/#\/schema\/logo\/image\/\"}}]}<\/script>\n<!-- \/ Yoast SEO plugin. -->","yoast_head_json":{"title":"Nhi\u1ec7m v\u1ee5 - LUDO-VIC","robots":{"index":"index","follow":"follow","max-snippet":"max-snippet:-1","max-image-preview":"max-image-preview:large","max-video-preview":"max-video-preview:-1"},"canonical":"https:\/\/www.ludo-vic.com\/vi\/nhiem-vu\/","og_locale":"vi_VN","og_type":"article","og_title":"Nhi\u1ec7m v\u1ee5 - LUDO-VIC","og_description":"Nhi\u1ec7m v\u1ee5 L\u00e0m quen, h\u1ecdc v\u00e0 hi\u1ec3u Nhi\u1ec7m v\u1ee5 c\u1ee7a ch\u00fang t\u00f4i Cho ph\u00e9p m\u1ecdi ng\u01b0\u1eddi ti\u1ebfp c\u1eadn ki\u1ebfn th\u1ee9c c\u01a1 b\u1ea3n v\u1ec1 ng\u00f4n ng\u1eef, v\u0103n h\u00f3a, kh\u00e1i ni\u1ec7m, k\u1ef9 n\u0103ng giao ti\u1ebfp v\u00e0 k\u1ef9 n\u0103ng ngh\u1ec1 nghi\u1ec7p chuy\u00ean m\u00f4n. S\u1eed d\u1ee5ng ph\u01b0\u01a1ng ph\u00e1p d\u1ea1y h\u1ecdc t\u1eeb xa d\u1ef1a tr\u00ean h\u00ecnh \u1ea3nh \u0111\u1ed9ng b\u1eb1ng ng\u00f4n&hellip;&nbsp;Read More &raquo;Nhi\u1ec7m v\u1ee5","og_url":"https:\/\/www.ludo-vic.com\/vi\/nhiem-vu\/","og_site_name":"LUDO-VIC","article_modified_time":"2022-02-25T14:48:40+00:00","og_image":[{"url":"https:\/\/www.ludo-vic.com\/wp-content\/uploads\/2021\/12\/2.png","type":"","width":"","height":""}],"twitter_card":"summary_large_image","twitter_misc":{"Est. reading time":"2 minutes"},"schema":{"@context":"https:\/\/schema.org","@graph":[{"@type":"WebPage","@id":"https:\/\/www.ludo-vic.com\/vi\/nhiem-vu\/","url":"https:\/\/www.ludo-vic.com\/vi\/nhiem-vu\/","name":"Nhi\u1ec7m v\u1ee5 - LUDO-VIC","isPartOf":{"@id":"https:\/\/www.ludo-vic.com\/en\/#website"},"primaryImageOfPage":{"@id":"https:\/\/www.ludo-vic.com\/vi\/nhiem-vu\/#primaryimage"},"image":{"@id":"https:\/\/www.ludo-vic.com\/vi\/nhiem-vu\/#primaryimage"},"thumbnailUrl":"https:\/\/www.ludo-vic.com\/wp-content\/uploads\/2021\/12\/2.png","datePublished":"2022-02-25T14:45:15+00:00","dateModified":"2022-02-25T14:48:40+00:00","breadcrumb":{"@id":"https:\/\/www.ludo-vic.com\/vi\/nhiem-vu\/#breadcrumb"},"inLanguage":"vi-VN","potentialAction":[{"@type":"ReadAction","target":["https:\/\/www.ludo-vic.com\/vi\/nhiem-vu\/"]}]},{"@type":"ImageObject","inLanguage":"vi-VN","@id":"https:\/\/www.ludo-vic.com\/vi\/nhiem-vu\/#primaryimage","url":"https:\/\/www.ludo-vic.com\/wp-content\/uploads\/2021\/12\/2.png","contentUrl":"https:\/\/www.ludo-vic.com\/wp-content\/uploads\/2021\/12\/2.png"},{"@type":"BreadcrumbList","@id":"https:\/\/www.ludo-vic.com\/vi\/nhiem-vu\/#breadcrumb","itemListElement":[{"@type":"ListItem","position":1,"name":"Accueil","item":"https:\/\/www.ludo-vic.com\/vi\/"},{"@type":"ListItem","position":2,"name":"Nhi\u1ec7m v\u1ee5"}]},{"@type":"WebSite","@id":"https:\/\/www.ludo-vic.com\/en\/#website","url":"https:\/\/www.ludo-vic.com\/en\/","name":"LUDO-VIC","description":"Initier, apprendre &amp; comprendre","publisher":{"@id":"https:\/\/www.ludo-vic.com\/en\/#organization"},"potentialAction":[{"@type":"SearchAction","target":{"@type":"EntryPoint","urlTemplate":"https:\/\/www.ludo-vic.com\/en\/?s={search_term_string}"},"query-input":{"@type":"PropertyValueSpecification","valueRequired":true,"valueName":"search_term_string"}}],"inLanguage":"vi-VN"},{"@type":"Organization","@id":"https:\/\/www.ludo-vic.com\/en\/#organization","name":"LUDO-VIC","url":"https:\/\/www.ludo-vic.com\/en\/","logo":{"@type":"ImageObject","inLanguage":"vi-VN","@id":"https:\/\/www.ludo-vic.com\/en\/#\/schema\/logo\/image\/","url":"https:\/\/www.ludo-vic.com\/wp-content\/uploads\/2021\/12\/LogoLudo-Vic-20190613.png","contentUrl":"https:\/\/www.ludo-vic.com\/wp-content\/uploads\/2021\/12\/LogoLudo-Vic-20190613.png","width":614,"height":325,"caption":"LUDO-VIC"},"image":{"@id":"https:\/\/www.ludo-vic.com\/en\/#\/schema\/logo\/image\/"}}]}},"_links":{"self":[{"href":"https:\/\/www.ludo-vic.com\/vi\/wp-json\/wp\/v2\/pages\/34258"}],"collection":[{"href":"https:\/\/www.ludo-vic.com\/vi\/wp-json\/wp\/v2\/pages"}],"about":[{"href":"https:\/\/www.ludo-vic.com\/vi\/wp-json\/wp\/v2\/types\/page"}],"author":[{"embeddable":true,"href":"https:\/\/www.ludo-vic.com\/vi\/wp-json\/wp\/v2\/users\/12"}],"replies":[{"embeddable":true,"href":"https:\/\/www.ludo-vic.com\/vi\/wp-json\/wp\/v2\/comments?post=34258"}],"version-history":[{"count":4,"href":"https:\/\/www.ludo-vic.com\/vi\/wp-json\/wp\/v2\/pages\/34258\/revisions"}],"predecessor-version":[{"id":34262,"href":"https:\/\/www.ludo-vic.com\/vi\/wp-json\/wp\/v2\/pages\/34258\/revisions\/34262"}],"wp:attachment":[{"href":"https:\/\/www.ludo-vic.com\/vi\/wp-json\/wp\/v2\/media?parent=34258"}],"curies":[{"name":"wp","href":"https:\/\/api.w.org\/{rel}","templated":true}]}}