{"id":34263,"date":"2022-02-25T15:55:50","date_gmt":"2022-02-25T14:55:50","guid":{"rendered":"https:\/\/www.ludo-vic.com\/doi\/"},"modified":"2022-02-25T16:07:20","modified_gmt":"2022-02-25T15:07:20","slug":"doi","status":"publish","type":"page","link":"https:\/\/www.ludo-vic.com\/vi\/doi\/","title":{"rendered":"\u0110\u1ed9i"},"content":{"rendered":"\t\t<div data-elementor-type=\"wp-page\" data-elementor-id=\"34263\" class=\"elementor elementor-34263\" data-elementor-post-type=\"page\">\n\t\t\t\t\t\t<section class=\"elementor-section elementor-top-section elementor-element elementor-element-cacb41c elementor-section-boxed elementor-section-height-default elementor-section-height-default\" data-id=\"cacb41c\" data-element_type=\"section\">\n\t\t\t\t\t\t<div class=\"elementor-container elementor-column-gap-default\">\n\t\t\t\t\t<div class=\"elementor-column elementor-col-100 elementor-top-column elementor-element elementor-element-35b4db9d\" data-id=\"35b4db9d\" data-element_type=\"column\" data-settings=\"{&quot;background_background&quot;:&quot;classic&quot;}\">\n\t\t\t<div class=\"elementor-widget-wrap elementor-element-populated\">\n\t\t\t\t\t\t<div class=\"elementor-element elementor-element-30c5352e elementor-widget elementor-widget-heading\" data-id=\"30c5352e\" data-element_type=\"widget\" data-widget_type=\"heading.default\">\n\t\t\t\t<div class=\"elementor-widget-container\">\n\t\t\t<h2 class=\"elementor-heading-title elementor-size-default\">Gi\u00e1m \u0111\u1ed1c & Ng\u01b0\u1eddi s\u00e1ng l\u1eadp<\/h2>\t\t<\/div>\n\t\t\t\t<\/div>\n\t\t\t\t\t<\/div>\n\t\t<\/div>\n\t\t\t\t\t<\/div>\n\t\t<\/section>\n\t\t\t\t<section class=\"elementor-section elementor-top-section elementor-element elementor-element-10aa09f9 elementor-section-content-middle elementor-section-boxed elementor-section-height-default elementor-section-height-default\" data-id=\"10aa09f9\" data-element_type=\"section\">\n\t\t\t\t\t\t<div class=\"elementor-container elementor-column-gap-default\">\n\t\t\t\t\t<div class=\"elementor-column elementor-col-33 elementor-top-column elementor-element elementor-element-4c4ab0ab\" data-id=\"4c4ab0ab\" data-element_type=\"column\">\n\t\t\t<div class=\"elementor-widget-wrap elementor-element-populated\">\n\t\t\t\t\t\t<div class=\"elementor-element elementor-element-2e6cf2eb elementor-absolute elementor-widget-tablet__width-initial elementor-widget-mobile__width-initial elementor-widget elementor-widget-image\" data-id=\"2e6cf2eb\" data-element_type=\"widget\" data-settings=\"{&quot;_position&quot;:&quot;absolute&quot;}\" data-widget_type=\"image.default\">\n\t\t\t\t<div class=\"elementor-widget-container\">\n\t\t\t\t\t\t\t\t\t\t\t\t\t<img fetchpriority=\"high\" decoding=\"async\" width=\"245\" height=\"327\" src=\"https:\/\/www.ludo-vic.com\/wp-content\/uploads\/2019\/02\/Jack-Amberg-Ludo-Vic.jpg\" class=\"attachment-full size-full wp-image-244\" alt=\"Jack Amberg - Ludo Vic\" srcset=\"https:\/\/www.ludo-vic.com\/wp-content\/uploads\/2019\/02\/Jack-Amberg-Ludo-Vic.jpg 245w, https:\/\/www.ludo-vic.com\/wp-content\/uploads\/2019\/02\/Jack-Amberg-Ludo-Vic-225x300.jpg 225w\" sizes=\"(max-width: 245px) 100vw, 245px\" \/>\t\t\t\t\t\t\t\t\t\t\t\t\t<\/div>\n\t\t\t\t<\/div>\n\t\t\t\t\t<\/div>\n\t\t<\/div>\n\t\t\t\t<div class=\"elementor-column elementor-col-66 elementor-top-column elementor-element elementor-element-2817eab\" data-id=\"2817eab\" data-element_type=\"column\">\n\t\t\t<div class=\"elementor-widget-wrap elementor-element-populated\">\n\t\t\t\t\t\t<div class=\"elementor-element elementor-element-dee68c8 elementor-widget elementor-widget-heading\" data-id=\"dee68c8\" data-element_type=\"widget\" data-widget_type=\"heading.default\">\n\t\t\t\t<div class=\"elementor-widget-container\">\n\t\t\t<h4 class=\"elementor-heading-title elementor-size-medium\">Jack AMBERG<\/h4>\t\t<\/div>\n\t\t\t\t<\/div>\n\t\t\t\t<div class=\"elementor-element elementor-element-77444cf elementor-widget elementor-widget-heading\" data-id=\"77444cf\" data-element_type=\"widget\" data-widget_type=\"heading.default\">\n\t\t\t\t<div class=\"elementor-widget-container\">\n\t\t\t<h4 class=\"elementor-heading-title elementor-size-small\">Ng\u01b0\u1eddi s\u00e1ng l\u1eadp, CEO<\/h4>\t\t<\/div>\n\t\t\t\t<\/div>\n\t\t\t\t<div class=\"elementor-element elementor-element-46d86a3d elementor-widget elementor-widget-text-editor\" data-id=\"46d86a3d\" data-element_type=\"widget\" data-widget_type=\"text-editor.default\">\n\t\t\t\t<div class=\"elementor-widget-container\">\n\t\t\t\t\t\t\t<p><span style=\"font-weight: 400;\">Jacques-Olivier (Jack) AMBERG,<br \/><\/span><span style=\"font-weight: 400;\">K\u1ef9 s\u01b0 m\u00e1y t\u00ednh ENSIMAG 1979,<br \/><\/span><span style=\"font-weight: 400;\">MBA v\u1ec1 T\u00e0i ch\u00ednh Qu\u1ed1c t\u1ebf \u2013 UCLA 1981.<br \/><\/span><span style=\"font-weight: 400;\">Hai m\u01b0\u01a1i n\u0103m kinh nghi\u1ec7m trong gi\u1edbi s\u0103n \u0111\u1ea7u ng\u01b0\u1eddi tr\u00ean kh\u1eafp ch\u00e2u \u00c2u \u0111\u00e3 thuy\u1ebft ph\u1ee5c t\u00f4i v\u1ec1 t\u1ea7m quan tr\u1ecdng c\u1ee7a giao ti\u1ebfp b\u1eb1ng nhi\u1ec1u ng\u00f4n ng\u1eef.<br \/><\/span><span style=\"font-weight: 400;\">&#8220;C\u00f3 \u00fd t\u01b0\u1edfng nh\u01b0ng kh\u00f4ng bi\u1ebft di\u1ec5n \u0111\u1ea1t \u0111\u1ec3 ng\u01b0\u1eddi kh\u00e1c hi\u1ec3u&#8221; \u0111\u00e3 l\u00e0m ch\u1eadm s\u1ef1 ph\u00e1t tri\u1ec3n s\u1ef1 nghi\u1ec7p c\u1ee7a nhi\u1ec1u ng\u01b0\u1eddi!<br \/><\/span><span style=\"font-weight: 400;\">Thi\u00ean th\u1ea7n kinh doanh trong 20 n\u0103m.<\/span><\/p>\t\t\t\t\t\t<\/div>\n\t\t\t\t<\/div>\n\t\t\t\t\t<\/div>\n\t\t<\/div>\n\t\t\t\t\t<\/div>\n\t\t<\/section>\n\t\t\t\t<section class=\"elementor-section elementor-top-section elementor-element elementor-element-88ac46a elementor-section-boxed elementor-section-height-default elementor-section-height-default\" data-id=\"88ac46a\" data-element_type=\"section\">\n\t\t\t\t\t\t<div class=\"elementor-container elementor-column-gap-default\">\n\t\t\t\t\t<div class=\"elementor-column elementor-col-100 elementor-top-column elementor-element elementor-element-a622dc8\" data-id=\"a622dc8\" data-element_type=\"column\" data-settings=\"{&quot;background_background&quot;:&quot;classic&quot;}\">\n\t\t\t<div class=\"elementor-widget-wrap elementor-element-populated\">\n\t\t\t\t\t\t<div class=\"elementor-element elementor-element-b3a5e93 elementor-widget elementor-widget-heading\" data-id=\"b3a5e93\" data-element_type=\"widget\" data-widget_type=\"heading.default\">\n\t\t\t\t<div class=\"elementor-widget-container\">\n\t\t\t<h2 class=\"elementor-heading-title elementor-size-default\">\u0110\u1ed9i<\/h2>\t\t<\/div>\n\t\t\t\t<\/div>\n\t\t\t\t\t<\/div>\n\t\t<\/div>\n\t\t\t\t\t<\/div>\n\t\t<\/section>\n\t\t\t\t<section class=\"elementor-section elementor-top-section elementor-element elementor-element-65d0429 elementor-section-height-min-height elementor-section-boxed elementor-section-height-default elementor-section-items-middle\" data-id=\"65d0429\" data-element_type=\"section\">\n\t\t\t\t\t\t<div class=\"elementor-container elementor-column-gap-default\">\n\t\t\t\t\t<div class=\"elementor-column elementor-col-25 elementor-top-column elementor-element elementor-element-51fdc15\" data-id=\"51fdc15\" data-element_type=\"column\">\n\t\t\t<div class=\"elementor-widget-wrap elementor-element-populated\">\n\t\t\t\t\t\t<div class=\"elementor-element elementor-element-5900e5c elementor-widget elementor-widget-image\" data-id=\"5900e5c\" data-element_type=\"widget\" data-widget_type=\"image.default\">\n\t\t\t\t<div class=\"elementor-widget-container\">\n\t\t\t\t\t\t\t\t\t\t\t\t\t<img decoding=\"async\" width=\"150\" height=\"150\" src=\"https:\/\/www.ludo-vic.com\/wp-content\/uploads\/2022\/02\/atef2-150x150.png\" class=\"attachment-thumbnail size-thumbnail wp-image-32607\" alt=\"\" srcset=\"https:\/\/www.ludo-vic.com\/wp-content\/uploads\/2022\/02\/atef2-150x150.png 150w, https:\/\/www.ludo-vic.com\/wp-content\/uploads\/2022\/02\/atef2.png 301w\" sizes=\"(max-width: 150px) 100vw, 150px\" \/>\t\t\t\t\t\t\t\t\t\t\t\t\t<\/div>\n\t\t\t\t<\/div>\n\t\t\t\t<div class=\"elementor-element elementor-element-2fa9f1c elementor-widget elementor-widget-heading\" data-id=\"2fa9f1c\" data-element_type=\"widget\" data-widget_type=\"heading.default\">\n\t\t\t\t<div class=\"elementor-widget-container\">\n\t\t\t<h2 class=\"elementor-heading-title elementor-size-default\">Atef Ben Youssef<\/h2>\t\t<\/div>\n\t\t\t\t<\/div>\n\t\t\t\t<div class=\"elementor-element elementor-element-1793ff9 elementor-widget elementor-widget-text-editor\" data-id=\"1793ff9\" data-element_type=\"widget\" data-widget_type=\"text-editor.default\">\n\t\t\t\t<div class=\"elementor-widget-container\">\n\t\t\t\t\t\t\t<p><span style=\"font-weight: 400;\">Tr\u01b0\u1edfng ph\u00f2ng Nghi\u00ean c\u1ee9u &amp; Ph\u00e1t tri\u1ec3n<\/span><\/p>\t\t\t\t\t\t<\/div>\n\t\t\t\t<\/div>\n\t\t\t\t\t<\/div>\n\t\t<\/div>\n\t\t\t\t<div class=\"elementor-column elementor-col-25 elementor-top-column elementor-element elementor-element-3219f70\" data-id=\"3219f70\" data-element_type=\"column\">\n\t\t\t<div class=\"elementor-widget-wrap elementor-element-populated\">\n\t\t\t\t\t\t<div class=\"elementor-element elementor-element-9d9e061 elementor-widget elementor-widget-image\" data-id=\"9d9e061\" data-element_type=\"widget\" data-widget_type=\"image.default\">\n\t\t\t\t<div class=\"elementor-widget-container\">\n\t\t\t\t\t\t\t\t\t\t\t\t\t<img decoding=\"async\" width=\"150\" height=\"150\" src=\"https:\/\/www.ludo-vic.com\/wp-content\/uploads\/2022\/02\/adem2-150x150.png\" class=\"attachment-thumbnail size-thumbnail wp-image-32616\" alt=\"\" srcset=\"https:\/\/www.ludo-vic.com\/wp-content\/uploads\/2022\/02\/adem2-150x150.png 150w, https:\/\/www.ludo-vic.com\/wp-content\/uploads\/2022\/02\/adem2.png 301w\" sizes=\"(max-width: 150px) 100vw, 150px\" \/>\t\t\t\t\t\t\t\t\t\t\t\t\t<\/div>\n\t\t\t\t<\/div>\n\t\t\t\t<div class=\"elementor-element elementor-element-16bb717 elementor-widget elementor-widget-heading\" data-id=\"16bb717\" data-element_type=\"widget\" data-widget_type=\"heading.default\">\n\t\t\t\t<div class=\"elementor-widget-container\">\n\t\t\t<h2 class=\"elementor-heading-title elementor-size-default\">Adem Rguez<\/h2>\t\t<\/div>\n\t\t\t\t<\/div>\n\t\t\t\t<div class=\"elementor-element elementor-element-166ef13 elementor-widget elementor-widget-text-editor\" data-id=\"166ef13\" data-element_type=\"widget\" data-widget_type=\"text-editor.default\">\n\t\t\t\t<div class=\"elementor-widget-container\">\n\t\t\t\t\t\t\t<p><span style=\"font-weight: 400;\">Nh\u00e0 ph\u00e1t tri\u1ec3n tr\u00f2 ch\u01a1i \u0111i\u1ec7n t\u1eed<\/span><\/p>\t\t\t\t\t\t<\/div>\n\t\t\t\t<\/div>\n\t\t\t\t\t<\/div>\n\t\t<\/div>\n\t\t\t\t<div class=\"elementor-column elementor-col-25 elementor-top-column elementor-element elementor-element-06936f8\" data-id=\"06936f8\" data-element_type=\"column\">\n\t\t\t<div class=\"elementor-widget-wrap elementor-element-populated\">\n\t\t\t\t\t\t<div class=\"elementor-element elementor-element-77bd8d4 elementor-widget elementor-widget-image\" data-id=\"77bd8d4\" data-element_type=\"widget\" data-widget_type=\"image.default\">\n\t\t\t\t<div class=\"elementor-widget-container\">\n\t\t\t\t\t\t\t\t\t\t\t\t\t<img loading=\"lazy\" decoding=\"async\" width=\"150\" height=\"150\" src=\"https:\/\/www.ludo-vic.com\/wp-content\/uploads\/2022\/02\/julia2-150x150.png\" class=\"attachment-thumbnail size-thumbnail wp-image-32625\" alt=\"\" srcset=\"https:\/\/www.ludo-vic.com\/wp-content\/uploads\/2022\/02\/julia2-150x150.png 150w, https:\/\/www.ludo-vic.com\/wp-content\/uploads\/2022\/02\/julia2.png 301w\" sizes=\"(max-width: 150px) 100vw, 150px\" \/>\t\t\t\t\t\t\t\t\t\t\t\t\t<\/div>\n\t\t\t\t<\/div>\n\t\t\t\t<div class=\"elementor-element elementor-element-badccd9 elementor-widget elementor-widget-heading\" data-id=\"badccd9\" data-element_type=\"widget\" data-widget_type=\"heading.default\">\n\t\t\t\t<div class=\"elementor-widget-container\">\n\t\t\t<h2 class=\"elementor-heading-title elementor-size-default\">J\u00falia Sene<\/h2>\t\t<\/div>\n\t\t\t\t<\/div>\n\t\t\t\t<div class=\"elementor-element elementor-element-b801b0e elementor-widget elementor-widget-text-editor\" data-id=\"b801b0e\" data-element_type=\"widget\" data-widget_type=\"text-editor.default\">\n\t\t\t\t<div class=\"elementor-widget-container\">\n\t\t\t\t\t\t\t<p><span style=\"font-weight: 400;\">Nh\u00e0 thi\u1ebft k\u1ebf \u0111\u1ed3 h\u1ecda v\u00e0 h\u1ecda s\u0129 minh h\u1ecda<\/span><\/p>\t\t\t\t\t\t<\/div>\n\t\t\t\t<\/div>\n\t\t\t\t\t<\/div>\n\t\t<\/div>\n\t\t\t\t<div class=\"elementor-column elementor-col-25 elementor-top-column elementor-element elementor-element-61fd7d6\" data-id=\"61fd7d6\" data-element_type=\"column\">\n\t\t\t<div class=\"elementor-widget-wrap elementor-element-populated\">\n\t\t\t\t\t\t<div class=\"elementor-element elementor-element-d4579c4 elementor-widget elementor-widget-image\" data-id=\"d4579c4\" data-element_type=\"widget\" data-widget_type=\"image.default\">\n\t\t\t\t<div class=\"elementor-widget-container\">\n\t\t\t\t\t\t\t\t\t\t\t\t\t<img loading=\"lazy\" decoding=\"async\" width=\"150\" height=\"150\" src=\"https:\/\/www.ludo-vic.com\/wp-content\/uploads\/2022\/02\/sandrine2-150x150.png\" class=\"attachment-thumbnail size-thumbnail wp-image-32634\" alt=\"\" srcset=\"https:\/\/www.ludo-vic.com\/wp-content\/uploads\/2022\/02\/sandrine2-150x150.png 150w, https:\/\/www.ludo-vic.com\/wp-content\/uploads\/2022\/02\/sandrine2.png 301w\" sizes=\"(max-width: 150px) 100vw, 150px\" \/>\t\t\t\t\t\t\t\t\t\t\t\t\t<\/div>\n\t\t\t\t<\/div>\n\t\t\t\t<div class=\"elementor-element elementor-element-3741d50 elementor-widget elementor-widget-heading\" data-id=\"3741d50\" data-element_type=\"widget\" data-widget_type=\"heading.default\">\n\t\t\t\t<div class=\"elementor-widget-container\">\n\t\t\t<h2 class=\"elementor-heading-title elementor-size-default\">Sandrine Hidalgo Vidal<\/h2>\t\t<\/div>\n\t\t\t\t<\/div>\n\t\t\t\t<div class=\"elementor-element elementor-element-1b15b3f elementor-widget elementor-widget-text-editor\" data-id=\"1b15b3f\" data-element_type=\"widget\" data-widget_type=\"text-editor.default\">\n\t\t\t\t<div class=\"elementor-widget-container\">\n\t\t\t\t\t\t\t<p><span style=\"font-weight: 400;\">Ph\u1ee5 tr\u00e1ch s\u1ea3n xu\u1ea5t n\u1ed9i dung gi\u1ea3ng d\u1ea1y v\u00e0 ng\u00f4n ng\u1eef<\/span><\/p>\t\t\t\t\t\t<\/div>\n\t\t\t\t<\/div>\n\t\t\t\t\t<\/div>\n\t\t<\/div>\n\t\t\t\t\t<\/div>\n\t\t<\/section>\n\t\t\t\t<\/div>\n\t\t","protected":false},"excerpt":{"rendered":"<p>Gi\u00e1m \u0111\u1ed1c &#038; Ng\u01b0\u1eddi s\u00e1ng l\u1eadp Jack AMBERG Ng\u01b0\u1eddi s\u00e1ng l\u1eadp, CEO Jacques-Olivier (Jack) AMBERG,K\u1ef9 s\u01b0 m\u00e1y t\u00ednh ENSIMAG 1979,MBA v\u1ec1 T\u00e0i ch\u00ednh Qu\u1ed1c t\u1ebf \u2013 UCLA 1981.Hai m\u01b0\u01a1i n\u0103m kinh nghi\u1ec7m trong gi\u1edbi s\u0103n \u0111\u1ea7u ng\u01b0\u1eddi tr\u00ean kh\u1eafp ch\u00e2u \u00c2u \u0111\u00e3 thuy\u1ebft ph\u1ee5c t\u00f4i v\u1ec1 t\u1ea7m quan tr\u1ecdng c\u1ee7a giao ti\u1ebfp b\u1eb1ng nhi\u1ec1u ng\u00f4n&hellip;&nbsp;<a href=\"https:\/\/www.ludo-vic.com\/vi\/doi\/\" class=\"\" rel=\"bookmark\">Read More &raquo;<span class=\"screen-reader-text\">\u0110\u1ed9i<\/span><\/a><\/p>\n","protected":false},"author":12,"featured_media":0,"parent":0,"menu_order":0,"comment_status":"closed","ping_status":"closed","template":"","meta":{"_monsterinsights_skip_tracking":false,"_monsterinsights_sitenote_active":false,"_monsterinsights_sitenote_note":"","_monsterinsights_sitenote_category":0,"neve_meta_sidebar":"","neve_meta_container":"","neve_meta_enable_content_width":"","neve_meta_content_width":0,"neve_meta_title_alignment":"","neve_meta_author_avatar":"","neve_post_elements_order":"","neve_meta_disable_header":"","neve_meta_disable_footer":"","neve_meta_disable_title":"","footnotes":""},"class_list":["post-34263","page","type-page","status-publish","hentry"],"yoast_head":"<!-- This site is optimized with the Yoast SEO plugin v25.6 - https:\/\/yoast.com\/wordpress\/plugins\/seo\/ -->\n<title>\u0110\u1ed9i - LUDO-VIC<\/title>\n<meta name=\"robots\" content=\"index, follow, max-snippet:-1, max-image-preview:large, max-video-preview:-1\" \/>\n<link rel=\"canonical\" href=\"https:\/\/www.ludo-vic.com\/vi\/doi\/\" \/>\n<meta property=\"og:locale\" content=\"vi_VN\" \/>\n<meta property=\"og:type\" content=\"article\" \/>\n<meta property=\"og:title\" content=\"\u0110\u1ed9i - LUDO-VIC\" \/>\n<meta property=\"og:description\" content=\"Gi\u00e1m \u0111\u1ed1c &#038; Ng\u01b0\u1eddi s\u00e1ng l\u1eadp Jack AMBERG Ng\u01b0\u1eddi s\u00e1ng l\u1eadp, CEO Jacques-Olivier (Jack) AMBERG,K\u1ef9 s\u01b0 m\u00e1y t\u00ednh ENSIMAG 1979,MBA v\u1ec1 T\u00e0i ch\u00ednh Qu\u1ed1c t\u1ebf \u2013 UCLA 1981.Hai m\u01b0\u01a1i n\u0103m kinh nghi\u1ec7m trong gi\u1edbi s\u0103n \u0111\u1ea7u ng\u01b0\u1eddi tr\u00ean kh\u1eafp ch\u00e2u \u00c2u \u0111\u00e3 thuy\u1ebft ph\u1ee5c t\u00f4i v\u1ec1 t\u1ea7m quan tr\u1ecdng c\u1ee7a giao ti\u1ebfp b\u1eb1ng nhi\u1ec1u ng\u00f4n&hellip;&nbsp;Read More &raquo;\u0110\u1ed9i\" \/>\n<meta property=\"og:url\" content=\"https:\/\/www.ludo-vic.com\/vi\/doi\/\" \/>\n<meta property=\"og:site_name\" content=\"LUDO-VIC\" \/>\n<meta property=\"article:modified_time\" content=\"2022-02-25T15:07:20+00:00\" \/>\n<meta property=\"og:image\" content=\"https:\/\/www.ludo-vic.com\/wp-content\/uploads\/2019\/02\/Jack-Amberg-Ludo-Vic.jpg\" \/>\n<meta name=\"twitter:card\" content=\"summary_large_image\" \/>\n<meta name=\"twitter:label1\" content=\"Est. reading time\" \/>\n\t<meta name=\"twitter:data1\" content=\"2 minutes\" \/>\n<script type=\"application\/ld+json\" class=\"yoast-schema-graph\">{\"@context\":\"https:\/\/schema.org\",\"@graph\":[{\"@type\":\"WebPage\",\"@id\":\"https:\/\/www.ludo-vic.com\/vi\/doi\/\",\"url\":\"https:\/\/www.ludo-vic.com\/vi\/doi\/\",\"name\":\"\u0110\u1ed9i - LUDO-VIC\",\"isPartOf\":{\"@id\":\"https:\/\/www.ludo-vic.com\/en\/#website\"},\"primaryImageOfPage\":{\"@id\":\"https:\/\/www.ludo-vic.com\/vi\/doi\/#primaryimage\"},\"image\":{\"@id\":\"https:\/\/www.ludo-vic.com\/vi\/doi\/#primaryimage\"},\"thumbnailUrl\":\"https:\/\/www.ludo-vic.com\/wp-content\/uploads\/2019\/02\/Jack-Amberg-Ludo-Vic.jpg\",\"datePublished\":\"2022-02-25T14:55:50+00:00\",\"dateModified\":\"2022-02-25T15:07:20+00:00\",\"breadcrumb\":{\"@id\":\"https:\/\/www.ludo-vic.com\/vi\/doi\/#breadcrumb\"},\"inLanguage\":\"vi-VN\",\"potentialAction\":[{\"@type\":\"ReadAction\",\"target\":[\"https:\/\/www.ludo-vic.com\/vi\/doi\/\"]}]},{\"@type\":\"ImageObject\",\"inLanguage\":\"vi-VN\",\"@id\":\"https:\/\/www.ludo-vic.com\/vi\/doi\/#primaryimage\",\"url\":\"https:\/\/www.ludo-vic.com\/wp-content\/uploads\/2019\/02\/Jack-Amberg-Ludo-Vic.jpg\",\"contentUrl\":\"https:\/\/www.ludo-vic.com\/wp-content\/uploads\/2019\/02\/Jack-Amberg-Ludo-Vic.jpg\"},{\"@type\":\"BreadcrumbList\",\"@id\":\"https:\/\/www.ludo-vic.com\/vi\/doi\/#breadcrumb\",\"itemListElement\":[{\"@type\":\"ListItem\",\"position\":1,\"name\":\"Accueil\",\"item\":\"https:\/\/www.ludo-vic.com\/vi\/\"},{\"@type\":\"ListItem\",\"position\":2,\"name\":\"\u0110\u1ed9i\"}]},{\"@type\":\"WebSite\",\"@id\":\"https:\/\/www.ludo-vic.com\/en\/#website\",\"url\":\"https:\/\/www.ludo-vic.com\/en\/\",\"name\":\"LUDO-VIC\",\"description\":\"Initier, apprendre &amp; comprendre\",\"publisher\":{\"@id\":\"https:\/\/www.ludo-vic.com\/en\/#organization\"},\"potentialAction\":[{\"@type\":\"SearchAction\",\"target\":{\"@type\":\"EntryPoint\",\"urlTemplate\":\"https:\/\/www.ludo-vic.com\/en\/?s={search_term_string}\"},\"query-input\":{\"@type\":\"PropertyValueSpecification\",\"valueRequired\":true,\"valueName\":\"search_term_string\"}}],\"inLanguage\":\"vi-VN\"},{\"@type\":\"Organization\",\"@id\":\"https:\/\/www.ludo-vic.com\/en\/#organization\",\"name\":\"LUDO-VIC\",\"url\":\"https:\/\/www.ludo-vic.com\/en\/\",\"logo\":{\"@type\":\"ImageObject\",\"inLanguage\":\"vi-VN\",\"@id\":\"https:\/\/www.ludo-vic.com\/en\/#\/schema\/logo\/image\/\",\"url\":\"https:\/\/www.ludo-vic.com\/wp-content\/uploads\/2021\/12\/LogoLudo-Vic-20190613.png\",\"contentUrl\":\"https:\/\/www.ludo-vic.com\/wp-content\/uploads\/2021\/12\/LogoLudo-Vic-20190613.png\",\"width\":614,\"height\":325,\"caption\":\"LUDO-VIC\"},\"image\":{\"@id\":\"https:\/\/www.ludo-vic.com\/en\/#\/schema\/logo\/image\/\"}}]}<\/script>\n<!-- \/ Yoast SEO plugin. -->","yoast_head_json":{"title":"\u0110\u1ed9i - LUDO-VIC","robots":{"index":"index","follow":"follow","max-snippet":"max-snippet:-1","max-image-preview":"max-image-preview:large","max-video-preview":"max-video-preview:-1"},"canonical":"https:\/\/www.ludo-vic.com\/vi\/doi\/","og_locale":"vi_VN","og_type":"article","og_title":"\u0110\u1ed9i - LUDO-VIC","og_description":"Gi\u00e1m \u0111\u1ed1c &#038; Ng\u01b0\u1eddi s\u00e1ng l\u1eadp Jack AMBERG Ng\u01b0\u1eddi s\u00e1ng l\u1eadp, CEO Jacques-Olivier (Jack) AMBERG,K\u1ef9 s\u01b0 m\u00e1y t\u00ednh ENSIMAG 1979,MBA v\u1ec1 T\u00e0i ch\u00ednh Qu\u1ed1c t\u1ebf \u2013 UCLA 1981.Hai m\u01b0\u01a1i n\u0103m kinh nghi\u1ec7m trong gi\u1edbi s\u0103n \u0111\u1ea7u ng\u01b0\u1eddi tr\u00ean kh\u1eafp ch\u00e2u \u00c2u \u0111\u00e3 thuy\u1ebft ph\u1ee5c t\u00f4i v\u1ec1 t\u1ea7m quan tr\u1ecdng c\u1ee7a giao ti\u1ebfp b\u1eb1ng nhi\u1ec1u ng\u00f4n&hellip;&nbsp;Read More &raquo;\u0110\u1ed9i","og_url":"https:\/\/www.ludo-vic.com\/vi\/doi\/","og_site_name":"LUDO-VIC","article_modified_time":"2022-02-25T15:07:20+00:00","og_image":[{"url":"https:\/\/www.ludo-vic.com\/wp-content\/uploads\/2019\/02\/Jack-Amberg-Ludo-Vic.jpg","type":"","width":"","height":""}],"twitter_card":"summary_large_image","twitter_misc":{"Est. reading time":"2 minutes"},"schema":{"@context":"https:\/\/schema.org","@graph":[{"@type":"WebPage","@id":"https:\/\/www.ludo-vic.com\/vi\/doi\/","url":"https:\/\/www.ludo-vic.com\/vi\/doi\/","name":"\u0110\u1ed9i - LUDO-VIC","isPartOf":{"@id":"https:\/\/www.ludo-vic.com\/en\/#website"},"primaryImageOfPage":{"@id":"https:\/\/www.ludo-vic.com\/vi\/doi\/#primaryimage"},"image":{"@id":"https:\/\/www.ludo-vic.com\/vi\/doi\/#primaryimage"},"thumbnailUrl":"https:\/\/www.ludo-vic.com\/wp-content\/uploads\/2019\/02\/Jack-Amberg-Ludo-Vic.jpg","datePublished":"2022-02-25T14:55:50+00:00","dateModified":"2022-02-25T15:07:20+00:00","breadcrumb":{"@id":"https:\/\/www.ludo-vic.com\/vi\/doi\/#breadcrumb"},"inLanguage":"vi-VN","potentialAction":[{"@type":"ReadAction","target":["https:\/\/www.ludo-vic.com\/vi\/doi\/"]}]},{"@type":"ImageObject","inLanguage":"vi-VN","@id":"https:\/\/www.ludo-vic.com\/vi\/doi\/#primaryimage","url":"https:\/\/www.ludo-vic.com\/wp-content\/uploads\/2019\/02\/Jack-Amberg-Ludo-Vic.jpg","contentUrl":"https:\/\/www.ludo-vic.com\/wp-content\/uploads\/2019\/02\/Jack-Amberg-Ludo-Vic.jpg"},{"@type":"BreadcrumbList","@id":"https:\/\/www.ludo-vic.com\/vi\/doi\/#breadcrumb","itemListElement":[{"@type":"ListItem","position":1,"name":"Accueil","item":"https:\/\/www.ludo-vic.com\/vi\/"},{"@type":"ListItem","position":2,"name":"\u0110\u1ed9i"}]},{"@type":"WebSite","@id":"https:\/\/www.ludo-vic.com\/en\/#website","url":"https:\/\/www.ludo-vic.com\/en\/","name":"LUDO-VIC","description":"Initier, apprendre &amp; comprendre","publisher":{"@id":"https:\/\/www.ludo-vic.com\/en\/#organization"},"potentialAction":[{"@type":"SearchAction","target":{"@type":"EntryPoint","urlTemplate":"https:\/\/www.ludo-vic.com\/en\/?s={search_term_string}"},"query-input":{"@type":"PropertyValueSpecification","valueRequired":true,"valueName":"search_term_string"}}],"inLanguage":"vi-VN"},{"@type":"Organization","@id":"https:\/\/www.ludo-vic.com\/en\/#organization","name":"LUDO-VIC","url":"https:\/\/www.ludo-vic.com\/en\/","logo":{"@type":"ImageObject","inLanguage":"vi-VN","@id":"https:\/\/www.ludo-vic.com\/en\/#\/schema\/logo\/image\/","url":"https:\/\/www.ludo-vic.com\/wp-content\/uploads\/2021\/12\/LogoLudo-Vic-20190613.png","contentUrl":"https:\/\/www.ludo-vic.com\/wp-content\/uploads\/2021\/12\/LogoLudo-Vic-20190613.png","width":614,"height":325,"caption":"LUDO-VIC"},"image":{"@id":"https:\/\/www.ludo-vic.com\/en\/#\/schema\/logo\/image\/"}}]}},"_links":{"self":[{"href":"https:\/\/www.ludo-vic.com\/vi\/wp-json\/wp\/v2\/pages\/34263"}],"collection":[{"href":"https:\/\/www.ludo-vic.com\/vi\/wp-json\/wp\/v2\/pages"}],"about":[{"href":"https:\/\/www.ludo-vic.com\/vi\/wp-json\/wp\/v2\/types\/page"}],"author":[{"embeddable":true,"href":"https:\/\/www.ludo-vic.com\/vi\/wp-json\/wp\/v2\/users\/12"}],"replies":[{"embeddable":true,"href":"https:\/\/www.ludo-vic.com\/vi\/wp-json\/wp\/v2\/comments?post=34263"}],"version-history":[{"count":4,"href":"https:\/\/www.ludo-vic.com\/vi\/wp-json\/wp\/v2\/pages\/34263\/revisions"}],"predecessor-version":[{"id":34267,"href":"https:\/\/www.ludo-vic.com\/vi\/wp-json\/wp\/v2\/pages\/34263\/revisions\/34267"}],"wp:attachment":[{"href":"https:\/\/www.ludo-vic.com\/vi\/wp-json\/wp\/v2\/media?parent=34263"}],"curies":[{"name":"wp","href":"https:\/\/api.w.org\/{rel}","templated":true}]}}