{"id":34401,"date":"2022-02-25T17:11:23","date_gmt":"2022-02-25T16:11:23","guid":{"rendered":"https:\/\/www.ludo-vic.com\/dang-ky\/"},"modified":"2022-05-19T13:54:34","modified_gmt":"2022-05-19T11:54:34","slug":"dang-ky","status":"publish","type":"page","link":"https:\/\/www.ludo-vic.com\/vi\/dang-ky\/","title":{"rendered":"\u0110\u0103ng k\u00fd"},"content":{"rendered":"\t\t<div data-elementor-type=\"wp-page\" data-elementor-id=\"34401\" class=\"elementor elementor-34401\" data-elementor-post-type=\"page\">\n\t\t\t\t\t\t<section class=\"elementor-section elementor-top-section elementor-element elementor-element-471555b2 elementor-section-boxed elementor-section-height-default elementor-section-height-default\" data-id=\"471555b2\" data-element_type=\"section\">\n\t\t\t\t\t\t<div class=\"elementor-container elementor-column-gap-default\">\n\t\t\t\t\t<div class=\"elementor-column elementor-col-100 elementor-top-column elementor-element elementor-element-2c1e0e38\" data-id=\"2c1e0e38\" data-element_type=\"column\" data-settings=\"{&quot;background_background&quot;:&quot;classic&quot;}\">\n\t\t\t<div class=\"elementor-widget-wrap elementor-element-populated\">\n\t\t\t\t\t\t<div class=\"elementor-element elementor-element-9fffc08 elementor-widget elementor-widget-heading\" data-id=\"9fffc08\" data-element_type=\"widget\" data-widget_type=\"heading.default\">\n\t\t\t\t<div class=\"elementor-widget-container\">\n\t\t\t<h2 class=\"elementor-heading-title elementor-size-default\">\u0110\u0103ng k\u00fd<\/h2>\t\t<\/div>\n\t\t\t\t<\/div>\n\t\t\t\t<div class=\"elementor-element elementor-element-1c0d29a elementor-widget elementor-widget-spacer\" data-id=\"1c0d29a\" data-element_type=\"widget\" data-widget_type=\"spacer.default\">\n\t\t\t\t<div class=\"elementor-widget-container\">\n\t\t\t\t\t<div class=\"elementor-spacer\">\n\t\t\t<div class=\"elementor-spacer-inner\"><\/div>\n\t\t<\/div>\n\t\t\t\t<\/div>\n\t\t\t\t<\/div>\n\t\t\t\t\t<\/div>\n\t\t<\/div>\n\t\t\t\t\t<\/div>\n\t\t<\/section>\n\t\t\t\t<section class=\"elementor-section elementor-top-section elementor-element elementor-element-9591c1a elementor-section-boxed elementor-section-height-default elementor-section-height-default\" data-id=\"9591c1a\" data-element_type=\"section\">\n\t\t\t\t\t\t<div class=\"elementor-container elementor-column-gap-default\">\n\t\t\t\t\t<div class=\"elementor-column elementor-col-100 elementor-top-column elementor-element elementor-element-91aa9e1\" data-id=\"91aa9e1\" data-element_type=\"column\">\n\t\t\t<div class=\"elementor-widget-wrap elementor-element-populated\">\n\t\t\t\t\t\t<div class=\"elementor-element elementor-element-8fc1fcc elementor-widget elementor-widget-text-editor\" data-id=\"8fc1fcc\" data-element_type=\"widget\" data-widget_type=\"text-editor.default\">\n\t\t\t\t<div class=\"elementor-widget-container\">\n\t\t\t\t\t\t\t<p><span style=\"font-weight: 400;\">B\u1ea1n l\u00e0:<\/span><\/p>\t\t\t\t\t\t<\/div>\n\t\t\t\t<\/div>\n\t\t\t\t\t<\/div>\n\t\t<\/div>\n\t\t\t\t\t<\/div>\n\t\t<\/section>\n\t\t\t\t<section class=\"elementor-section elementor-top-section elementor-element elementor-element-f8ea559 elementor-section-boxed elementor-section-height-default elementor-section-height-default\" data-id=\"f8ea559\" data-element_type=\"section\">\n\t\t\t\t\t\t<div class=\"elementor-container elementor-column-gap-default\">\n\t\t\t\t\t<div class=\"elementor-column elementor-col-50 elementor-top-column elementor-element elementor-element-9f758b8\" data-id=\"9f758b8\" data-element_type=\"column\">\n\t\t\t<div class=\"elementor-widget-wrap elementor-element-populated\">\n\t\t\t\t\t\t<div class=\"elementor-element elementor-element-727ed32 elementor-align-right elementor-mobile-align-center elementor-widget elementor-widget-button\" data-id=\"727ed32\" data-element_type=\"widget\" data-widget_type=\"button.default\">\n\t\t\t\t<div class=\"elementor-widget-container\">\n\t\t\t\t\t<div class=\"elementor-button-wrapper\">\n\t\t\t<a class=\"elementor-button elementor-button-link elementor-size-xl elementor-animation-grow\" href=\"https:\/\/ludo-vic.com\/inscription\/\">\n\t\t\t\t\t\t<span class=\"elementor-button-content-wrapper\">\n\t\t\t\t\t\t<span class=\"elementor-button-text\">C\u00e1 nh\u00e2n<\/span>\n\t\t<\/span>\n\t\t\t\t\t<\/a>\n\t\t<\/div>\n\t\t\t\t<\/div>\n\t\t\t\t<\/div>\n\t\t\t\t\t<\/div>\n\t\t<\/div>\n\t\t\t\t<div class=\"elementor-column elementor-col-50 elementor-top-column elementor-element elementor-element-05a6af4\" data-id=\"05a6af4\" data-element_type=\"column\">\n\t\t\t<div class=\"elementor-widget-wrap elementor-element-populated\">\n\t\t\t\t\t\t<div class=\"elementor-element elementor-element-42ba944 elementor-align-left elementor-mobile-align-center elementor-widget elementor-widget-button\" data-id=\"42ba944\" data-element_type=\"widget\" data-widget_type=\"button.default\">\n\t\t\t\t<div class=\"elementor-widget-container\">\n\t\t\t\t\t<div class=\"elementor-button-wrapper\">\n\t\t\t<a class=\"elementor-button elementor-button-link elementor-size-xl elementor-animation-grow\" href=\"https:\/\/ludo-vic.com\/inscription-pro\/\">\n\t\t\t\t\t\t<span class=\"elementor-button-content-wrapper\">\n\t\t\t\t\t\t<span class=\"elementor-button-text\">T\u1ed5 ch\u1ee9c-doanh nghi\u1ec7p<\/span>\n\t\t<\/span>\n\t\t\t\t\t<\/a>\n\t\t<\/div>\n\t\t\t\t<\/div>\n\t\t\t\t<\/div>\n\t\t\t\t\t<\/div>\n\t\t<\/div>\n\t\t\t\t\t<\/div>\n\t\t<\/section>\n\t\t\t\t<section class=\"elementor-section elementor-top-section elementor-element elementor-element-ba1b1b1 elementor-section-boxed elementor-section-height-default elementor-section-height-default\" data-id=\"ba1b1b1\" data-element_type=\"section\">\n\t\t\t\t\t\t<div class=\"elementor-container elementor-column-gap-default\">\n\t\t\t\t\t<div class=\"elementor-column elementor-col-100 elementor-top-column elementor-element elementor-element-cbab686\" data-id=\"cbab686\" data-element_type=\"column\">\n\t\t\t<div class=\"elementor-widget-wrap elementor-element-populated\">\n\t\t\t\t\t\t<div class=\"elementor-element elementor-element-5fdc785 elementor-widget elementor-widget-text-editor\" data-id=\"5fdc785\" data-element_type=\"widget\" data-widget_type=\"text-editor.default\">\n\t\t\t\t<div class=\"elementor-widget-container\">\n\t\t\t\t\t\t\t<p>B\u1ea1n \u0111\u00e3 c\u00f3 t\u00e0i kho\u1ea3n ch\u01b0a? <a href=\"https:\/\/ludo-vic.com\/login\">\u0110\u0103ng nh\u1eadp<\/a><\/p>\t\t\t\t\t\t<\/div>\n\t\t\t\t<\/div>\n\t\t\t\t<div class=\"elementor-element elementor-element-1287e31 elementor-widget elementor-widget-text-editor\" data-id=\"1287e31\" data-element_type=\"widget\" data-widget_type=\"text-editor.default\">\n\t\t\t\t<div class=\"elementor-widget-container\">\n\t\t\t\t\t\t\t<p><strong><span style=\"color: #00aeea;\">C\u00e1 nh\u00e2n : <\/span><\/strong>Mua <em><strong>m\u1ed9t<\/strong><\/em> kh\u00f3a k\u00edch ho\u1ea1t \u1ee9ng d\u1ee5ng \u0111\u1ec3 h\u1ecdc.<br \/><strong><span style=\"color: #59b790;\">T\u1ed5 ch\u1ee9c-doanh nghi\u1ec7p :\u00a0 <\/span><\/strong>Mua m\u1ed9t s\u1ed1 kh\u00f3a k\u00edch ho\u1ea1t \u1ee9ng d\u1ee5ng cho ph\u00e9p theo d\u00f5i ng\u01b0\u1eddi h\u1ecdc.<\/p>\t\t\t\t\t\t<\/div>\n\t\t\t\t<\/div>\n\t\t\t\t\t<\/div>\n\t\t<\/div>\n\t\t\t\t\t<\/div>\n\t\t<\/section>\n\t\t\t\t<section class=\"elementor-section elementor-top-section elementor-element elementor-element-b95f09f elementor-section-boxed elementor-section-height-default elementor-section-height-default\" data-id=\"b95f09f\" data-element_type=\"section\">\n\t\t\t\t\t\t<div class=\"elementor-container elementor-column-gap-default\">\n\t\t\t\t\t<div class=\"elementor-column elementor-col-100 elementor-top-column elementor-element elementor-element-bdbf364\" data-id=\"bdbf364\" data-element_type=\"column\">\n\t\t\t<div class=\"elementor-widget-wrap\">\n\t\t\t\t\t\t\t<\/div>\n\t\t<\/div>\n\t\t\t\t\t<\/div>\n\t\t<\/section>\n\t\t\t\t<\/div>\n\t\t","protected":false},"excerpt":{"rendered":"<p>\u0110\u0103ng k\u00fd B\u1ea1n l\u00e0: C\u00e1 nh\u00e2n T\u1ed5 ch\u1ee9c-doanh nghi\u1ec7p B\u1ea1n \u0111\u00e3 c\u00f3 t\u00e0i kho\u1ea3n ch\u01b0a? \u0110\u0103ng nh\u1eadp C\u00e1 nh\u00e2n : Mua m\u1ed9t kh\u00f3a k\u00edch ho\u1ea1t \u1ee9ng d\u1ee5ng \u0111\u1ec3 h\u1ecdc.T\u1ed5 ch\u1ee9c-doanh nghi\u1ec7p :\u00a0 Mua m\u1ed9t s\u1ed1 kh\u00f3a k\u00edch ho\u1ea1t \u1ee9ng d\u1ee5ng cho ph\u00e9p theo d\u00f5i ng\u01b0\u1eddi h\u1ecdc.<\/p>\n","protected":false},"author":10,"featured_media":0,"parent":0,"menu_order":0,"comment_status":"closed","ping_status":"closed","template":"","meta":{"_monsterinsights_skip_tracking":false,"_monsterinsights_sitenote_active":false,"_monsterinsights_sitenote_note":"","_monsterinsights_sitenote_category":0,"neve_meta_sidebar":"","neve_meta_container":"","neve_meta_enable_content_width":"","neve_meta_content_width":0,"neve_meta_title_alignment":"","neve_meta_author_avatar":"","neve_post_elements_order":"","neve_meta_disable_header":"","neve_meta_disable_footer":"","neve_meta_disable_title":"","footnotes":""},"class_list":["post-34401","page","type-page","status-publish","hentry"],"yoast_head":"<!-- This site is optimized with the Yoast SEO plugin v25.6 - https:\/\/yoast.com\/wordpress\/plugins\/seo\/ -->\n<title>\u0110\u0103ng k\u00fd - LUDO-VIC<\/title>\n<meta name=\"robots\" content=\"index, follow, max-snippet:-1, max-image-preview:large, max-video-preview:-1\" \/>\n<link rel=\"canonical\" href=\"https:\/\/www.ludo-vic.com\/vi\/dang-ky\/\" \/>\n<meta property=\"og:locale\" content=\"vi_VN\" \/>\n<meta property=\"og:type\" content=\"article\" \/>\n<meta property=\"og:title\" content=\"\u0110\u0103ng k\u00fd - LUDO-VIC\" \/>\n<meta property=\"og:description\" content=\"\u0110\u0103ng k\u00fd B\u1ea1n l\u00e0: C\u00e1 nh\u00e2n T\u1ed5 ch\u1ee9c-doanh nghi\u1ec7p B\u1ea1n \u0111\u00e3 c\u00f3 t\u00e0i kho\u1ea3n ch\u01b0a? \u0110\u0103ng nh\u1eadp C\u00e1 nh\u00e2n : Mua m\u1ed9t kh\u00f3a k\u00edch ho\u1ea1t \u1ee9ng d\u1ee5ng \u0111\u1ec3 h\u1ecdc.T\u1ed5 ch\u1ee9c-doanh nghi\u1ec7p :\u00a0 Mua m\u1ed9t s\u1ed1 kh\u00f3a k\u00edch ho\u1ea1t \u1ee9ng d\u1ee5ng cho ph\u00e9p theo d\u00f5i ng\u01b0\u1eddi h\u1ecdc.\" \/>\n<meta property=\"og:url\" content=\"https:\/\/www.ludo-vic.com\/vi\/dang-ky\/\" \/>\n<meta property=\"og:site_name\" content=\"LUDO-VIC\" \/>\n<meta property=\"article:modified_time\" content=\"2022-05-19T11:54:34+00:00\" \/>\n<meta name=\"twitter:card\" content=\"summary_large_image\" \/>\n<meta name=\"twitter:label1\" content=\"Est. reading time\" \/>\n\t<meta name=\"twitter:data1\" content=\"1 minute\" \/>\n<script type=\"application\/ld+json\" class=\"yoast-schema-graph\">{\"@context\":\"https:\/\/schema.org\",\"@graph\":[{\"@type\":\"WebPage\",\"@id\":\"https:\/\/www.ludo-vic.com\/vi\/dang-ky\/\",\"url\":\"https:\/\/www.ludo-vic.com\/vi\/dang-ky\/\",\"name\":\"\u0110\u0103ng k\u00fd - LUDO-VIC\",\"isPartOf\":{\"@id\":\"https:\/\/www.ludo-vic.com\/en\/#website\"},\"datePublished\":\"2022-02-25T16:11:23+00:00\",\"dateModified\":\"2022-05-19T11:54:34+00:00\",\"breadcrumb\":{\"@id\":\"https:\/\/www.ludo-vic.com\/vi\/dang-ky\/#breadcrumb\"},\"inLanguage\":\"vi-VN\",\"potentialAction\":[{\"@type\":\"ReadAction\",\"target\":[\"https:\/\/www.ludo-vic.com\/vi\/dang-ky\/\"]}]},{\"@type\":\"BreadcrumbList\",\"@id\":\"https:\/\/www.ludo-vic.com\/vi\/dang-ky\/#breadcrumb\",\"itemListElement\":[{\"@type\":\"ListItem\",\"position\":1,\"name\":\"Accueil\",\"item\":\"https:\/\/www.ludo-vic.com\/vi\/\"},{\"@type\":\"ListItem\",\"position\":2,\"name\":\"\u0110\u0103ng k\u00fd\"}]},{\"@type\":\"WebSite\",\"@id\":\"https:\/\/www.ludo-vic.com\/en\/#website\",\"url\":\"https:\/\/www.ludo-vic.com\/en\/\",\"name\":\"LUDO-VIC\",\"description\":\"Initier, apprendre &amp; comprendre\",\"publisher\":{\"@id\":\"https:\/\/www.ludo-vic.com\/en\/#organization\"},\"potentialAction\":[{\"@type\":\"SearchAction\",\"target\":{\"@type\":\"EntryPoint\",\"urlTemplate\":\"https:\/\/www.ludo-vic.com\/en\/?s={search_term_string}\"},\"query-input\":{\"@type\":\"PropertyValueSpecification\",\"valueRequired\":true,\"valueName\":\"search_term_string\"}}],\"inLanguage\":\"vi-VN\"},{\"@type\":\"Organization\",\"@id\":\"https:\/\/www.ludo-vic.com\/en\/#organization\",\"name\":\"LUDO-VIC\",\"url\":\"https:\/\/www.ludo-vic.com\/en\/\",\"logo\":{\"@type\":\"ImageObject\",\"inLanguage\":\"vi-VN\",\"@id\":\"https:\/\/www.ludo-vic.com\/en\/#\/schema\/logo\/image\/\",\"url\":\"https:\/\/www.ludo-vic.com\/wp-content\/uploads\/2021\/12\/LogoLudo-Vic-20190613.png\",\"contentUrl\":\"https:\/\/www.ludo-vic.com\/wp-content\/uploads\/2021\/12\/LogoLudo-Vic-20190613.png\",\"width\":614,\"height\":325,\"caption\":\"LUDO-VIC\"},\"image\":{\"@id\":\"https:\/\/www.ludo-vic.com\/en\/#\/schema\/logo\/image\/\"}}]}<\/script>\n<!-- \/ Yoast SEO plugin. -->","yoast_head_json":{"title":"\u0110\u0103ng k\u00fd - LUDO-VIC","robots":{"index":"index","follow":"follow","max-snippet":"max-snippet:-1","max-image-preview":"max-image-preview:large","max-video-preview":"max-video-preview:-1"},"canonical":"https:\/\/www.ludo-vic.com\/vi\/dang-ky\/","og_locale":"vi_VN","og_type":"article","og_title":"\u0110\u0103ng k\u00fd - LUDO-VIC","og_description":"\u0110\u0103ng k\u00fd B\u1ea1n l\u00e0: C\u00e1 nh\u00e2n T\u1ed5 ch\u1ee9c-doanh nghi\u1ec7p B\u1ea1n \u0111\u00e3 c\u00f3 t\u00e0i kho\u1ea3n ch\u01b0a? \u0110\u0103ng nh\u1eadp C\u00e1 nh\u00e2n : Mua m\u1ed9t kh\u00f3a k\u00edch ho\u1ea1t \u1ee9ng d\u1ee5ng \u0111\u1ec3 h\u1ecdc.T\u1ed5 ch\u1ee9c-doanh nghi\u1ec7p :\u00a0 Mua m\u1ed9t s\u1ed1 kh\u00f3a k\u00edch ho\u1ea1t \u1ee9ng d\u1ee5ng cho ph\u00e9p theo d\u00f5i ng\u01b0\u1eddi h\u1ecdc.","og_url":"https:\/\/www.ludo-vic.com\/vi\/dang-ky\/","og_site_name":"LUDO-VIC","article_modified_time":"2022-05-19T11:54:34+00:00","twitter_card":"summary_large_image","twitter_misc":{"Est. reading time":"1 minute"},"schema":{"@context":"https:\/\/schema.org","@graph":[{"@type":"WebPage","@id":"https:\/\/www.ludo-vic.com\/vi\/dang-ky\/","url":"https:\/\/www.ludo-vic.com\/vi\/dang-ky\/","name":"\u0110\u0103ng k\u00fd - LUDO-VIC","isPartOf":{"@id":"https:\/\/www.ludo-vic.com\/en\/#website"},"datePublished":"2022-02-25T16:11:23+00:00","dateModified":"2022-05-19T11:54:34+00:00","breadcrumb":{"@id":"https:\/\/www.ludo-vic.com\/vi\/dang-ky\/#breadcrumb"},"inLanguage":"vi-VN","potentialAction":[{"@type":"ReadAction","target":["https:\/\/www.ludo-vic.com\/vi\/dang-ky\/"]}]},{"@type":"BreadcrumbList","@id":"https:\/\/www.ludo-vic.com\/vi\/dang-ky\/#breadcrumb","itemListElement":[{"@type":"ListItem","position":1,"name":"Accueil","item":"https:\/\/www.ludo-vic.com\/vi\/"},{"@type":"ListItem","position":2,"name":"\u0110\u0103ng k\u00fd"}]},{"@type":"WebSite","@id":"https:\/\/www.ludo-vic.com\/en\/#website","url":"https:\/\/www.ludo-vic.com\/en\/","name":"LUDO-VIC","description":"Initier, apprendre &amp; comprendre","publisher":{"@id":"https:\/\/www.ludo-vic.com\/en\/#organization"},"potentialAction":[{"@type":"SearchAction","target":{"@type":"EntryPoint","urlTemplate":"https:\/\/www.ludo-vic.com\/en\/?s={search_term_string}"},"query-input":{"@type":"PropertyValueSpecification","valueRequired":true,"valueName":"search_term_string"}}],"inLanguage":"vi-VN"},{"@type":"Organization","@id":"https:\/\/www.ludo-vic.com\/en\/#organization","name":"LUDO-VIC","url":"https:\/\/www.ludo-vic.com\/en\/","logo":{"@type":"ImageObject","inLanguage":"vi-VN","@id":"https:\/\/www.ludo-vic.com\/en\/#\/schema\/logo\/image\/","url":"https:\/\/www.ludo-vic.com\/wp-content\/uploads\/2021\/12\/LogoLudo-Vic-20190613.png","contentUrl":"https:\/\/www.ludo-vic.com\/wp-content\/uploads\/2021\/12\/LogoLudo-Vic-20190613.png","width":614,"height":325,"caption":"LUDO-VIC"},"image":{"@id":"https:\/\/www.ludo-vic.com\/en\/#\/schema\/logo\/image\/"}}]}},"_links":{"self":[{"href":"https:\/\/www.ludo-vic.com\/vi\/wp-json\/wp\/v2\/pages\/34401"}],"collection":[{"href":"https:\/\/www.ludo-vic.com\/vi\/wp-json\/wp\/v2\/pages"}],"about":[{"href":"https:\/\/www.ludo-vic.com\/vi\/wp-json\/wp\/v2\/types\/page"}],"author":[{"embeddable":true,"href":"https:\/\/www.ludo-vic.com\/vi\/wp-json\/wp\/v2\/users\/10"}],"replies":[{"embeddable":true,"href":"https:\/\/www.ludo-vic.com\/vi\/wp-json\/wp\/v2\/comments?post=34401"}],"version-history":[{"count":13,"href":"https:\/\/www.ludo-vic.com\/vi\/wp-json\/wp\/v2\/pages\/34401\/revisions"}],"predecessor-version":[{"id":39617,"href":"https:\/\/www.ludo-vic.com\/vi\/wp-json\/wp\/v2\/pages\/34401\/revisions\/39617"}],"wp:attachment":[{"href":"https:\/\/www.ludo-vic.com\/vi\/wp-json\/wp\/v2\/media?parent=34401"}],"curies":[{"name":"wp","href":"https:\/\/api.w.org\/{rel}","templated":true}]}}